
{"id":11,"date":"2017-07-18T02:07:29","date_gmt":"2017-07-18T08:07:29","guid":{"rendered":"http:\/\/www.prueba.mx\/polisalud_nuevo\/?page_id=11"},"modified":"2026-02-17T00:04:23","modified_gmt":"2026-02-17T06:04:23","slug":"promociones","status":"publish","type":"page","link":"https:\/\/www.productospolisalud.com.mx\/productos-politecnicos\/promociones\/","title":{"rendered":"Promociones"},"content":{"rendered":"<section class=\"wpb-content-wrapper\">[vc_row][vc_column][vc_images_carousel images=&#8221;2472&#8243; img_size=&#8221;full&#8221; onclick=&#8221;custom_link&#8221; autoplay=&#8221;yes&#8221; wrap=&#8221;yes&#8221; css_animation=&#8221;fadeIn&#8221; el_id=&#8221;promos&#8221; custom_links=&#8221;#E-8_aHR0cHMlM0ElMkYlMkZ3d3cucHJvZHVjdG9zcG9saXNhbHVkLmNvbS5teCUyRnByb2R1Y3Rvcy1wb2xpdGVjbmljb3MlMkZ0YXJqZXRhLWRpZ2l0YWwtbnVkb3MtcG9saXNhbHVkLTIlMkY=&#8221;][vc_column_text]<strong>E<\/strong>n <strong><a href=\"https:\/\/www.productospolisalud.com.mx\/tienda-del-poli\/\">POLISALUD <\/a><\/strong>t\u00fa eres muy importante.<\/p>\n<h2><strong>Ven y obt\u00e9n m\u00e1s por tus compras!!!<\/strong><\/h2>\n[\/vc_column_text][\/vc_column][\/vc_row]\n<\/section>","protected":false},"excerpt":{"rendered":"<p>[vc_row][vc_column][vc_images_carousel images=&#8221;2472&#8243; img_size=&#8221;full&#8221; onclick=&#8221;custom_link&#8221; autoplay=&#8221;yes&#8221; wrap=&#8221;yes&#8221; css_animation=&#8221;fadeIn&#8221; el_id=&#8221;promos&#8221; custom_links=&#8221;#E-8_aHR0cHMlM0ElMkYlMkZ3d3cucHJvZHVjdG9zcG9saXNhbHVkLmNvbS5teCUyRnByb2R1Y3Rvcy1wb2xpdGVjbmljb3MlMkZ0YXJqZXRhLWRpZ2l0YWwtbnVkb3MtcG9saXNhbHVkLTIlMkY=&#8221;][vc_column_text]En POLISALUD t\u00fa eres muy importante. Ven y obt\u00e9n m\u00e1s por tus compras!!! [\/vc_column_text][\/vc_column][\/vc_row]<\/p>\n","protected":false},"author":1,"featured_media":0,"parent":0,"menu_order":0,"comment_status":"closed","ping_status":"closed","template":"","meta":[],"yoast_head":"<!-- This site is optimized with the Yoast SEO plugin v21.1 - https:\/\/yoast.com\/wordpress\/plugins\/seo\/ -->\n<title>Promociones - Polisalud es la tienda de origen Polit\u00e9cnico<\/title>\n<meta name=\"robots\" content=\"index, follow, max-snippet:-1, max-image-preview:large, max-video-preview:-1\" \/>\n<link rel=\"canonical\" href=\"https:\/\/www.productospolisalud.com.mx\/productos-politecnicos\/promociones\/\" \/>\n<meta property=\"og:locale\" content=\"es_MX\" \/>\n<meta property=\"og:type\" content=\"article\" \/>\n<meta property=\"og:title\" content=\"Promociones - Polisalud es la tienda de origen Polit\u00e9cnico\" \/>\n<meta property=\"og:description\" content=\"[vc_row][vc_column][vc_images_carousel images=&#8221;2472&#8243; img_size=&#8221;full&#8221; onclick=&#8221;custom_link&#8221; autoplay=&#8221;yes&#8221; wrap=&#8221;yes&#8221; css_animation=&#8221;fadeIn&#8221; el_id=&#8221;promos&#8221; custom_links=&#8221;#E-8_aHR0cHMlM0ElMkYlMkZ3d3cucHJvZHVjdG9zcG9saXNhbHVkLmNvbS5teCUyRnByb2R1Y3Rvcy1wb2xpdGVjbmljb3MlMkZ0YXJqZXRhLWRpZ2l0YWwtbnVkb3MtcG9saXNhbHVkLTIlMkY=&#8221;][vc_column_text]En POLISALUD t\u00fa eres muy importante. Ven y obt\u00e9n m\u00e1s por tus compras!!! [\/vc_column_text][\/vc_column][\/vc_row]\" \/>\n<meta property=\"og:url\" content=\"https:\/\/www.productospolisalud.com.mx\/productos-politecnicos\/promociones\/\" \/>\n<meta property=\"og:site_name\" content=\"Polisalud es la tienda de origen Polit\u00e9cnico\" \/>\n<meta property=\"article:modified_time\" content=\"2026-02-17T06:04:23+00:00\" \/>\n<meta name=\"twitter:card\" content=\"summary_large_image\" \/>\n<meta name=\"twitter:label1\" content=\"Tiempo de lectura\" \/>\n\t<meta name=\"twitter:data1\" content=\"1 minuto\" \/>\n<script type=\"application\/ld+json\" class=\"yoast-schema-graph\">{\"@context\":\"https:\/\/schema.org\",\"@graph\":[{\"@type\":\"WebPage\",\"@id\":\"https:\/\/www.productospolisalud.com.mx\/productos-politecnicos\/promociones\/\",\"url\":\"https:\/\/www.productospolisalud.com.mx\/productos-politecnicos\/promociones\/\",\"name\":\"Promociones - Polisalud es la tienda de origen Polit\u00e9cnico\",\"isPartOf\":{\"@id\":\"https:\/\/www.productospolisalud.com.mx\/productos-politecnicos\/#website\"},\"datePublished\":\"2017-07-18T08:07:29+00:00\",\"dateModified\":\"2026-02-17T06:04:23+00:00\",\"breadcrumb\":{\"@id\":\"https:\/\/www.productospolisalud.com.mx\/productos-politecnicos\/promociones\/#breadcrumb\"},\"inLanguage\":\"es-MX\",\"potentialAction\":[{\"@type\":\"ReadAction\",\"target\":[\"https:\/\/www.productospolisalud.com.mx\/productos-politecnicos\/promociones\/\"]}]},{\"@type\":\"BreadcrumbList\",\"@id\":\"https:\/\/www.productospolisalud.com.mx\/productos-politecnicos\/promociones\/#breadcrumb\",\"itemListElement\":[{\"@type\":\"ListItem\",\"position\":1,\"name\":\"Inicio\",\"item\":\"https:\/\/www.productospolisalud.com.mx\/productos-politecnicos\/\"},{\"@type\":\"ListItem\",\"position\":2,\"name\":\"Promociones\"}]},{\"@type\":\"WebSite\",\"@id\":\"https:\/\/www.productospolisalud.com.mx\/productos-politecnicos\/#website\",\"url\":\"https:\/\/www.productospolisalud.com.mx\/productos-politecnicos\/\",\"name\":\"Polisalud es la tienda de origen Polit\u00e9cnico\",\"description\":\"Polisalud son productos desarrollados por Polit\u00e9cnicos\",\"potentialAction\":[{\"@type\":\"SearchAction\",\"target\":{\"@type\":\"EntryPoint\",\"urlTemplate\":\"https:\/\/www.productospolisalud.com.mx\/productos-politecnicos\/?s={search_term_string}\"},\"query-input\":\"required name=search_term_string\"}],\"inLanguage\":\"es-MX\"}]}<\/script>\n<!-- \/ Yoast SEO plugin. -->","yoast_head_json":{"title":"Promociones - Polisalud es la tienda de origen Polit\u00e9cnico","robots":{"index":"index","follow":"follow","max-snippet":"max-snippet:-1","max-image-preview":"max-image-preview:large","max-video-preview":"max-video-preview:-1"},"canonical":"https:\/\/www.productospolisalud.com.mx\/productos-politecnicos\/promociones\/","og_locale":"es_MX","og_type":"article","og_title":"Promociones - Polisalud es la tienda de origen Polit\u00e9cnico","og_description":"[vc_row][vc_column][vc_images_carousel images=&#8221;2472&#8243; img_size=&#8221;full&#8221; onclick=&#8221;custom_link&#8221; autoplay=&#8221;yes&#8221; wrap=&#8221;yes&#8221; css_animation=&#8221;fadeIn&#8221; el_id=&#8221;promos&#8221; custom_links=&#8221;#E-8_aHR0cHMlM0ElMkYlMkZ3d3cucHJvZHVjdG9zcG9saXNhbHVkLmNvbS5teCUyRnByb2R1Y3Rvcy1wb2xpdGVjbmljb3MlMkZ0YXJqZXRhLWRpZ2l0YWwtbnVkb3MtcG9saXNhbHVkLTIlMkY=&#8221;][vc_column_text]En POLISALUD t\u00fa eres muy importante. Ven y obt\u00e9n m\u00e1s por tus compras!!! [\/vc_column_text][\/vc_column][\/vc_row]","og_url":"https:\/\/www.productospolisalud.com.mx\/productos-politecnicos\/promociones\/","og_site_name":"Polisalud es la tienda de origen Polit\u00e9cnico","article_modified_time":"2026-02-17T06:04:23+00:00","twitter_card":"summary_large_image","twitter_misc":{"Tiempo de lectura":"1 minuto"},"schema":{"@context":"https:\/\/schema.org","@graph":[{"@type":"WebPage","@id":"https:\/\/www.productospolisalud.com.mx\/productos-politecnicos\/promociones\/","url":"https:\/\/www.productospolisalud.com.mx\/productos-politecnicos\/promociones\/","name":"Promociones - Polisalud es la tienda de origen Polit\u00e9cnico","isPartOf":{"@id":"https:\/\/www.productospolisalud.com.mx\/productos-politecnicos\/#website"},"datePublished":"2017-07-18T08:07:29+00:00","dateModified":"2026-02-17T06:04:23+00:00","breadcrumb":{"@id":"https:\/\/www.productospolisalud.com.mx\/productos-politecnicos\/promociones\/#breadcrumb"},"inLanguage":"es-MX","potentialAction":[{"@type":"ReadAction","target":["https:\/\/www.productospolisalud.com.mx\/productos-politecnicos\/promociones\/"]}]},{"@type":"BreadcrumbList","@id":"https:\/\/www.productospolisalud.com.mx\/productos-politecnicos\/promociones\/#breadcrumb","itemListElement":[{"@type":"ListItem","position":1,"name":"Inicio","item":"https:\/\/www.productospolisalud.com.mx\/productos-politecnicos\/"},{"@type":"ListItem","position":2,"name":"Promociones"}]},{"@type":"WebSite","@id":"https:\/\/www.productospolisalud.com.mx\/productos-politecnicos\/#website","url":"https:\/\/www.productospolisalud.com.mx\/productos-politecnicos\/","name":"Polisalud es la tienda de origen Polit\u00e9cnico","description":"Polisalud son productos desarrollados por Polit\u00e9cnicos","potentialAction":[{"@type":"SearchAction","target":{"@type":"EntryPoint","urlTemplate":"https:\/\/www.productospolisalud.com.mx\/productos-politecnicos\/?s={search_term_string}"},"query-input":"required name=search_term_string"}],"inLanguage":"es-MX"}]}},"_links":{"self":[{"href":"https:\/\/www.productospolisalud.com.mx\/productos-politecnicos\/wp-json\/wp\/v2\/pages\/11"}],"collection":[{"href":"https:\/\/www.productospolisalud.com.mx\/productos-politecnicos\/wp-json\/wp\/v2\/pages"}],"about":[{"href":"https:\/\/www.productospolisalud.com.mx\/productos-politecnicos\/wp-json\/wp\/v2\/types\/page"}],"author":[{"embeddable":true,"href":"https:\/\/www.productospolisalud.com.mx\/productos-politecnicos\/wp-json\/wp\/v2\/users\/1"}],"replies":[{"embeddable":true,"href":"https:\/\/www.productospolisalud.com.mx\/productos-politecnicos\/wp-json\/wp\/v2\/comments?post=11"}],"version-history":[{"count":25,"href":"https:\/\/www.productospolisalud.com.mx\/productos-politecnicos\/wp-json\/wp\/v2\/pages\/11\/revisions"}],"predecessor-version":[{"id":2482,"href":"https:\/\/www.productospolisalud.com.mx\/productos-politecnicos\/wp-json\/wp\/v2\/pages\/11\/revisions\/2482"}],"wp:attachment":[{"href":"https:\/\/www.productospolisalud.com.mx\/productos-politecnicos\/wp-json\/wp\/v2\/media?parent=11"}],"curies":[{"name":"wp","href":"https:\/\/api.w.org\/{rel}","templated":true}]}}