{"id":153,"date":"2017-07-31T22:39:35","date_gmt":"2017-08-01T04:39:35","guid":{"rendered":"http:\/\/www.prueba.mx\/polisalud_nuevo\/?page_id=153"},"modified":"2018-05-29T00:12:50","modified_gmt":"2018-05-29T06:12:50","slug":"polisalud-en-tu-empresa","status":"publish","type":"page","link":"https:\/\/www.productospolisalud.com.mx\/productos-politecnicos\/contacto\/polisalud-en-tu-empresa\/","title":{"rendered":"Inv\u00edtanos a tu empresa"},"content":{"rendered":"<section class=\"wpb-content-wrapper\">[vc_row][vc_column][vc_column_text]<img decoding=\"async\" class=\"alignnone \" src=\"http:\/\/www.polisalud.mx\/tienda-del-poli\/wp-content\/uploads\/2017\/07\/invitanos.jpg\" alt=\"\" \/>[\/vc_column_text][\/vc_column][\/vc_row][vc_row][vc_column width=&#8221;1\/3&#8243;][vc_column_text]<span style=\"font-size: 14pt;\">La prevenci\u00f3n salva vidas. Ocuparnos del bienestar de las personas que colaboran en empresas o dependencias p\u00fablicas es nuestra especialidad, por eso te ofrecemos llevar nuestro concepto de prevenci\u00f3n y productos Polisalud directamente a tu lugar de trabajo, escuela o club deportivo.<\/span><\/p>\n[\/vc_column_text][\/vc_column][vc_column width=&#8221;1\/3&#8243;][vc_column_text]<span style=\"font-size: 14pt;\"><strong>\u00a1Que la falta de tiempo no te limite, Polisalud va contigo!.<\/strong><\/span>[\/vc_column_text][\/vc_column][vc_column width=&#8221;1\/3&#8243;][vc_column_text]<span style=\"font-size: 14pt;\">Para mayores informes escr\u00edbenos un correo a: tupolisalud@hotmail.com<\/span>[\/vc_column_text][\/vc_column][\/vc_row]\n<\/section>","protected":false},"excerpt":{"rendered":"<p>[vc_row][vc_column][vc_column_text][\/vc_column_text][\/vc_column][\/vc_row][vc_row][vc_column width=&#8221;1\/3&#8243;][vc_column_text]La prevenci\u00f3n salva vidas. Ocuparnos del bienestar de las personas que colaboran en empresas o dependencias p\u00fablicas es nuestra especialidad, por<\/p>\n","protected":false},"author":1,"featured_media":0,"parent":150,"menu_order":0,"comment_status":"closed","ping_status":"closed","template":"page-templates\/fullwidth.php","meta":[],"yoast_head":"<!-- This site is optimized with the Yoast SEO plugin v21.1 - https:\/\/yoast.com\/wordpress\/plugins\/seo\/ -->\n<title>Inv\u00edtanos a tu empresa - Polisalud es la tienda de origen Polit\u00e9cnico<\/title>\n<meta name=\"robots\" content=\"index, follow, max-snippet:-1, max-image-preview:large, max-video-preview:-1\" \/>\n<link rel=\"canonical\" href=\"https:\/\/www.productospolisalud.com.mx\/productos-politecnicos\/contacto\/polisalud-en-tu-empresa\/\" \/>\n<meta property=\"og:locale\" content=\"es_MX\" \/>\n<meta property=\"og:type\" content=\"article\" \/>\n<meta property=\"og:title\" content=\"Inv\u00edtanos a tu empresa - Polisalud es la tienda de origen Polit\u00e9cnico\" \/>\n<meta property=\"og:description\" content=\"[vc_row][vc_column][vc_column_text][\/vc_column_text][\/vc_column][\/vc_row][vc_row][vc_column width=&#8221;1\/3&#8243;][vc_column_text]La prevenci\u00f3n salva vidas. Ocuparnos del bienestar de las personas que colaboran en empresas o dependencias p\u00fablicas es nuestra especialidad, por\" \/>\n<meta property=\"og:url\" content=\"https:\/\/www.productospolisalud.com.mx\/productos-politecnicos\/contacto\/polisalud-en-tu-empresa\/\" \/>\n<meta property=\"og:site_name\" content=\"Polisalud es la tienda de origen Polit\u00e9cnico\" \/>\n<meta property=\"article:modified_time\" content=\"2018-05-29T06:12:50+00:00\" \/>\n<meta property=\"og:image\" content=\"http:\/\/www.polisalud.mx\/tienda-del-poli\/wp-content\/uploads\/2017\/07\/invitanos.jpg\" \/>\n<meta name=\"twitter:card\" content=\"summary_large_image\" \/>\n<meta name=\"twitter:label1\" content=\"Tiempo de lectura\" \/>\n\t<meta name=\"twitter:data1\" content=\"1 minuto\" \/>\n<script type=\"application\/ld+json\" class=\"yoast-schema-graph\">{\"@context\":\"https:\/\/schema.org\",\"@graph\":[{\"@type\":\"WebPage\",\"@id\":\"https:\/\/www.productospolisalud.com.mx\/productos-politecnicos\/contacto\/polisalud-en-tu-empresa\/\",\"url\":\"https:\/\/www.productospolisalud.com.mx\/productos-politecnicos\/contacto\/polisalud-en-tu-empresa\/\",\"name\":\"Inv\u00edtanos a tu empresa - Polisalud es la tienda de origen Polit\u00e9cnico\",\"isPartOf\":{\"@id\":\"https:\/\/www.productospolisalud.com.mx\/productos-politecnicos\/#website\"},\"datePublished\":\"2017-08-01T04:39:35+00:00\",\"dateModified\":\"2018-05-29T06:12:50+00:00\",\"breadcrumb\":{\"@id\":\"https:\/\/www.productospolisalud.com.mx\/productos-politecnicos\/contacto\/polisalud-en-tu-empresa\/#breadcrumb\"},\"inLanguage\":\"es-MX\",\"potentialAction\":[{\"@type\":\"ReadAction\",\"target\":[\"https:\/\/www.productospolisalud.com.mx\/productos-politecnicos\/contacto\/polisalud-en-tu-empresa\/\"]}]},{\"@type\":\"BreadcrumbList\",\"@id\":\"https:\/\/www.productospolisalud.com.mx\/productos-politecnicos\/contacto\/polisalud-en-tu-empresa\/#breadcrumb\",\"itemListElement\":[{\"@type\":\"ListItem\",\"position\":1,\"name\":\"Inicio\",\"item\":\"https:\/\/www.productospolisalud.com.mx\/productos-politecnicos\/\"},{\"@type\":\"ListItem\",\"position\":2,\"name\":\"Contacto\",\"item\":\"https:\/\/www.productospolisalud.com.mx\/productos-politecnicos\/contacto\/\"},{\"@type\":\"ListItem\",\"position\":3,\"name\":\"Inv\u00edtanos a tu empresa\"}]},{\"@type\":\"WebSite\",\"@id\":\"https:\/\/www.productospolisalud.com.mx\/productos-politecnicos\/#website\",\"url\":\"https:\/\/www.productospolisalud.com.mx\/productos-politecnicos\/\",\"name\":\"Polisalud es la tienda de origen Polit\u00e9cnico\",\"description\":\"Polisalud son productos desarrollados por Polit\u00e9cnicos\",\"potentialAction\":[{\"@type\":\"SearchAction\",\"target\":{\"@type\":\"EntryPoint\",\"urlTemplate\":\"https:\/\/www.productospolisalud.com.mx\/productos-politecnicos\/?s={search_term_string}\"},\"query-input\":\"required name=search_term_string\"}],\"inLanguage\":\"es-MX\"}]}<\/script>\n<!-- \/ Yoast SEO plugin. -->","yoast_head_json":{"title":"Inv\u00edtanos a tu empresa - Polisalud es la tienda de origen Polit\u00e9cnico","robots":{"index":"index","follow":"follow","max-snippet":"max-snippet:-1","max-image-preview":"max-image-preview:large","max-video-preview":"max-video-preview:-1"},"canonical":"https:\/\/www.productospolisalud.com.mx\/productos-politecnicos\/contacto\/polisalud-en-tu-empresa\/","og_locale":"es_MX","og_type":"article","og_title":"Inv\u00edtanos a tu empresa - Polisalud es la tienda de origen Polit\u00e9cnico","og_description":"[vc_row][vc_column][vc_column_text][\/vc_column_text][\/vc_column][\/vc_row][vc_row][vc_column width=&#8221;1\/3&#8243;][vc_column_text]La prevenci\u00f3n salva vidas. Ocuparnos del bienestar de las personas que colaboran en empresas o dependencias p\u00fablicas es nuestra especialidad, por","og_url":"https:\/\/www.productospolisalud.com.mx\/productos-politecnicos\/contacto\/polisalud-en-tu-empresa\/","og_site_name":"Polisalud es la tienda de origen Polit\u00e9cnico","article_modified_time":"2018-05-29T06:12:50+00:00","og_image":[{"url":"http:\/\/www.polisalud.mx\/tienda-del-poli\/wp-content\/uploads\/2017\/07\/invitanos.jpg"}],"twitter_card":"summary_large_image","twitter_misc":{"Tiempo de lectura":"1 minuto"},"schema":{"@context":"https:\/\/schema.org","@graph":[{"@type":"WebPage","@id":"https:\/\/www.productospolisalud.com.mx\/productos-politecnicos\/contacto\/polisalud-en-tu-empresa\/","url":"https:\/\/www.productospolisalud.com.mx\/productos-politecnicos\/contacto\/polisalud-en-tu-empresa\/","name":"Inv\u00edtanos a tu empresa - Polisalud es la tienda de origen Polit\u00e9cnico","isPartOf":{"@id":"https:\/\/www.productospolisalud.com.mx\/productos-politecnicos\/#website"},"datePublished":"2017-08-01T04:39:35+00:00","dateModified":"2018-05-29T06:12:50+00:00","breadcrumb":{"@id":"https:\/\/www.productospolisalud.com.mx\/productos-politecnicos\/contacto\/polisalud-en-tu-empresa\/#breadcrumb"},"inLanguage":"es-MX","potentialAction":[{"@type":"ReadAction","target":["https:\/\/www.productospolisalud.com.mx\/productos-politecnicos\/contacto\/polisalud-en-tu-empresa\/"]}]},{"@type":"BreadcrumbList","@id":"https:\/\/www.productospolisalud.com.mx\/productos-politecnicos\/contacto\/polisalud-en-tu-empresa\/#breadcrumb","itemListElement":[{"@type":"ListItem","position":1,"name":"Inicio","item":"https:\/\/www.productospolisalud.com.mx\/productos-politecnicos\/"},{"@type":"ListItem","position":2,"name":"Contacto","item":"https:\/\/www.productospolisalud.com.mx\/productos-politecnicos\/contacto\/"},{"@type":"ListItem","position":3,"name":"Inv\u00edtanos a tu empresa"}]},{"@type":"WebSite","@id":"https:\/\/www.productospolisalud.com.mx\/productos-politecnicos\/#website","url":"https:\/\/www.productospolisalud.com.mx\/productos-politecnicos\/","name":"Polisalud es la tienda de origen Polit\u00e9cnico","description":"Polisalud son productos desarrollados por Polit\u00e9cnicos","potentialAction":[{"@type":"SearchAction","target":{"@type":"EntryPoint","urlTemplate":"https:\/\/www.productospolisalud.com.mx\/productos-politecnicos\/?s={search_term_string}"},"query-input":"required name=search_term_string"}],"inLanguage":"es-MX"}]}},"_links":{"self":[{"href":"https:\/\/www.productospolisalud.com.mx\/productos-politecnicos\/wp-json\/wp\/v2\/pages\/153"}],"collection":[{"href":"https:\/\/www.productospolisalud.com.mx\/productos-politecnicos\/wp-json\/wp\/v2\/pages"}],"about":[{"href":"https:\/\/www.productospolisalud.com.mx\/productos-politecnicos\/wp-json\/wp\/v2\/types\/page"}],"author":[{"embeddable":true,"href":"https:\/\/www.productospolisalud.com.mx\/productos-politecnicos\/wp-json\/wp\/v2\/users\/1"}],"replies":[{"embeddable":true,"href":"https:\/\/www.productospolisalud.com.mx\/productos-politecnicos\/wp-json\/wp\/v2\/comments?post=153"}],"version-history":[{"count":6,"href":"https:\/\/www.productospolisalud.com.mx\/productos-politecnicos\/wp-json\/wp\/v2\/pages\/153\/revisions"}],"predecessor-version":[{"id":548,"href":"https:\/\/www.productospolisalud.com.mx\/productos-politecnicos\/wp-json\/wp\/v2\/pages\/153\/revisions\/548"}],"up":[{"embeddable":true,"href":"https:\/\/www.productospolisalud.com.mx\/productos-politecnicos\/wp-json\/wp\/v2\/pages\/150"}],"wp:attachment":[{"href":"https:\/\/www.productospolisalud.com.mx\/productos-politecnicos\/wp-json\/wp\/v2\/media?parent=153"}],"curies":[{"name":"wp","href":"https:\/\/api.w.org\/{rel}","templated":true}]}}