
{"id":226,"date":"2018-05-11T00:51:35","date_gmt":"2018-05-11T06:51:35","guid":{"rendered":"http:\/\/www.prueba.mx\/polisalud_nuevo\/?page_id=226"},"modified":"2020-01-14T09:40:40","modified_gmt":"2020-01-14T15:40:40","slug":"sucursal-ciudad-deportiva","status":"publish","type":"page","link":"https:\/\/www.productospolisalud.com.mx\/productos-politecnicos\/contacto\/sucursales\/sucursal-ciudad-deportiva\/","title":{"rendered":"Sucursal Ciudad Deportiva"},"content":{"rendered":"<h1>Sucursal Ciudad Deportiva<\/h1>\n<p><iframe loading=\"lazy\" style=\"border: 0;\" src=\"https:\/\/www.google.com\/maps\/embed?pb=!1m18!1m12!1m3!1d3763.082835205257!2d-99.09218660000002!3d19.4088266!2m3!1f0!2f0!3f0!3m2!1i1024!2i768!4f13.1!3m3!1m2!1s0x85d1fc231d0c3c3f%3A0xe797c640081887f4!2sPolisalud!5e0!3m2!1ses-419!2smx!4v1440717306522\" width=\"960\" height=\"450\" frameborder=\"0\" allowfullscreen=\"allowfullscreen\"><\/iframe><\/p>\n<div class=\"sucursales-info\">\n<div class=\"col1\">\n<h2>Direcci\u00f3n<\/h2>\n<p>Viaducto R\u00edo de la Piedad esq. Calle 41, Col. Ignacio Zaragoza, Del. Venustiano Carranza, M\u00e9xico, D.F.<\/p>\n<\/div>\n<div class=\"col2\">\n<h2>Contacto<\/h2>\n<p><strong>Tel\u00e9fono<\/strong>: 55 2622 &#8211; 9599<br \/>\n<strong>E-Mail: <\/strong>tupolisalud@hotmail.com<br \/>\n<strong>Horarios:<\/strong> Lunes a Viernes 10:00 a.m. a 19:00 hrs.<br \/>\nS\u00e1bado 10:00 a.m. a 17:00 hrs.<\/p>\n<\/div>\n<div class=\"col3\">\n<h2>Indicaciones<\/h2>\n<p>A dos calles del metro Cd. Deportiva (l\u00ednea 9) o frente a puerta 5 de Ciudad Deportiva. Junto al local de uniformes de polic\u00eda.<\/p>\n<\/div>\n<\/div>\n","protected":false},"excerpt":{"rendered":"<p>Sucursal Ciudad Deportiva Direcci\u00f3n Viaducto R\u00edo de la Piedad esq. Calle 41, Col. Ignacio Zaragoza, Del. Venustiano Carranza, M\u00e9xico, D.F. Contacto Tel\u00e9fono:<\/p>\n","protected":false},"author":1,"featured_media":0,"parent":223,"menu_order":0,"comment_status":"closed","ping_status":"closed","template":"","meta":[],"yoast_head":"<!-- This site is optimized with the Yoast SEO plugin v21.1 - https:\/\/yoast.com\/wordpress\/plugins\/seo\/ -->\n<title>Tienda IPN Sucursal Ciudad Deportiva, Son Productos originales del Poli<\/title>\n<meta name=\"robots\" content=\"index, follow, max-snippet:-1, max-image-preview:large, max-video-preview:-1\" \/>\n<link rel=\"canonical\" href=\"https:\/\/www.productospolisalud.com.mx\/productos-politecnicos\/contacto\/sucursales\/sucursal-ciudad-deportiva\/\" \/>\n<meta property=\"og:locale\" content=\"es_MX\" \/>\n<meta property=\"og:type\" content=\"article\" \/>\n<meta property=\"og:title\" content=\"Tienda IPN Sucursal Ciudad Deportiva, Son Productos originales del Poli\" \/>\n<meta property=\"og:description\" content=\"Sucursal Ciudad Deportiva Direcci\u00f3n Viaducto R\u00edo de la Piedad esq. Calle 41, Col. Ignacio Zaragoza, Del. Venustiano Carranza, M\u00e9xico, D.F. Contacto Tel\u00e9fono:\" \/>\n<meta property=\"og:url\" content=\"https:\/\/www.productospolisalud.com.mx\/productos-politecnicos\/contacto\/sucursales\/sucursal-ciudad-deportiva\/\" \/>\n<meta property=\"og:site_name\" content=\"Polisalud es la tienda de origen Polit\u00e9cnico\" \/>\n<meta property=\"article:modified_time\" content=\"2020-01-14T15:40:40+00:00\" \/>\n<meta name=\"twitter:card\" content=\"summary_large_image\" \/>\n<script type=\"application\/ld+json\" class=\"yoast-schema-graph\">{\"@context\":\"https:\/\/schema.org\",\"@graph\":[{\"@type\":\"WebPage\",\"@id\":\"https:\/\/www.productospolisalud.com.mx\/productos-politecnicos\/contacto\/sucursales\/sucursal-ciudad-deportiva\/\",\"url\":\"https:\/\/www.productospolisalud.com.mx\/productos-politecnicos\/contacto\/sucursales\/sucursal-ciudad-deportiva\/\",\"name\":\"Tienda IPN Sucursal Ciudad Deportiva, Son Productos originales del Poli\",\"isPartOf\":{\"@id\":\"https:\/\/www.productospolisalud.com.mx\/productos-politecnicos\/#website\"},\"datePublished\":\"2018-05-11T06:51:35+00:00\",\"dateModified\":\"2020-01-14T15:40:40+00:00\",\"breadcrumb\":{\"@id\":\"https:\/\/www.productospolisalud.com.mx\/productos-politecnicos\/contacto\/sucursales\/sucursal-ciudad-deportiva\/#breadcrumb\"},\"inLanguage\":\"es-MX\",\"potentialAction\":[{\"@type\":\"ReadAction\",\"target\":[\"https:\/\/www.productospolisalud.com.mx\/productos-politecnicos\/contacto\/sucursales\/sucursal-ciudad-deportiva\/\"]}]},{\"@type\":\"BreadcrumbList\",\"@id\":\"https:\/\/www.productospolisalud.com.mx\/productos-politecnicos\/contacto\/sucursales\/sucursal-ciudad-deportiva\/#breadcrumb\",\"itemListElement\":[{\"@type\":\"ListItem\",\"position\":1,\"name\":\"Inicio\",\"item\":\"https:\/\/www.productospolisalud.com.mx\/productos-politecnicos\/\"},{\"@type\":\"ListItem\",\"position\":2,\"name\":\"Contacto\",\"item\":\"https:\/\/www.productospolisalud.com.mx\/productos-politecnicos\/contacto\/\"},{\"@type\":\"ListItem\",\"position\":3,\"name\":\"Sucursales\",\"item\":\"https:\/\/www.productospolisalud.com.mx\/productos-politecnicos\/contacto\/sucursales\/\"},{\"@type\":\"ListItem\",\"position\":4,\"name\":\"Sucursal Ciudad Deportiva\"}]},{\"@type\":\"WebSite\",\"@id\":\"https:\/\/www.productospolisalud.com.mx\/productos-politecnicos\/#website\",\"url\":\"https:\/\/www.productospolisalud.com.mx\/productos-politecnicos\/\",\"name\":\"Polisalud es la tienda de origen Polit\u00e9cnico\",\"description\":\"Polisalud son productos desarrollados por Polit\u00e9cnicos\",\"potentialAction\":[{\"@type\":\"SearchAction\",\"target\":{\"@type\":\"EntryPoint\",\"urlTemplate\":\"https:\/\/www.productospolisalud.com.mx\/productos-politecnicos\/?s={search_term_string}\"},\"query-input\":\"required name=search_term_string\"}],\"inLanguage\":\"es-MX\"}]}<\/script>\n<!-- \/ Yoast SEO plugin. -->","yoast_head_json":{"title":"Tienda IPN Sucursal Ciudad Deportiva, Son Productos originales del Poli","robots":{"index":"index","follow":"follow","max-snippet":"max-snippet:-1","max-image-preview":"max-image-preview:large","max-video-preview":"max-video-preview:-1"},"canonical":"https:\/\/www.productospolisalud.com.mx\/productos-politecnicos\/contacto\/sucursales\/sucursal-ciudad-deportiva\/","og_locale":"es_MX","og_type":"article","og_title":"Tienda IPN Sucursal Ciudad Deportiva, Son Productos originales del Poli","og_description":"Sucursal Ciudad Deportiva Direcci\u00f3n Viaducto R\u00edo de la Piedad esq. Calle 41, Col. Ignacio Zaragoza, Del. Venustiano Carranza, M\u00e9xico, D.F. Contacto Tel\u00e9fono:","og_url":"https:\/\/www.productospolisalud.com.mx\/productos-politecnicos\/contacto\/sucursales\/sucursal-ciudad-deportiva\/","og_site_name":"Polisalud es la tienda de origen Polit\u00e9cnico","article_modified_time":"2020-01-14T15:40:40+00:00","twitter_card":"summary_large_image","schema":{"@context":"https:\/\/schema.org","@graph":[{"@type":"WebPage","@id":"https:\/\/www.productospolisalud.com.mx\/productos-politecnicos\/contacto\/sucursales\/sucursal-ciudad-deportiva\/","url":"https:\/\/www.productospolisalud.com.mx\/productos-politecnicos\/contacto\/sucursales\/sucursal-ciudad-deportiva\/","name":"Tienda IPN Sucursal Ciudad Deportiva, Son Productos originales del Poli","isPartOf":{"@id":"https:\/\/www.productospolisalud.com.mx\/productos-politecnicos\/#website"},"datePublished":"2018-05-11T06:51:35+00:00","dateModified":"2020-01-14T15:40:40+00:00","breadcrumb":{"@id":"https:\/\/www.productospolisalud.com.mx\/productos-politecnicos\/contacto\/sucursales\/sucursal-ciudad-deportiva\/#breadcrumb"},"inLanguage":"es-MX","potentialAction":[{"@type":"ReadAction","target":["https:\/\/www.productospolisalud.com.mx\/productos-politecnicos\/contacto\/sucursales\/sucursal-ciudad-deportiva\/"]}]},{"@type":"BreadcrumbList","@id":"https:\/\/www.productospolisalud.com.mx\/productos-politecnicos\/contacto\/sucursales\/sucursal-ciudad-deportiva\/#breadcrumb","itemListElement":[{"@type":"ListItem","position":1,"name":"Inicio","item":"https:\/\/www.productospolisalud.com.mx\/productos-politecnicos\/"},{"@type":"ListItem","position":2,"name":"Contacto","item":"https:\/\/www.productospolisalud.com.mx\/productos-politecnicos\/contacto\/"},{"@type":"ListItem","position":3,"name":"Sucursales","item":"https:\/\/www.productospolisalud.com.mx\/productos-politecnicos\/contacto\/sucursales\/"},{"@type":"ListItem","position":4,"name":"Sucursal Ciudad Deportiva"}]},{"@type":"WebSite","@id":"https:\/\/www.productospolisalud.com.mx\/productos-politecnicos\/#website","url":"https:\/\/www.productospolisalud.com.mx\/productos-politecnicos\/","name":"Polisalud es la tienda de origen Polit\u00e9cnico","description":"Polisalud son productos desarrollados por Polit\u00e9cnicos","potentialAction":[{"@type":"SearchAction","target":{"@type":"EntryPoint","urlTemplate":"https:\/\/www.productospolisalud.com.mx\/productos-politecnicos\/?s={search_term_string}"},"query-input":"required name=search_term_string"}],"inLanguage":"es-MX"}]}},"_links":{"self":[{"href":"https:\/\/www.productospolisalud.com.mx\/productos-politecnicos\/wp-json\/wp\/v2\/pages\/226"}],"collection":[{"href":"https:\/\/www.productospolisalud.com.mx\/productos-politecnicos\/wp-json\/wp\/v2\/pages"}],"about":[{"href":"https:\/\/www.productospolisalud.com.mx\/productos-politecnicos\/wp-json\/wp\/v2\/types\/page"}],"author":[{"embeddable":true,"href":"https:\/\/www.productospolisalud.com.mx\/productos-politecnicos\/wp-json\/wp\/v2\/users\/1"}],"replies":[{"embeddable":true,"href":"https:\/\/www.productospolisalud.com.mx\/productos-politecnicos\/wp-json\/wp\/v2\/comments?post=226"}],"version-history":[{"count":5,"href":"https:\/\/www.productospolisalud.com.mx\/productos-politecnicos\/wp-json\/wp\/v2\/pages\/226\/revisions"}],"predecessor-version":[{"id":939,"href":"https:\/\/www.productospolisalud.com.mx\/productos-politecnicos\/wp-json\/wp\/v2\/pages\/226\/revisions\/939"}],"up":[{"embeddable":true,"href":"https:\/\/www.productospolisalud.com.mx\/productos-politecnicos\/wp-json\/wp\/v2\/pages\/223"}],"wp:attachment":[{"href":"https:\/\/www.productospolisalud.com.mx\/productos-politecnicos\/wp-json\/wp\/v2\/media?parent=226"}],"curies":[{"name":"wp","href":"https:\/\/api.w.org\/{rel}","templated":true}]}}