
{"id":2463,"date":"2026-02-15T23:01:45","date_gmt":"2026-02-16T05:01:45","guid":{"rendered":"https:\/\/www.productospolisalud.com.mx\/productos-politecnicos\/?page_id=2463"},"modified":"2026-02-17T13:16:28","modified_gmt":"2026-02-17T19:16:28","slug":"tarjeta-digital-nudos-polisalud-2","status":"publish","type":"page","link":"https:\/\/www.productospolisalud.com.mx\/productos-politecnicos\/tarjeta-digital-nudos-polisalud-2\/","title":{"rendered":"Tarjeta Digital Nudos"},"content":{"rendered":"<p><strong>Los nudos no caducan.<\/strong><br \/>\nCon la <strong>Tarjeta Digital Nudos<\/strong> por compra arriba de mil pesos obtienes un nudo.<br \/>\nAl comprar dos mil pesos, registramos dos compras.<br \/>\nSi el cliente compra tres mil pesos, registramos tres compras como m\u00e1ximo de nudos en una sola transacci\u00f3n.<br \/>\nLos nudos no son acumulables con otras promociones o descuentos vigentes.<\/p>\n<p><strong>Sistema de Recomendaci\u00f3n (Nudos de Gratitud)<\/strong><br \/>\nPor recomendar: Ganas 1 Nudo por cada referido que concrete su primera compra ($1,000 m\u00edn.).<br \/>\nPara el invitado: Tu recomendado recibe 1 Nudo de Bienvenida adicional en su primer pedido.<\/p>\n<p><strong>Niveles de Recompensa Polisalud<\/strong><br \/>\n\u2728 Nivel Bronce (12 nudos)<br \/>\n1 frasco de <a href=\"https:\/\/www.productospolisalud.com.mx\/productos-politecnicos\/producto\/clorofila-dcp\/\" rel=\"noopener\" target=\"_blank\">Clorofila Polisalud<\/a> o 1 frasco de <a href=\"https:\/\/www.productospolisalud.com.mx\/productos-politecnicos\/producto\/jengibre-dcp\/\" rel=\"noopener\" target=\"_blank\">Jengibre Polisalud<\/a>.<br \/>\n\ud83c\udf1f Nivel Plata (15 nudos)<br \/>\n1 frasco de 5byd o un Germisol Edici\u00f3n Especial de 10ml.<br \/>\n\ud83c\udfc6 Nivel Oro (20 nudos)<br \/>\n1 frasco de Omega Polisalud Edici\u00f3n Especial (30 caps) o un An\u00e1lisis Bioenerg\u00e9tico de tu Aura. (sesi\u00f3n por zoom, incluye pdf y una breve interpretaci\u00f3n por parte de nuestra terapeuta especializada)<br \/>\nLas Recompensas Pueden cambiar cada tres meses.<\/p>\n<p><strong>Din\u00e1mica de &#8220;Embajadores Polisalud&#8221;<\/strong><br \/>\nLa Din\u00e1mica: Si recomiendas a 3 personas en un mismo mes y cada una realiza una compra m\u00ednima de $1000, te regalamos un An\u00e1lisis de Aura directo (sin necesidad de juntar los 20 nudos. Es una sesi\u00f3n por zoom, incluye pdf y una breve interpretaci\u00f3n por parte de nuestra terapeuta especializada)<\/p>\n<p> \ud83d\udccb <\/p>\n<h2><strong>Preguntas Frecuentes &#8211; Tarjeta Digital Polisalud<\/strong><\/h2>\n<p>1. \u00bfPor qu\u00e9 medio recibo mi tarjeta y c\u00f3mo ingreso?<br \/>\nNuestra tarjeta es 100% digital y ecol\u00f3gica. La recibir\u00e1s directamente en tu WhatsApp desde nuestra l\u00ednea oficial de activaciones: 220 678 9174.<br \/>\nPasos para activar:<br \/>\nDa clic al enlace personalizado que te llegar\u00e1: https:\/\/knots.mx\/<br \/>\nAl entrar, el sistema te pedir\u00e1 crear o cambiar tu contrase\u00f1a en tu perfil para que solo t\u00fa tengas el control de tus nudos y premios. \u00a1Tus datos est\u00e1n protegidos por nuestra pol\u00edtica de confidencialidad!<\/p>\n<p>2.- \u00bfPor qu\u00e9 mi compra de hoy no sum\u00f3 nudos en mi <strong>Tarjeta Digital Nudos<\/strong>?<br \/>\nEn Polisalud nos encanta consentirte. Los nudos se otorgan en compras a precio de lista. Como hoy aprovechaste una promoci\u00f3n especial (o descuento), esa compra no genera nudos adicionales, \u00a1pero te llevaste un ahorro inmediato directo en tu bolsillo!<\/p>\n<p>3. Si compro $4,000 pesos o m\u00e1s \u00bfpor qu\u00e9 solo me dan 3 nudos?<br \/>\nNuestra tarjeta premia la constancia en tu tratamiento. El l\u00edmite de 3 nudos por transacci\u00f3n est\u00e1 dise\u00f1ado para que sigas sumando en tus siguientes pedidos mensuales y siempre tengas un regalo esper\u00e1ndote en tu camino a la salud integral.<\/p>\n<p>4. \u00bfQu\u00e9 pasa si el producto de regalo se agota?<br \/>\n\u00a1No te preocupes! Las recompensas se actualizan cada tres meses. Si un producto no est\u00e1 disponible, te ofreceremos una opci\u00f3n del mismo nivel o incluso superior para que nunca pierdas tu beneficio.<\/p>\n<p>5. \u00bfMis nudos expiran si dejo de comprar un tiempo?<br \/>\n\u00a1Para nada! En Polisalud valoramos tu ritmo. Tus nudos son tuyos y no caducan; ah\u00ed estar\u00e1n esper\u00e1ndote para cuando decidas retomar tu camino de bienestar.<\/p>\n<p>6. Sobre el premio del An\u00e1lisis de Aura (Nivel Oro o Embajador)<br \/>\n\u00bfEn qu\u00e9 consiste lo del An\u00e1lisis de Aura?<br \/>\nEs nuestra recompensa m\u00e1s exclusiva. Es una sesi\u00f3n tecnol\u00f3gica en tiempo real, v\u00eda zoom, donde nuestra terapeuta analiza tus centros de energ\u00eda para ver c\u00f3mo est\u00e1 tu bienestar integral. Es una experiencia de autoconocimiento que te ayudar\u00e1 a entender mejor lo que tu cuerpo necesita. \u00a1Es el regalo favorito de nuestros clientes Oro!<\/p>\n","protected":false},"excerpt":{"rendered":"<p>Los nudos no caducan. Con la Tarjeta Digital Nudos por compra arriba de mil pesos obtienes un nudo. Al comprar dos mil<\/p>\n","protected":false},"author":1,"featured_media":0,"parent":0,"menu_order":0,"comment_status":"closed","ping_status":"closed","template":"","meta":[],"yoast_head":"<!-- This site is optimized with the Yoast SEO plugin v21.1 - https:\/\/yoast.com\/wordpress\/plugins\/seo\/ -->\n<title>Tarjeta Digital Nudos | Polisalud la tienda de origen polit\u00e9cnico<\/title>\n<meta name=\"description\" content=\"Tarjeta Digital Nudos Polisalud, Como acumular nudos, condiciones de uso, vigencias, nuevas promociones y mucho m\u00e1s.\" \/>\n<meta name=\"robots\" content=\"index, follow, max-snippet:-1, max-image-preview:large, max-video-preview:-1\" \/>\n<link rel=\"canonical\" href=\"https:\/\/www.productospolisalud.com.mx\/productos-politecnicos\/tarjeta-digital-nudos-polisalud-2\/\" \/>\n<meta property=\"og:locale\" content=\"es_MX\" \/>\n<meta property=\"og:type\" content=\"article\" \/>\n<meta property=\"og:title\" content=\"Tarjeta Digital Nudos | Polisalud la tienda de origen polit\u00e9cnico\" \/>\n<meta property=\"og:description\" content=\"Tarjeta Digital Nudos Polisalud, Como acumular nudos, condiciones de uso, vigencias, nuevas promociones y mucho m\u00e1s.\" \/>\n<meta property=\"og:url\" content=\"https:\/\/www.productospolisalud.com.mx\/productos-politecnicos\/tarjeta-digital-nudos-polisalud-2\/\" \/>\n<meta property=\"og:site_name\" content=\"Polisalud es la tienda de origen Polit\u00e9cnico\" \/>\n<meta property=\"article:modified_time\" content=\"2026-02-17T19:16:28+00:00\" \/>\n<meta name=\"twitter:card\" content=\"summary_large_image\" \/>\n<meta name=\"twitter:label1\" content=\"Tiempo de lectura\" \/>\n\t<meta name=\"twitter:data1\" content=\"3 minutos\" \/>\n<script type=\"application\/ld+json\" class=\"yoast-schema-graph\">{\"@context\":\"https:\/\/schema.org\",\"@graph\":[{\"@type\":\"WebPage\",\"@id\":\"https:\/\/www.productospolisalud.com.mx\/productos-politecnicos\/tarjeta-digital-nudos-polisalud-2\/\",\"url\":\"https:\/\/www.productospolisalud.com.mx\/productos-politecnicos\/tarjeta-digital-nudos-polisalud-2\/\",\"name\":\"Tarjeta Digital Nudos | Polisalud la tienda de origen polit\u00e9cnico\",\"isPartOf\":{\"@id\":\"https:\/\/www.productospolisalud.com.mx\/productos-politecnicos\/#website\"},\"datePublished\":\"2026-02-16T05:01:45+00:00\",\"dateModified\":\"2026-02-17T19:16:28+00:00\",\"description\":\"Tarjeta Digital Nudos Polisalud, Como acumular nudos, condiciones de uso, vigencias, nuevas promociones y mucho m\u00e1s.\",\"breadcrumb\":{\"@id\":\"https:\/\/www.productospolisalud.com.mx\/productos-politecnicos\/tarjeta-digital-nudos-polisalud-2\/#breadcrumb\"},\"inLanguage\":\"es-MX\",\"potentialAction\":[{\"@type\":\"ReadAction\",\"target\":[\"https:\/\/www.productospolisalud.com.mx\/productos-politecnicos\/tarjeta-digital-nudos-polisalud-2\/\"]}]},{\"@type\":\"BreadcrumbList\",\"@id\":\"https:\/\/www.productospolisalud.com.mx\/productos-politecnicos\/tarjeta-digital-nudos-polisalud-2\/#breadcrumb\",\"itemListElement\":[{\"@type\":\"ListItem\",\"position\":1,\"name\":\"Inicio\",\"item\":\"https:\/\/www.productospolisalud.com.mx\/productos-politecnicos\/\"},{\"@type\":\"ListItem\",\"position\":2,\"name\":\"Tarjeta Digital Nudos\"}]},{\"@type\":\"WebSite\",\"@id\":\"https:\/\/www.productospolisalud.com.mx\/productos-politecnicos\/#website\",\"url\":\"https:\/\/www.productospolisalud.com.mx\/productos-politecnicos\/\",\"name\":\"Polisalud es la tienda de origen Polit\u00e9cnico\",\"description\":\"Polisalud son productos desarrollados por Polit\u00e9cnicos\",\"potentialAction\":[{\"@type\":\"SearchAction\",\"target\":{\"@type\":\"EntryPoint\",\"urlTemplate\":\"https:\/\/www.productospolisalud.com.mx\/productos-politecnicos\/?s={search_term_string}\"},\"query-input\":\"required name=search_term_string\"}],\"inLanguage\":\"es-MX\"}]}<\/script>\n<!-- \/ Yoast SEO plugin. -->","yoast_head_json":{"title":"Tarjeta Digital Nudos | Polisalud la tienda de origen polit\u00e9cnico","description":"Tarjeta Digital Nudos Polisalud, Como acumular nudos, condiciones de uso, vigencias, nuevas promociones y mucho m\u00e1s.","robots":{"index":"index","follow":"follow","max-snippet":"max-snippet:-1","max-image-preview":"max-image-preview:large","max-video-preview":"max-video-preview:-1"},"canonical":"https:\/\/www.productospolisalud.com.mx\/productos-politecnicos\/tarjeta-digital-nudos-polisalud-2\/","og_locale":"es_MX","og_type":"article","og_title":"Tarjeta Digital Nudos | Polisalud la tienda de origen polit\u00e9cnico","og_description":"Tarjeta Digital Nudos Polisalud, Como acumular nudos, condiciones de uso, vigencias, nuevas promociones y mucho m\u00e1s.","og_url":"https:\/\/www.productospolisalud.com.mx\/productos-politecnicos\/tarjeta-digital-nudos-polisalud-2\/","og_site_name":"Polisalud es la tienda de origen Polit\u00e9cnico","article_modified_time":"2026-02-17T19:16:28+00:00","twitter_card":"summary_large_image","twitter_misc":{"Tiempo de lectura":"3 minutos"},"schema":{"@context":"https:\/\/schema.org","@graph":[{"@type":"WebPage","@id":"https:\/\/www.productospolisalud.com.mx\/productos-politecnicos\/tarjeta-digital-nudos-polisalud-2\/","url":"https:\/\/www.productospolisalud.com.mx\/productos-politecnicos\/tarjeta-digital-nudos-polisalud-2\/","name":"Tarjeta Digital Nudos | Polisalud la tienda de origen polit\u00e9cnico","isPartOf":{"@id":"https:\/\/www.productospolisalud.com.mx\/productos-politecnicos\/#website"},"datePublished":"2026-02-16T05:01:45+00:00","dateModified":"2026-02-17T19:16:28+00:00","description":"Tarjeta Digital Nudos Polisalud, Como acumular nudos, condiciones de uso, vigencias, nuevas promociones y mucho m\u00e1s.","breadcrumb":{"@id":"https:\/\/www.productospolisalud.com.mx\/productos-politecnicos\/tarjeta-digital-nudos-polisalud-2\/#breadcrumb"},"inLanguage":"es-MX","potentialAction":[{"@type":"ReadAction","target":["https:\/\/www.productospolisalud.com.mx\/productos-politecnicos\/tarjeta-digital-nudos-polisalud-2\/"]}]},{"@type":"BreadcrumbList","@id":"https:\/\/www.productospolisalud.com.mx\/productos-politecnicos\/tarjeta-digital-nudos-polisalud-2\/#breadcrumb","itemListElement":[{"@type":"ListItem","position":1,"name":"Inicio","item":"https:\/\/www.productospolisalud.com.mx\/productos-politecnicos\/"},{"@type":"ListItem","position":2,"name":"Tarjeta Digital Nudos"}]},{"@type":"WebSite","@id":"https:\/\/www.productospolisalud.com.mx\/productos-politecnicos\/#website","url":"https:\/\/www.productospolisalud.com.mx\/productos-politecnicos\/","name":"Polisalud es la tienda de origen Polit\u00e9cnico","description":"Polisalud son productos desarrollados por Polit\u00e9cnicos","potentialAction":[{"@type":"SearchAction","target":{"@type":"EntryPoint","urlTemplate":"https:\/\/www.productospolisalud.com.mx\/productos-politecnicos\/?s={search_term_string}"},"query-input":"required name=search_term_string"}],"inLanguage":"es-MX"}]}},"_links":{"self":[{"href":"https:\/\/www.productospolisalud.com.mx\/productos-politecnicos\/wp-json\/wp\/v2\/pages\/2463"}],"collection":[{"href":"https:\/\/www.productospolisalud.com.mx\/productos-politecnicos\/wp-json\/wp\/v2\/pages"}],"about":[{"href":"https:\/\/www.productospolisalud.com.mx\/productos-politecnicos\/wp-json\/wp\/v2\/types\/page"}],"author":[{"embeddable":true,"href":"https:\/\/www.productospolisalud.com.mx\/productos-politecnicos\/wp-json\/wp\/v2\/users\/1"}],"replies":[{"embeddable":true,"href":"https:\/\/www.productospolisalud.com.mx\/productos-politecnicos\/wp-json\/wp\/v2\/comments?post=2463"}],"version-history":[{"count":11,"href":"https:\/\/www.productospolisalud.com.mx\/productos-politecnicos\/wp-json\/wp\/v2\/pages\/2463\/revisions"}],"predecessor-version":[{"id":2486,"href":"https:\/\/www.productospolisalud.com.mx\/productos-politecnicos\/wp-json\/wp\/v2\/pages\/2463\/revisions\/2486"}],"wp:attachment":[{"href":"https:\/\/www.productospolisalud.com.mx\/productos-politecnicos\/wp-json\/wp\/v2\/media?parent=2463"}],"curies":[{"name":"wp","href":"https:\/\/api.w.org\/{rel}","templated":true}]}}