{"id":1045,"date":"2020-04-23T15:36:35","date_gmt":"2020-04-23T21:36:35","guid":{"rendered":"https:\/\/www.productospolisalud.com.mx\/tienda-del-poli\/?post_type=product&#038;p=1045"},"modified":"2025-11-27T00:54:35","modified_gmt":"2025-11-27T06:54:35","slug":"supera-tu-ansiedad","status":"publish","type":"product","link":"https:\/\/www.productospolisalud.com.mx\/productos-politecnicos\/producto\/supera-tu-ansiedad\/","title":{"rendered":"Supera tu ansiedad"},"content":{"rendered":"<p>Supera tu ansiedad con Etherplen, Tript\u00f3fano y Magnesio<\/p>\n<p>Encuentra en\u00a0<a href=\"https:\/\/www.productospolisalud.com.mx\/tienda-del-poli\/\">Polisalud<\/a>\u00a0todos los productos de los Investigadores\u00a0 Polit\u00e9cnicos. Si no es Polisalud, no son los originales. \u00bfDeseas m\u00e1s informaci\u00f3n? Llama al 55 2622-9599.<\/p>\n<p>EL CONSUMO DE ESTE PRODUCTO ES RESPONSABILIDAD DE QUIEN LO RECOMIENDA Y DE QUIEN LO USA. ESTE PRODUCTO NO ES\u00a0UN\u00a0MEDICAMENTO.<\/p>\n","protected":false},"excerpt":{"rendered":"<h4><span style=\"color: #35e40c\"><strong>Incluye:<\/strong><\/span> <span style=\"color: #010101\">1 Frascos de Etherplen, 1 Frascos de Triptofano 1 Frascos de Magnesio<\/span><\/h4>\n","protected":false},"featured_media":1436,"comment_status":"closed","ping_status":"closed","template":"","meta":[],"product_cat":[18,195],"product_tag":[217,193,218,216],"yoast_head":"<!-- This site is optimized with the Yoast SEO plugin v21.1 - https:\/\/yoast.com\/wordpress\/plugins\/seo\/ -->\n<title>En estos tiempos dif\u00edciles, supera tu ansiedad con Polisalud<\/title>\n<meta name=\"description\" content=\"En estos tiempos dif\u00edciles, supera tu ansiedad con este paquete dise\u00f1ado por nuestros expertos en salud. Incluye probi\u00f3ticos, tript\u00f3fano y magnesio.\" \/>\n<meta name=\"robots\" content=\"index, follow, max-snippet:-1, max-image-preview:large, max-video-preview:-1\" \/>\n<link rel=\"canonical\" href=\"https:\/\/www.productospolisalud.com.mx\/productos-politecnicos\/producto\/supera-tu-ansiedad\/\" \/>\n<meta property=\"og:locale\" content=\"es_MX\" \/>\n<meta property=\"og:type\" content=\"article\" \/>\n<meta property=\"og:title\" content=\"En estos tiempos dif\u00edciles, supera tu ansiedad con Polisalud\" \/>\n<meta property=\"og:description\" content=\"En estos tiempos dif\u00edciles, supera tu ansiedad con este paquete dise\u00f1ado por nuestros expertos en salud. Incluye probi\u00f3ticos, tript\u00f3fano y magnesio.\" \/>\n<meta property=\"og:url\" content=\"https:\/\/www.productospolisalud.com.mx\/productos-politecnicos\/producto\/supera-tu-ansiedad\/\" \/>\n<meta property=\"og:site_name\" content=\"Polisalud es la tienda de origen Polit\u00e9cnico\" \/>\n<meta property=\"article:modified_time\" content=\"2025-11-27T06:54:35+00:00\" \/>\n<meta property=\"og:image\" content=\"https:\/\/www.productospolisalud.com.mx\/productos-politecnicos\/wp-content\/uploads\/2020\/04\/Supera-tu-ansiedad-abr-2020-1.jpg\" \/>\n\t<meta property=\"og:image:width\" content=\"467\" \/>\n\t<meta property=\"og:image:height\" content=\"467\" \/>\n\t<meta property=\"og:image:type\" content=\"image\/jpeg\" \/>\n<meta name=\"twitter:card\" content=\"summary_large_image\" \/>\n<meta name=\"twitter:label1\" content=\"Tiempo de lectura\" \/>\n\t<meta name=\"twitter:data1\" content=\"1 minuto\" \/>\n<script type=\"application\/ld+json\" class=\"yoast-schema-graph\">{\"@context\":\"https:\/\/schema.org\",\"@graph\":[{\"@type\":\"WebPage\",\"@id\":\"https:\/\/www.productospolisalud.com.mx\/productos-politecnicos\/producto\/supera-tu-ansiedad\/\",\"url\":\"https:\/\/www.productospolisalud.com.mx\/productos-politecnicos\/producto\/supera-tu-ansiedad\/\",\"name\":\"En estos tiempos dif\u00edciles, supera tu ansiedad con Polisalud\",\"isPartOf\":{\"@id\":\"https:\/\/www.productospolisalud.com.mx\/productos-politecnicos\/#website\"},\"datePublished\":\"2020-04-23T21:36:35+00:00\",\"dateModified\":\"2025-11-27T06:54:35+00:00\",\"description\":\"En estos tiempos dif\u00edciles, supera tu ansiedad con este paquete dise\u00f1ado por nuestros expertos en salud. Incluye probi\u00f3ticos, tript\u00f3fano y magnesio.\",\"breadcrumb\":{\"@id\":\"https:\/\/www.productospolisalud.com.mx\/productos-politecnicos\/producto\/supera-tu-ansiedad\/#breadcrumb\"},\"inLanguage\":\"es-MX\",\"potentialAction\":[{\"@type\":\"ReadAction\",\"target\":[\"https:\/\/www.productospolisalud.com.mx\/productos-politecnicos\/producto\/supera-tu-ansiedad\/\"]}]},{\"@type\":\"BreadcrumbList\",\"@id\":\"https:\/\/www.productospolisalud.com.mx\/productos-politecnicos\/producto\/supera-tu-ansiedad\/#breadcrumb\",\"itemListElement\":[{\"@type\":\"ListItem\",\"position\":1,\"name\":\"Inicio\",\"item\":\"https:\/\/www.productospolisalud.com.mx\/productos-politecnicos\/\"},{\"@type\":\"ListItem\",\"position\":2,\"name\":\"Tienda\",\"item\":\"https:\/\/www.productospolisalud.com.mx\/productos-politecnicos\/tienda\/\"},{\"@type\":\"ListItem\",\"position\":3,\"name\":\"Supera tu ansiedad\"}]},{\"@type\":\"WebSite\",\"@id\":\"https:\/\/www.productospolisalud.com.mx\/productos-politecnicos\/#website\",\"url\":\"https:\/\/www.productospolisalud.com.mx\/productos-politecnicos\/\",\"name\":\"Polisalud es la tienda de origen Polit\u00e9cnico\",\"description\":\"Polisalud son productos desarrollados por Polit\u00e9cnicos\",\"potentialAction\":[{\"@type\":\"SearchAction\",\"target\":{\"@type\":\"EntryPoint\",\"urlTemplate\":\"https:\/\/www.productospolisalud.com.mx\/productos-politecnicos\/?s={search_term_string}\"},\"query-input\":\"required name=search_term_string\"}],\"inLanguage\":\"es-MX\"}]}<\/script>\n<!-- \/ Yoast SEO plugin. -->","yoast_head_json":{"title":"En estos tiempos dif\u00edciles, supera tu ansiedad con Polisalud","description":"En estos tiempos dif\u00edciles, supera tu ansiedad con este paquete dise\u00f1ado por nuestros expertos en salud. Incluye probi\u00f3ticos, tript\u00f3fano y magnesio.","robots":{"index":"index","follow":"follow","max-snippet":"max-snippet:-1","max-image-preview":"max-image-preview:large","max-video-preview":"max-video-preview:-1"},"canonical":"https:\/\/www.productospolisalud.com.mx\/productos-politecnicos\/producto\/supera-tu-ansiedad\/","og_locale":"es_MX","og_type":"article","og_title":"En estos tiempos dif\u00edciles, supera tu ansiedad con Polisalud","og_description":"En estos tiempos dif\u00edciles, supera tu ansiedad con este paquete dise\u00f1ado por nuestros expertos en salud. Incluye probi\u00f3ticos, tript\u00f3fano y magnesio.","og_url":"https:\/\/www.productospolisalud.com.mx\/productos-politecnicos\/producto\/supera-tu-ansiedad\/","og_site_name":"Polisalud es la tienda de origen Polit\u00e9cnico","article_modified_time":"2025-11-27T06:54:35+00:00","og_image":[{"width":467,"height":467,"url":"https:\/\/www.productospolisalud.com.mx\/productos-politecnicos\/wp-content\/uploads\/2020\/04\/Supera-tu-ansiedad-abr-2020-1.jpg","type":"image\/jpeg"}],"twitter_card":"summary_large_image","twitter_misc":{"Tiempo de lectura":"1 minuto"},"schema":{"@context":"https:\/\/schema.org","@graph":[{"@type":"WebPage","@id":"https:\/\/www.productospolisalud.com.mx\/productos-politecnicos\/producto\/supera-tu-ansiedad\/","url":"https:\/\/www.productospolisalud.com.mx\/productos-politecnicos\/producto\/supera-tu-ansiedad\/","name":"En estos tiempos dif\u00edciles, supera tu ansiedad con Polisalud","isPartOf":{"@id":"https:\/\/www.productospolisalud.com.mx\/productos-politecnicos\/#website"},"datePublished":"2020-04-23T21:36:35+00:00","dateModified":"2025-11-27T06:54:35+00:00","description":"En estos tiempos dif\u00edciles, supera tu ansiedad con este paquete dise\u00f1ado por nuestros expertos en salud. Incluye probi\u00f3ticos, tript\u00f3fano y magnesio.","breadcrumb":{"@id":"https:\/\/www.productospolisalud.com.mx\/productos-politecnicos\/producto\/supera-tu-ansiedad\/#breadcrumb"},"inLanguage":"es-MX","potentialAction":[{"@type":"ReadAction","target":["https:\/\/www.productospolisalud.com.mx\/productos-politecnicos\/producto\/supera-tu-ansiedad\/"]}]},{"@type":"BreadcrumbList","@id":"https:\/\/www.productospolisalud.com.mx\/productos-politecnicos\/producto\/supera-tu-ansiedad\/#breadcrumb","itemListElement":[{"@type":"ListItem","position":1,"name":"Inicio","item":"https:\/\/www.productospolisalud.com.mx\/productos-politecnicos\/"},{"@type":"ListItem","position":2,"name":"Tienda","item":"https:\/\/www.productospolisalud.com.mx\/productos-politecnicos\/tienda\/"},{"@type":"ListItem","position":3,"name":"Supera tu ansiedad"}]},{"@type":"WebSite","@id":"https:\/\/www.productospolisalud.com.mx\/productos-politecnicos\/#website","url":"https:\/\/www.productospolisalud.com.mx\/productos-politecnicos\/","name":"Polisalud es la tienda de origen Polit\u00e9cnico","description":"Polisalud son productos desarrollados por Polit\u00e9cnicos","potentialAction":[{"@type":"SearchAction","target":{"@type":"EntryPoint","urlTemplate":"https:\/\/www.productospolisalud.com.mx\/productos-politecnicos\/?s={search_term_string}"},"query-input":"required name=search_term_string"}],"inLanguage":"es-MX"}]}},"_links":{"self":[{"href":"https:\/\/www.productospolisalud.com.mx\/productos-politecnicos\/wp-json\/wp\/v2\/product\/1045"}],"collection":[{"href":"https:\/\/www.productospolisalud.com.mx\/productos-politecnicos\/wp-json\/wp\/v2\/product"}],"about":[{"href":"https:\/\/www.productospolisalud.com.mx\/productos-politecnicos\/wp-json\/wp\/v2\/types\/product"}],"replies":[{"embeddable":true,"href":"https:\/\/www.productospolisalud.com.mx\/productos-politecnicos\/wp-json\/wp\/v2\/comments?post=1045"}],"wp:featuredmedia":[{"embeddable":true,"href":"https:\/\/www.productospolisalud.com.mx\/productos-politecnicos\/wp-json\/wp\/v2\/media\/1436"}],"wp:attachment":[{"href":"https:\/\/www.productospolisalud.com.mx\/productos-politecnicos\/wp-json\/wp\/v2\/media?parent=1045"}],"wp:term":[{"taxonomy":"product_cat","embeddable":true,"href":"https:\/\/www.productospolisalud.com.mx\/productos-politecnicos\/wp-json\/wp\/v2\/product_cat?post=1045"},{"taxonomy":"product_tag","embeddable":true,"href":"https:\/\/www.productospolisalud.com.mx\/productos-politecnicos\/wp-json\/wp\/v2\/product_tag?post=1045"}],"curies":[{"name":"wp","href":"https:\/\/api.w.org\/{rel}","templated":true}]}}