{"id":109,"date":"2017-07-26T01:48:19","date_gmt":"2017-07-26T07:48:19","guid":{"rendered":"http:\/\/www.prueba.mx\/polisalud_nuevo\/producto\/import-placeholder-for-20\/"},"modified":"2025-11-27T00:54:23","modified_gmt":"2025-11-27T06:54:23","slug":"bebida-de-control-de-peso-tratamiento","status":"publish","type":"product","link":"https:\/\/www.productospolisalud.com.mx\/productos-politecnicos\/producto\/bebida-de-control-de-peso-tratamiento\/","title":{"rendered":"Bebida de Con L-Carnitina"},"content":{"rendered":"<p>28 Sobres de una deliciosa bebida para preparar con agua. Ll\u00e9valos contigo a todos lados y descubre lo f\u00e1cil que es cuidar tu figura y mejorar tu digesti\u00f3n. Sabores: Mango, Manzana, Ar\u00e1ndano, Fresa, Pi\u00f1a-Coco, Durazno.<\/p>\n<p>Encuentra en\u00a0<a href=\"https:\/\/www.productospolisalud.com.mx\/tienda-del-poli\/\">Polisalud<\/a> todos los productos que para mejorar tu salud y belleza han desarrollado Cient\u00edficos Mexicanos Polit\u00e9cnicos. Si no es Polisalud, no son los originales.<\/p>\n<p>\u00bfDeseas m\u00e1s informaci\u00f3n? \u00a1No lo pienses m\u00e1s! llama al 55 2622-9599.<\/p>\n<p>EL CONSUMO DE ESTE PRODUCTO ES RESPONSABILIDAD DE QUIEN LO RECOMIENDA Y DE QUIEN LO USA. ESTE PRODUCTO NO ES UN MEDICAMENTO.<\/p>\n<p>&nbsp;<\/p>\n","protected":false},"excerpt":{"rendered":"<p><span style=\"color: #35e40c;\"><strong>Presentaci\u00f3n:<\/strong><\/span>\u00a0<span style=\"color: #010101;\">Bebida en Polvo con 28 sobres de diferentes sabores para preparar.<\/span><\/p>\n","protected":false},"featured_media":1292,"comment_status":"open","ping_status":"closed","template":"","meta":[],"product_cat":[18],"product_tag":[279],"yoast_head":"<!-- This site is optimized with the Yoast SEO plugin v21.1 - https:\/\/yoast.com\/wordpress\/plugins\/seo\/ -->\n<title>Bebida de Con L-Carnitina | Tienda de Productos IPN<\/title>\n<meta name=\"description\" content=\"Bebida de Con L-Carnitina son 28 Sobres con diferentes sabores para preparar ricas y saludables bebidas. Ll\u00e9valos contigo a todos lados y descubre su...\" \/>\n<meta name=\"robots\" content=\"index, follow, max-snippet:-1, max-image-preview:large, max-video-preview:-1\" \/>\n<link rel=\"canonical\" href=\"https:\/\/www.productospolisalud.com.mx\/productos-politecnicos\/producto\/bebida-de-control-de-peso-tratamiento\/\" \/>\n<meta property=\"og:locale\" content=\"es_MX\" \/>\n<meta property=\"og:type\" content=\"article\" \/>\n<meta property=\"og:title\" content=\"Bebida de Con L-Carnitina | Tienda de Productos IPN\" \/>\n<meta property=\"og:description\" content=\"Bebida de Con L-Carnitina son 28 Sobres con diferentes sabores para preparar ricas y saludables bebidas. Ll\u00e9valos contigo a todos lados y descubre su...\" \/>\n<meta property=\"og:url\" content=\"https:\/\/www.productospolisalud.com.mx\/productos-politecnicos\/producto\/bebida-de-control-de-peso-tratamiento\/\" \/>\n<meta property=\"og:site_name\" content=\"Polisalud es la tienda de origen Polit\u00e9cnico\" \/>\n<meta property=\"article:modified_time\" content=\"2025-11-27T06:54:23+00:00\" \/>\n<meta property=\"og:image\" content=\"https:\/\/www.productospolisalud.com.mx\/productos-politecnicos\/wp-content\/uploads\/2020\/09\/Bebida-con-L-Carnitina.jpg\" \/>\n\t<meta property=\"og:image:width\" content=\"600\" \/>\n\t<meta property=\"og:image:height\" content=\"400\" \/>\n\t<meta property=\"og:image:type\" content=\"image\/jpeg\" \/>\n<meta name=\"twitter:card\" content=\"summary_large_image\" \/>\n<meta name=\"twitter:label1\" content=\"Tiempo de lectura\" \/>\n\t<meta name=\"twitter:data1\" content=\"1 minuto\" \/>\n<script type=\"application\/ld+json\" class=\"yoast-schema-graph\">{\"@context\":\"https:\/\/schema.org\",\"@graph\":[{\"@type\":\"WebPage\",\"@id\":\"https:\/\/www.productospolisalud.com.mx\/productos-politecnicos\/producto\/bebida-de-control-de-peso-tratamiento\/\",\"url\":\"https:\/\/www.productospolisalud.com.mx\/productos-politecnicos\/producto\/bebida-de-control-de-peso-tratamiento\/\",\"name\":\"Bebida de Con L-Carnitina | Tienda de Productos IPN\",\"isPartOf\":{\"@id\":\"https:\/\/www.productospolisalud.com.mx\/productos-politecnicos\/#website\"},\"datePublished\":\"2017-07-26T07:48:19+00:00\",\"dateModified\":\"2025-11-27T06:54:23+00:00\",\"description\":\"Bebida de Con L-Carnitina son 28 Sobres con diferentes sabores para preparar ricas y saludables bebidas. Ll\u00e9valos contigo a todos lados y descubre su...\",\"breadcrumb\":{\"@id\":\"https:\/\/www.productospolisalud.com.mx\/productos-politecnicos\/producto\/bebida-de-control-de-peso-tratamiento\/#breadcrumb\"},\"inLanguage\":\"es-MX\",\"potentialAction\":[{\"@type\":\"ReadAction\",\"target\":[\"https:\/\/www.productospolisalud.com.mx\/productos-politecnicos\/producto\/bebida-de-control-de-peso-tratamiento\/\"]}]},{\"@type\":\"BreadcrumbList\",\"@id\":\"https:\/\/www.productospolisalud.com.mx\/productos-politecnicos\/producto\/bebida-de-control-de-peso-tratamiento\/#breadcrumb\",\"itemListElement\":[{\"@type\":\"ListItem\",\"position\":1,\"name\":\"Inicio\",\"item\":\"https:\/\/www.productospolisalud.com.mx\/productos-politecnicos\/\"},{\"@type\":\"ListItem\",\"position\":2,\"name\":\"Tienda\",\"item\":\"https:\/\/www.productospolisalud.com.mx\/productos-politecnicos\/tienda\/\"},{\"@type\":\"ListItem\",\"position\":3,\"name\":\"Bebida de Con L-Carnitina\"}]},{\"@type\":\"WebSite\",\"@id\":\"https:\/\/www.productospolisalud.com.mx\/productos-politecnicos\/#website\",\"url\":\"https:\/\/www.productospolisalud.com.mx\/productos-politecnicos\/\",\"name\":\"Polisalud es la tienda de origen Polit\u00e9cnico\",\"description\":\"Polisalud son productos desarrollados por Polit\u00e9cnicos\",\"potentialAction\":[{\"@type\":\"SearchAction\",\"target\":{\"@type\":\"EntryPoint\",\"urlTemplate\":\"https:\/\/www.productospolisalud.com.mx\/productos-politecnicos\/?s={search_term_string}\"},\"query-input\":\"required name=search_term_string\"}],\"inLanguage\":\"es-MX\"}]}<\/script>\n<!-- \/ Yoast SEO plugin. -->","yoast_head_json":{"title":"Bebida de Con L-Carnitina | Tienda de Productos IPN","description":"Bebida de Con L-Carnitina son 28 Sobres con diferentes sabores para preparar ricas y saludables bebidas. Ll\u00e9valos contigo a todos lados y descubre su...","robots":{"index":"index","follow":"follow","max-snippet":"max-snippet:-1","max-image-preview":"max-image-preview:large","max-video-preview":"max-video-preview:-1"},"canonical":"https:\/\/www.productospolisalud.com.mx\/productos-politecnicos\/producto\/bebida-de-control-de-peso-tratamiento\/","og_locale":"es_MX","og_type":"article","og_title":"Bebida de Con L-Carnitina | Tienda de Productos IPN","og_description":"Bebida de Con L-Carnitina son 28 Sobres con diferentes sabores para preparar ricas y saludables bebidas. Ll\u00e9valos contigo a todos lados y descubre su...","og_url":"https:\/\/www.productospolisalud.com.mx\/productos-politecnicos\/producto\/bebida-de-control-de-peso-tratamiento\/","og_site_name":"Polisalud es la tienda de origen Polit\u00e9cnico","article_modified_time":"2025-11-27T06:54:23+00:00","og_image":[{"width":600,"height":400,"url":"https:\/\/www.productospolisalud.com.mx\/productos-politecnicos\/wp-content\/uploads\/2020\/09\/Bebida-con-L-Carnitina.jpg","type":"image\/jpeg"}],"twitter_card":"summary_large_image","twitter_misc":{"Tiempo de lectura":"1 minuto"},"schema":{"@context":"https:\/\/schema.org","@graph":[{"@type":"WebPage","@id":"https:\/\/www.productospolisalud.com.mx\/productos-politecnicos\/producto\/bebida-de-control-de-peso-tratamiento\/","url":"https:\/\/www.productospolisalud.com.mx\/productos-politecnicos\/producto\/bebida-de-control-de-peso-tratamiento\/","name":"Bebida de Con L-Carnitina | Tienda de Productos IPN","isPartOf":{"@id":"https:\/\/www.productospolisalud.com.mx\/productos-politecnicos\/#website"},"datePublished":"2017-07-26T07:48:19+00:00","dateModified":"2025-11-27T06:54:23+00:00","description":"Bebida de Con L-Carnitina son 28 Sobres con diferentes sabores para preparar ricas y saludables bebidas. Ll\u00e9valos contigo a todos lados y descubre su...","breadcrumb":{"@id":"https:\/\/www.productospolisalud.com.mx\/productos-politecnicos\/producto\/bebida-de-control-de-peso-tratamiento\/#breadcrumb"},"inLanguage":"es-MX","potentialAction":[{"@type":"ReadAction","target":["https:\/\/www.productospolisalud.com.mx\/productos-politecnicos\/producto\/bebida-de-control-de-peso-tratamiento\/"]}]},{"@type":"BreadcrumbList","@id":"https:\/\/www.productospolisalud.com.mx\/productos-politecnicos\/producto\/bebida-de-control-de-peso-tratamiento\/#breadcrumb","itemListElement":[{"@type":"ListItem","position":1,"name":"Inicio","item":"https:\/\/www.productospolisalud.com.mx\/productos-politecnicos\/"},{"@type":"ListItem","position":2,"name":"Tienda","item":"https:\/\/www.productospolisalud.com.mx\/productos-politecnicos\/tienda\/"},{"@type":"ListItem","position":3,"name":"Bebida de Con L-Carnitina"}]},{"@type":"WebSite","@id":"https:\/\/www.productospolisalud.com.mx\/productos-politecnicos\/#website","url":"https:\/\/www.productospolisalud.com.mx\/productos-politecnicos\/","name":"Polisalud es la tienda de origen Polit\u00e9cnico","description":"Polisalud son productos desarrollados por Polit\u00e9cnicos","potentialAction":[{"@type":"SearchAction","target":{"@type":"EntryPoint","urlTemplate":"https:\/\/www.productospolisalud.com.mx\/productos-politecnicos\/?s={search_term_string}"},"query-input":"required name=search_term_string"}],"inLanguage":"es-MX"}]}},"_links":{"self":[{"href":"https:\/\/www.productospolisalud.com.mx\/productos-politecnicos\/wp-json\/wp\/v2\/product\/109"}],"collection":[{"href":"https:\/\/www.productospolisalud.com.mx\/productos-politecnicos\/wp-json\/wp\/v2\/product"}],"about":[{"href":"https:\/\/www.productospolisalud.com.mx\/productos-politecnicos\/wp-json\/wp\/v2\/types\/product"}],"replies":[{"embeddable":true,"href":"https:\/\/www.productospolisalud.com.mx\/productos-politecnicos\/wp-json\/wp\/v2\/comments?post=109"}],"wp:featuredmedia":[{"embeddable":true,"href":"https:\/\/www.productospolisalud.com.mx\/productos-politecnicos\/wp-json\/wp\/v2\/media\/1292"}],"wp:attachment":[{"href":"https:\/\/www.productospolisalud.com.mx\/productos-politecnicos\/wp-json\/wp\/v2\/media?parent=109"}],"wp:term":[{"taxonomy":"product_cat","embeddable":true,"href":"https:\/\/www.productospolisalud.com.mx\/productos-politecnicos\/wp-json\/wp\/v2\/product_cat?post=109"},{"taxonomy":"product_tag","embeddable":true,"href":"https:\/\/www.productospolisalud.com.mx\/productos-politecnicos\/wp-json\/wp\/v2\/product_tag?post=109"}],"curies":[{"name":"wp","href":"https:\/\/api.w.org\/{rel}","templated":true}]}}