
{"id":114,"date":"2017-07-25T01:48:21","date_gmt":"2017-07-25T07:48:21","guid":{"rendered":"http:\/\/www.prueba.mx\/polisalud_nuevo\/producto\/import-placeholder-for-92\/"},"modified":"2025-11-27T00:54:23","modified_gmt":"2025-11-27T06:54:23","slug":"gelatina-ipn","status":"publish","type":"product","link":"https:\/\/www.productospolisalud.com.mx\/productos-politecnicos\/producto\/gelatina-ipn\/","title":{"rendered":"Gelatina para bajar de peso"},"content":{"rendered":"<p>Nuestra <strong>Gelatina para bajar de peso<\/strong> es un riqu\u00edsimo postre que ha causado gran inter\u00e9s por parte de los consumidores al tener una agradable presentaci\u00f3n a la vista y el gusto. S\u00ed, esta es la famosa gelatina desarrollada hace m\u00e1s de una d\u00e9cada por egresados Polit\u00e9cnicos para cuidar t\u00fa figura. No te quedes con las ganas, prep\u00e1rala en casa y \u00a1pru\u00e9bala!<\/p>\n<p>Sabores: Durazno, Fresa, Mango, Lim\u00f3n y Pi\u00f1a<\/p>\n<p><strong>Ingredientes:<\/strong> Fructuosa, Grenetina, Goma Guar, Fibra de Ch\u00edcharo (pisium sativum), Carnitina, Sabor artificial, Extracto de T\u00e9 Verde (Camellia sinensis), Acido c\u00edtrico, Color artificial.<\/p>\n<p><a href=\"https:\/\/www.productospolisalud.com.mx\/tienda-del-poli\/\">Polisalud<\/a> es la tienda original de todos los productos que para mejorar tu salud y belleza desarrollados por grandes Cient\u00edficos Mexicanos Polit\u00e9cnicos. Recuerda, si no es Polisalud, no son los productos originales. \u00bfDeseas m\u00e1s informaci\u00f3n? Llama al 55 2622-9599.<\/p>\n<p>EL CONSUMO DE ESTE PRODUCTO ES RESPONSABILIDAD DE QUIEN LO RECOMIENDA Y DE QUIEN LO USA. ESTE PRODUCTO NO ES\u00a0UN\u00a0MEDICAMENTO.<\/p>\n<p><!-- Event snippet for Gelatina Polisalud conversion page In your html page, add the snippet and call gtag_report_conversion when someone clicks on the chosen link or button. --> <script> function gtag_report_conversion(url) { var callback = function () { if (typeof(url) != 'undefined') { window.location = url; } }; gtag('event', 'conversion', { 'send_to': 'AW-904699512\/uBIXCP6I410Q-LyyrwM', 'event_callback': callback }); return false; } <\/script><\/p>\n","protected":false},"excerpt":{"rendered":"<p><strong>Tratamiento para un mes<\/strong><\/p>\n","protected":false},"featured_media":1297,"comment_status":"open","ping_status":"closed","template":"","meta":[],"product_cat":[18],"product_tag":[205,387,204],"yoast_head":"<!-- This site is optimized with the Yoast SEO plugin v21.1 - https:\/\/yoast.com\/wordpress\/plugins\/seo\/ -->\n<title>Tenemos a la venta la famosa Gelatina para bajar de peso<\/title>\n<meta name=\"description\" content=\"Gelatina para bajar de peso, es desarrollada por cient\u00edficos polit\u00e9cnicos. Es el postre saludable como colaci\u00f3n. La tenemos en 5 delicios sabores.\" \/>\n<meta name=\"robots\" content=\"index, follow, max-snippet:-1, max-image-preview:large, max-video-preview:-1\" \/>\n<link rel=\"canonical\" href=\"https:\/\/www.productospolisalud.com.mx\/productos-politecnicos\/producto\/gelatina-ipn\/\" \/>\n<meta property=\"og:locale\" content=\"es_MX\" \/>\n<meta property=\"og:type\" content=\"article\" \/>\n<meta property=\"og:title\" content=\"Tenemos a la venta la famosa Gelatina para bajar de peso\" \/>\n<meta property=\"og:description\" content=\"Gelatina para bajar de peso, es desarrollada por cient\u00edficos polit\u00e9cnicos. Es el postre saludable como colaci\u00f3n. La tenemos en 5 delicios sabores.\" \/>\n<meta property=\"og:url\" content=\"https:\/\/www.productospolisalud.com.mx\/productos-politecnicos\/producto\/gelatina-ipn\/\" \/>\n<meta property=\"og:site_name\" content=\"Polisalud es la tienda de origen Polit\u00e9cnico\" \/>\n<meta property=\"article:modified_time\" content=\"2025-11-27T06:54:23+00:00\" \/>\n<meta property=\"og:image\" content=\"https:\/\/www.productospolisalud.com.mx\/productos-politecnicos\/wp-content\/uploads\/2020\/09\/Gelatina-IPN.jpg\" \/>\n\t<meta property=\"og:image:width\" content=\"600\" \/>\n\t<meta property=\"og:image:height\" content=\"400\" \/>\n\t<meta property=\"og:image:type\" content=\"image\/jpeg\" \/>\n<meta name=\"twitter:card\" content=\"summary_large_image\" \/>\n<meta name=\"twitter:label1\" content=\"Tiempo de lectura\" \/>\n\t<meta name=\"twitter:data1\" content=\"1 minuto\" \/>\n<script type=\"application\/ld+json\" class=\"yoast-schema-graph\">{\"@context\":\"https:\/\/schema.org\",\"@graph\":[{\"@type\":\"WebPage\",\"@id\":\"https:\/\/www.productospolisalud.com.mx\/productos-politecnicos\/producto\/gelatina-ipn\/\",\"url\":\"https:\/\/www.productospolisalud.com.mx\/productos-politecnicos\/producto\/gelatina-ipn\/\",\"name\":\"Tenemos a la venta la famosa Gelatina para bajar de peso\",\"isPartOf\":{\"@id\":\"https:\/\/www.productospolisalud.com.mx\/productos-politecnicos\/#website\"},\"datePublished\":\"2017-07-25T07:48:21+00:00\",\"dateModified\":\"2025-11-27T06:54:23+00:00\",\"description\":\"Gelatina para bajar de peso, es desarrollada por cient\u00edficos polit\u00e9cnicos. Es el postre saludable como colaci\u00f3n. La tenemos en 5 delicios sabores.\",\"breadcrumb\":{\"@id\":\"https:\/\/www.productospolisalud.com.mx\/productos-politecnicos\/producto\/gelatina-ipn\/#breadcrumb\"},\"inLanguage\":\"es-MX\",\"potentialAction\":[{\"@type\":\"ReadAction\",\"target\":[\"https:\/\/www.productospolisalud.com.mx\/productos-politecnicos\/producto\/gelatina-ipn\/\"]}]},{\"@type\":\"BreadcrumbList\",\"@id\":\"https:\/\/www.productospolisalud.com.mx\/productos-politecnicos\/producto\/gelatina-ipn\/#breadcrumb\",\"itemListElement\":[{\"@type\":\"ListItem\",\"position\":1,\"name\":\"Inicio\",\"item\":\"https:\/\/www.productospolisalud.com.mx\/productos-politecnicos\/\"},{\"@type\":\"ListItem\",\"position\":2,\"name\":\"Tienda\",\"item\":\"https:\/\/www.productospolisalud.com.mx\/productos-politecnicos\/tienda\/\"},{\"@type\":\"ListItem\",\"position\":3,\"name\":\"Gelatina para bajar de peso\"}]},{\"@type\":\"WebSite\",\"@id\":\"https:\/\/www.productospolisalud.com.mx\/productos-politecnicos\/#website\",\"url\":\"https:\/\/www.productospolisalud.com.mx\/productos-politecnicos\/\",\"name\":\"Polisalud es la tienda de origen Polit\u00e9cnico\",\"description\":\"Polisalud son productos desarrollados por Polit\u00e9cnicos\",\"potentialAction\":[{\"@type\":\"SearchAction\",\"target\":{\"@type\":\"EntryPoint\",\"urlTemplate\":\"https:\/\/www.productospolisalud.com.mx\/productos-politecnicos\/?s={search_term_string}\"},\"query-input\":\"required name=search_term_string\"}],\"inLanguage\":\"es-MX\"}]}<\/script>\n<!-- \/ Yoast SEO plugin. -->","yoast_head_json":{"title":"Tenemos a la venta la famosa Gelatina para bajar de peso","description":"Gelatina para bajar de peso, es desarrollada por cient\u00edficos polit\u00e9cnicos. Es el postre saludable como colaci\u00f3n. La tenemos en 5 delicios sabores.","robots":{"index":"index","follow":"follow","max-snippet":"max-snippet:-1","max-image-preview":"max-image-preview:large","max-video-preview":"max-video-preview:-1"},"canonical":"https:\/\/www.productospolisalud.com.mx\/productos-politecnicos\/producto\/gelatina-ipn\/","og_locale":"es_MX","og_type":"article","og_title":"Tenemos a la venta la famosa Gelatina para bajar de peso","og_description":"Gelatina para bajar de peso, es desarrollada por cient\u00edficos polit\u00e9cnicos. Es el postre saludable como colaci\u00f3n. La tenemos en 5 delicios sabores.","og_url":"https:\/\/www.productospolisalud.com.mx\/productos-politecnicos\/producto\/gelatina-ipn\/","og_site_name":"Polisalud es la tienda de origen Polit\u00e9cnico","article_modified_time":"2025-11-27T06:54:23+00:00","og_image":[{"width":600,"height":400,"url":"https:\/\/www.productospolisalud.com.mx\/productos-politecnicos\/wp-content\/uploads\/2020\/09\/Gelatina-IPN.jpg","type":"image\/jpeg"}],"twitter_card":"summary_large_image","twitter_misc":{"Tiempo de lectura":"1 minuto"},"schema":{"@context":"https:\/\/schema.org","@graph":[{"@type":"WebPage","@id":"https:\/\/www.productospolisalud.com.mx\/productos-politecnicos\/producto\/gelatina-ipn\/","url":"https:\/\/www.productospolisalud.com.mx\/productos-politecnicos\/producto\/gelatina-ipn\/","name":"Tenemos a la venta la famosa Gelatina para bajar de peso","isPartOf":{"@id":"https:\/\/www.productospolisalud.com.mx\/productos-politecnicos\/#website"},"datePublished":"2017-07-25T07:48:21+00:00","dateModified":"2025-11-27T06:54:23+00:00","description":"Gelatina para bajar de peso, es desarrollada por cient\u00edficos polit\u00e9cnicos. Es el postre saludable como colaci\u00f3n. La tenemos en 5 delicios sabores.","breadcrumb":{"@id":"https:\/\/www.productospolisalud.com.mx\/productos-politecnicos\/producto\/gelatina-ipn\/#breadcrumb"},"inLanguage":"es-MX","potentialAction":[{"@type":"ReadAction","target":["https:\/\/www.productospolisalud.com.mx\/productos-politecnicos\/producto\/gelatina-ipn\/"]}]},{"@type":"BreadcrumbList","@id":"https:\/\/www.productospolisalud.com.mx\/productos-politecnicos\/producto\/gelatina-ipn\/#breadcrumb","itemListElement":[{"@type":"ListItem","position":1,"name":"Inicio","item":"https:\/\/www.productospolisalud.com.mx\/productos-politecnicos\/"},{"@type":"ListItem","position":2,"name":"Tienda","item":"https:\/\/www.productospolisalud.com.mx\/productos-politecnicos\/tienda\/"},{"@type":"ListItem","position":3,"name":"Gelatina para bajar de peso"}]},{"@type":"WebSite","@id":"https:\/\/www.productospolisalud.com.mx\/productos-politecnicos\/#website","url":"https:\/\/www.productospolisalud.com.mx\/productos-politecnicos\/","name":"Polisalud es la tienda de origen Polit\u00e9cnico","description":"Polisalud son productos desarrollados por Polit\u00e9cnicos","potentialAction":[{"@type":"SearchAction","target":{"@type":"EntryPoint","urlTemplate":"https:\/\/www.productospolisalud.com.mx\/productos-politecnicos\/?s={search_term_string}"},"query-input":"required name=search_term_string"}],"inLanguage":"es-MX"}]}},"_links":{"self":[{"href":"https:\/\/www.productospolisalud.com.mx\/productos-politecnicos\/wp-json\/wp\/v2\/product\/114"}],"collection":[{"href":"https:\/\/www.productospolisalud.com.mx\/productos-politecnicos\/wp-json\/wp\/v2\/product"}],"about":[{"href":"https:\/\/www.productospolisalud.com.mx\/productos-politecnicos\/wp-json\/wp\/v2\/types\/product"}],"replies":[{"embeddable":true,"href":"https:\/\/www.productospolisalud.com.mx\/productos-politecnicos\/wp-json\/wp\/v2\/comments?post=114"}],"wp:featuredmedia":[{"embeddable":true,"href":"https:\/\/www.productospolisalud.com.mx\/productos-politecnicos\/wp-json\/wp\/v2\/media\/1297"}],"wp:attachment":[{"href":"https:\/\/www.productospolisalud.com.mx\/productos-politecnicos\/wp-json\/wp\/v2\/media?parent=114"}],"wp:term":[{"taxonomy":"product_cat","embeddable":true,"href":"https:\/\/www.productospolisalud.com.mx\/productos-politecnicos\/wp-json\/wp\/v2\/product_cat?post=114"},{"taxonomy":"product_tag","embeddable":true,"href":"https:\/\/www.productospolisalud.com.mx\/productos-politecnicos\/wp-json\/wp\/v2\/product_tag?post=114"}],"curies":[{"name":"wp","href":"https:\/\/api.w.org\/{rel}","templated":true}]}}