
{"id":134,"date":"2017-07-25T01:48:31","date_gmt":"2017-07-25T07:48:31","guid":{"rendered":"http:\/\/www.prueba.mx\/polisalud_nuevo\/producto\/import-placeholder-for-93\/"},"modified":"2025-11-27T01:05:04","modified_gmt":"2025-11-27T07:05:04","slug":"promocion-especial-inulina-de-agave","status":"publish","type":"product","link":"https:\/\/www.productospolisalud.com.mx\/productos-politecnicos\/producto\/promocion-especial-inulina-de-agave\/","title":{"rendered":"Paquete  inulina de agave"},"content":{"rendered":"<p>Suplemento Alimenticio. La Fibra de Soluble Agave Azul (fructanos de agave) mejor conocida como Inulina de Agave, es un ingrediente alimenticio de grandes beneficios para la salud y gracias a los avances en la tecnolog\u00eda puede extraerse de la pi\u00f1a del agave Tequilana Weber variedad azul. Tiene un alto contenido de fibra diet\u00e9tica saludable que aporta un efecto prebi\u00f3tico. Se presenta como un polvo fino con un ligero sabor dulce y color blanco a ligeramente beige.<\/p>\n<p><strong>Ingredientes:<\/strong>\u00a0Savia de coraz\u00f3n de Agave, Fibra de Agave Azul.<\/p>\n<p>Encuentra en <a href=\"https:\/\/www.productospolisalud.com.mx\/tienda-del-poli\/\">Polisalud<\/a> todos los productos para mejorar tu salud y belleza, estos productos son desarrollados por Cient\u00edficos Mexicanos Polit\u00e9cnicos.<\/p>\n<p>\u00bfDeseas m\u00e1s informaci\u00f3n? Llama al 55 2622-9599.<\/p>\n<p>EL CONSUMO DE ESTE PRODUCTO ES RESPONSABILIDAD DE QUIEN LO RECOMIENDA Y DE QUIEN LO USA. ESTE PRODUCTO NO ES\u00a0UN\u00a0MEDICAMENTO.<\/p>\n","protected":false},"excerpt":{"rendered":"<h4><span style=\"color: #35e40c;\"><strong>Promoci\u00f3n:<\/strong><\/span>\u00a0<span style=\"color: #010101;\">3 Frascos con 370 gramos cada uno.<\/span><\/h4>\n<p>&nbsp;<\/p>\n","protected":false},"featured_media":1591,"comment_status":"open","ping_status":"closed","template":"","meta":[],"product_cat":[195,19],"product_tag":[],"yoast_head":"<!-- This site is optimized with the Yoast SEO plugin v21.1 - https:\/\/yoast.com\/wordpress\/plugins\/seo\/ -->\n<title>Aprovecha nuetra promoci\u00f3n y llevate nuestro paquete Inulina de Agave.<\/title>\n<meta name=\"description\" content=\"Aprovecha y llevate nuestro paquete Inulina de Agave, es un producto que gracias a sus ingredientes de origen natural brinda varios beneficios para la salud\" \/>\n<meta name=\"robots\" content=\"index, follow, max-snippet:-1, max-image-preview:large, max-video-preview:-1\" \/>\n<link rel=\"canonical\" href=\"https:\/\/www.productospolisalud.com.mx\/productos-politecnicos\/producto\/promocion-especial-inulina-de-agave\/\" \/>\n<meta property=\"og:locale\" content=\"es_MX\" \/>\n<meta property=\"og:type\" content=\"article\" \/>\n<meta property=\"og:title\" content=\"Aprovecha nuetra promoci\u00f3n y llevate nuestro paquete Inulina de Agave.\" \/>\n<meta property=\"og:description\" content=\"Aprovecha y llevate nuestro paquete Inulina de Agave, es un producto que gracias a sus ingredientes de origen natural brinda varios beneficios para la salud\" \/>\n<meta property=\"og:url\" content=\"https:\/\/www.productospolisalud.com.mx\/productos-politecnicos\/producto\/promocion-especial-inulina-de-agave\/\" \/>\n<meta property=\"og:site_name\" content=\"Polisalud es la tienda de origen Polit\u00e9cnico\" \/>\n<meta property=\"article:modified_time\" content=\"2025-11-27T07:05:04+00:00\" \/>\n<meta property=\"og:image\" content=\"https:\/\/www.productospolisalud.com.mx\/productos-politecnicos\/wp-content\/uploads\/2017\/07\/Inulina-3.jpg\" \/>\n\t<meta property=\"og:image:width\" content=\"450\" \/>\n\t<meta property=\"og:image:height\" content=\"450\" \/>\n\t<meta property=\"og:image:type\" content=\"image\/jpeg\" \/>\n<meta name=\"twitter:card\" content=\"summary_large_image\" \/>\n<meta name=\"twitter:label1\" content=\"Tiempo de lectura\" \/>\n\t<meta name=\"twitter:data1\" content=\"1 minuto\" \/>\n<script type=\"application\/ld+json\" class=\"yoast-schema-graph\">{\"@context\":\"https:\/\/schema.org\",\"@graph\":[{\"@type\":\"WebPage\",\"@id\":\"https:\/\/www.productospolisalud.com.mx\/productos-politecnicos\/producto\/promocion-especial-inulina-de-agave\/\",\"url\":\"https:\/\/www.productospolisalud.com.mx\/productos-politecnicos\/producto\/promocion-especial-inulina-de-agave\/\",\"name\":\"Aprovecha nuetra promoci\u00f3n y llevate nuestro paquete Inulina de Agave.\",\"isPartOf\":{\"@id\":\"https:\/\/www.productospolisalud.com.mx\/productos-politecnicos\/#website\"},\"datePublished\":\"2017-07-25T07:48:31+00:00\",\"dateModified\":\"2025-11-27T07:05:04+00:00\",\"description\":\"Aprovecha y llevate nuestro paquete Inulina de Agave, es un producto que gracias a sus ingredientes de origen natural brinda varios beneficios para la salud\",\"breadcrumb\":{\"@id\":\"https:\/\/www.productospolisalud.com.mx\/productos-politecnicos\/producto\/promocion-especial-inulina-de-agave\/#breadcrumb\"},\"inLanguage\":\"es-MX\",\"potentialAction\":[{\"@type\":\"ReadAction\",\"target\":[\"https:\/\/www.productospolisalud.com.mx\/productos-politecnicos\/producto\/promocion-especial-inulina-de-agave\/\"]}]},{\"@type\":\"BreadcrumbList\",\"@id\":\"https:\/\/www.productospolisalud.com.mx\/productos-politecnicos\/producto\/promocion-especial-inulina-de-agave\/#breadcrumb\",\"itemListElement\":[{\"@type\":\"ListItem\",\"position\":1,\"name\":\"Inicio\",\"item\":\"https:\/\/www.productospolisalud.com.mx\/productos-politecnicos\/\"},{\"@type\":\"ListItem\",\"position\":2,\"name\":\"Tienda\",\"item\":\"https:\/\/www.productospolisalud.com.mx\/productos-politecnicos\/tienda\/\"},{\"@type\":\"ListItem\",\"position\":3,\"name\":\"Paquete inulina de agave\"}]},{\"@type\":\"WebSite\",\"@id\":\"https:\/\/www.productospolisalud.com.mx\/productos-politecnicos\/#website\",\"url\":\"https:\/\/www.productospolisalud.com.mx\/productos-politecnicos\/\",\"name\":\"Polisalud es la tienda de origen Polit\u00e9cnico\",\"description\":\"Polisalud son productos desarrollados por Polit\u00e9cnicos\",\"potentialAction\":[{\"@type\":\"SearchAction\",\"target\":{\"@type\":\"EntryPoint\",\"urlTemplate\":\"https:\/\/www.productospolisalud.com.mx\/productos-politecnicos\/?s={search_term_string}\"},\"query-input\":\"required name=search_term_string\"}],\"inLanguage\":\"es-MX\"}]}<\/script>\n<!-- \/ Yoast SEO plugin. -->","yoast_head_json":{"title":"Aprovecha nuetra promoci\u00f3n y llevate nuestro paquete Inulina de Agave.","description":"Aprovecha y llevate nuestro paquete Inulina de Agave, es un producto que gracias a sus ingredientes de origen natural brinda varios beneficios para la salud","robots":{"index":"index","follow":"follow","max-snippet":"max-snippet:-1","max-image-preview":"max-image-preview:large","max-video-preview":"max-video-preview:-1"},"canonical":"https:\/\/www.productospolisalud.com.mx\/productos-politecnicos\/producto\/promocion-especial-inulina-de-agave\/","og_locale":"es_MX","og_type":"article","og_title":"Aprovecha nuetra promoci\u00f3n y llevate nuestro paquete Inulina de Agave.","og_description":"Aprovecha y llevate nuestro paquete Inulina de Agave, es un producto que gracias a sus ingredientes de origen natural brinda varios beneficios para la salud","og_url":"https:\/\/www.productospolisalud.com.mx\/productos-politecnicos\/producto\/promocion-especial-inulina-de-agave\/","og_site_name":"Polisalud es la tienda de origen Polit\u00e9cnico","article_modified_time":"2025-11-27T07:05:04+00:00","og_image":[{"width":450,"height":450,"url":"https:\/\/www.productospolisalud.com.mx\/productos-politecnicos\/wp-content\/uploads\/2017\/07\/Inulina-3.jpg","type":"image\/jpeg"}],"twitter_card":"summary_large_image","twitter_misc":{"Tiempo de lectura":"1 minuto"},"schema":{"@context":"https:\/\/schema.org","@graph":[{"@type":"WebPage","@id":"https:\/\/www.productospolisalud.com.mx\/productos-politecnicos\/producto\/promocion-especial-inulina-de-agave\/","url":"https:\/\/www.productospolisalud.com.mx\/productos-politecnicos\/producto\/promocion-especial-inulina-de-agave\/","name":"Aprovecha nuetra promoci\u00f3n y llevate nuestro paquete Inulina de Agave.","isPartOf":{"@id":"https:\/\/www.productospolisalud.com.mx\/productos-politecnicos\/#website"},"datePublished":"2017-07-25T07:48:31+00:00","dateModified":"2025-11-27T07:05:04+00:00","description":"Aprovecha y llevate nuestro paquete Inulina de Agave, es un producto que gracias a sus ingredientes de origen natural brinda varios beneficios para la salud","breadcrumb":{"@id":"https:\/\/www.productospolisalud.com.mx\/productos-politecnicos\/producto\/promocion-especial-inulina-de-agave\/#breadcrumb"},"inLanguage":"es-MX","potentialAction":[{"@type":"ReadAction","target":["https:\/\/www.productospolisalud.com.mx\/productos-politecnicos\/producto\/promocion-especial-inulina-de-agave\/"]}]},{"@type":"BreadcrumbList","@id":"https:\/\/www.productospolisalud.com.mx\/productos-politecnicos\/producto\/promocion-especial-inulina-de-agave\/#breadcrumb","itemListElement":[{"@type":"ListItem","position":1,"name":"Inicio","item":"https:\/\/www.productospolisalud.com.mx\/productos-politecnicos\/"},{"@type":"ListItem","position":2,"name":"Tienda","item":"https:\/\/www.productospolisalud.com.mx\/productos-politecnicos\/tienda\/"},{"@type":"ListItem","position":3,"name":"Paquete inulina de agave"}]},{"@type":"WebSite","@id":"https:\/\/www.productospolisalud.com.mx\/productos-politecnicos\/#website","url":"https:\/\/www.productospolisalud.com.mx\/productos-politecnicos\/","name":"Polisalud es la tienda de origen Polit\u00e9cnico","description":"Polisalud son productos desarrollados por Polit\u00e9cnicos","potentialAction":[{"@type":"SearchAction","target":{"@type":"EntryPoint","urlTemplate":"https:\/\/www.productospolisalud.com.mx\/productos-politecnicos\/?s={search_term_string}"},"query-input":"required name=search_term_string"}],"inLanguage":"es-MX"}]}},"_links":{"self":[{"href":"https:\/\/www.productospolisalud.com.mx\/productos-politecnicos\/wp-json\/wp\/v2\/product\/134"}],"collection":[{"href":"https:\/\/www.productospolisalud.com.mx\/productos-politecnicos\/wp-json\/wp\/v2\/product"}],"about":[{"href":"https:\/\/www.productospolisalud.com.mx\/productos-politecnicos\/wp-json\/wp\/v2\/types\/product"}],"replies":[{"embeddable":true,"href":"https:\/\/www.productospolisalud.com.mx\/productos-politecnicos\/wp-json\/wp\/v2\/comments?post=134"}],"wp:featuredmedia":[{"embeddable":true,"href":"https:\/\/www.productospolisalud.com.mx\/productos-politecnicos\/wp-json\/wp\/v2\/media\/1591"}],"wp:attachment":[{"href":"https:\/\/www.productospolisalud.com.mx\/productos-politecnicos\/wp-json\/wp\/v2\/media?parent=134"}],"wp:term":[{"taxonomy":"product_cat","embeddable":true,"href":"https:\/\/www.productospolisalud.com.mx\/productos-politecnicos\/wp-json\/wp\/v2\/product_cat?post=134"},{"taxonomy":"product_tag","embeddable":true,"href":"https:\/\/www.productospolisalud.com.mx\/productos-politecnicos\/wp-json\/wp\/v2\/product_tag?post=134"}],"curies":[{"name":"wp","href":"https:\/\/api.w.org\/{rel}","templated":true}]}}