
{"id":1811,"date":"2023-05-31T16:39:44","date_gmt":"2023-05-31T22:39:44","guid":{"rendered":"https:\/\/www.productospolisalud.com.mx\/tienda-del-poli\/?post_type=product&#038;p=1811"},"modified":"2025-11-27T00:54:42","modified_gmt":"2025-11-27T06:54:42","slug":"manten-la-diabetes-a-raya","status":"publish","type":"product","link":"https:\/\/www.productospolisalud.com.mx\/productos-politecnicos\/producto\/manten-la-diabetes-a-raya\/","title":{"rendered":"Mant\u00e9n la Diabetes a Raya"},"content":{"rendered":"<p>\ud83d\udd25 <strong>MANTEN LA DIABETES A RAYA<\/strong><\/p>\n<p>Para tres meses:<\/p>\n<p>1 Frasco de Glicina Plus<br \/>\n3 Frascos de Inulina<br \/>\n3 Frascos de Alfalipoico<br \/>\n3 frascos de Magnesio enriquecido<\/p>\n<p>\u26a0\ufe0f OFERTA DE VALOR, SOLO POR 48 horas.\u26a0\ufe0f<br \/>\nPaga solo $2,798.00 <\/p>\n<p>BONO DE REGALO<\/p>\n<p>\ud83c\udf81 SI ADQUIERES TU PLAN MANTEN LA DIABETES A RAYA EN LAS PROXIMAS 24 HORAS, TE LLEVAS UN PLAN DE ALIMENTACI\u00d3N PARA PACIENTES CON DIABETES PARA UN MES. TOTALMENTE \u00a1GRATIS!<\/p>\n<p>O adqui\u00e9relo con KUESKY PAY a 4 quincenas<\/p>\n","protected":false},"excerpt":{"rendered":"<h4><span style=\"color: #35e40c;\"><strong>Incluye:<\/strong><\/span> 3<span style=\"color: #010101;\"> Frascos de Inulina, 3 Frascos de Alfalipoico, 1 Frascos de Glicina + Bonos<\/span><\/h4>\n","protected":false},"featured_media":1812,"comment_status":"closed","ping_status":"closed","template":"","meta":[],"product_cat":[195],"product_tag":[313,312],"yoast_head":"<!-- This site is optimized with the Yoast SEO plugin v21.1 - https:\/\/yoast.com\/wordpress\/plugins\/seo\/ -->\n<title>Promociones especiales Polisalud Mant\u00e9n la Diabetes a Raya<\/title>\n<meta name=\"description\" content=\"\u00danicamente por las pr\u00f3ximas 24 horas aprovecha el conjunto que se esta vendiendo solo, Mant\u00e9n la Diabetes a Raya. Adqui\u00e9relo ya es por tiempo muy limitado!!\" \/>\n<meta name=\"robots\" content=\"index, follow, max-snippet:-1, max-image-preview:large, max-video-preview:-1\" \/>\n<link rel=\"canonical\" href=\"https:\/\/www.productospolisalud.com.mx\/productos-politecnicos\/producto\/manten-la-diabetes-a-raya\/\" \/>\n<meta property=\"og:locale\" content=\"es_MX\" \/>\n<meta property=\"og:type\" content=\"article\" \/>\n<meta property=\"og:title\" content=\"Promociones especiales Polisalud Mant\u00e9n la Diabetes a Raya\" \/>\n<meta property=\"og:description\" content=\"\u00danicamente por las pr\u00f3ximas 24 horas aprovecha el conjunto que se esta vendiendo solo, Mant\u00e9n la Diabetes a Raya. Adqui\u00e9relo ya es por tiempo muy limitado!!\" \/>\n<meta property=\"og:url\" content=\"https:\/\/www.productospolisalud.com.mx\/productos-politecnicos\/producto\/manten-la-diabetes-a-raya\/\" \/>\n<meta property=\"og:site_name\" content=\"Polisalud es la tienda de origen Polit\u00e9cnico\" \/>\n<meta property=\"article:modified_time\" content=\"2025-11-27T06:54:42+00:00\" \/>\n<meta property=\"og:image\" content=\"https:\/\/www.productospolisalud.com.mx\/productos-politecnicos\/wp-content\/uploads\/2023\/05\/MANTEN-LA-DIABETES-A-RAYA.jpeg\" \/>\n\t<meta property=\"og:image:width\" content=\"1080\" \/>\n\t<meta property=\"og:image:height\" content=\"1080\" \/>\n\t<meta property=\"og:image:type\" content=\"image\/jpeg\" \/>\n<meta name=\"twitter:card\" content=\"summary_large_image\" \/>\n<meta name=\"twitter:label1\" content=\"Tiempo de lectura\" \/>\n\t<meta name=\"twitter:data1\" content=\"1 minuto\" \/>\n<script type=\"application\/ld+json\" class=\"yoast-schema-graph\">{\"@context\":\"https:\/\/schema.org\",\"@graph\":[{\"@type\":\"WebPage\",\"@id\":\"https:\/\/www.productospolisalud.com.mx\/productos-politecnicos\/producto\/manten-la-diabetes-a-raya\/\",\"url\":\"https:\/\/www.productospolisalud.com.mx\/productos-politecnicos\/producto\/manten-la-diabetes-a-raya\/\",\"name\":\"Promociones especiales Polisalud Mant\u00e9n la Diabetes a Raya\",\"isPartOf\":{\"@id\":\"https:\/\/www.productospolisalud.com.mx\/productos-politecnicos\/#website\"},\"datePublished\":\"2023-05-31T22:39:44+00:00\",\"dateModified\":\"2025-11-27T06:54:42+00:00\",\"description\":\"\u00danicamente por las pr\u00f3ximas 24 horas aprovecha el conjunto que se esta vendiendo solo, Mant\u00e9n la Diabetes a Raya. Adqui\u00e9relo ya es por tiempo muy limitado!!\",\"breadcrumb\":{\"@id\":\"https:\/\/www.productospolisalud.com.mx\/productos-politecnicos\/producto\/manten-la-diabetes-a-raya\/#breadcrumb\"},\"inLanguage\":\"es-MX\",\"potentialAction\":[{\"@type\":\"ReadAction\",\"target\":[\"https:\/\/www.productospolisalud.com.mx\/productos-politecnicos\/producto\/manten-la-diabetes-a-raya\/\"]}]},{\"@type\":\"BreadcrumbList\",\"@id\":\"https:\/\/www.productospolisalud.com.mx\/productos-politecnicos\/producto\/manten-la-diabetes-a-raya\/#breadcrumb\",\"itemListElement\":[{\"@type\":\"ListItem\",\"position\":1,\"name\":\"Inicio\",\"item\":\"https:\/\/www.productospolisalud.com.mx\/productos-politecnicos\/\"},{\"@type\":\"ListItem\",\"position\":2,\"name\":\"Tienda\",\"item\":\"https:\/\/www.productospolisalud.com.mx\/productos-politecnicos\/tienda\/\"},{\"@type\":\"ListItem\",\"position\":3,\"name\":\"Mant\u00e9n la Diabetes a Raya\"}]},{\"@type\":\"WebSite\",\"@id\":\"https:\/\/www.productospolisalud.com.mx\/productos-politecnicos\/#website\",\"url\":\"https:\/\/www.productospolisalud.com.mx\/productos-politecnicos\/\",\"name\":\"Polisalud es la tienda de origen Polit\u00e9cnico\",\"description\":\"Polisalud son productos desarrollados por Polit\u00e9cnicos\",\"potentialAction\":[{\"@type\":\"SearchAction\",\"target\":{\"@type\":\"EntryPoint\",\"urlTemplate\":\"https:\/\/www.productospolisalud.com.mx\/productos-politecnicos\/?s={search_term_string}\"},\"query-input\":\"required name=search_term_string\"}],\"inLanguage\":\"es-MX\"}]}<\/script>\n<!-- \/ Yoast SEO plugin. -->","yoast_head_json":{"title":"Promociones especiales Polisalud Mant\u00e9n la Diabetes a Raya","description":"\u00danicamente por las pr\u00f3ximas 24 horas aprovecha el conjunto que se esta vendiendo solo, Mant\u00e9n la Diabetes a Raya. Adqui\u00e9relo ya es por tiempo muy limitado!!","robots":{"index":"index","follow":"follow","max-snippet":"max-snippet:-1","max-image-preview":"max-image-preview:large","max-video-preview":"max-video-preview:-1"},"canonical":"https:\/\/www.productospolisalud.com.mx\/productos-politecnicos\/producto\/manten-la-diabetes-a-raya\/","og_locale":"es_MX","og_type":"article","og_title":"Promociones especiales Polisalud Mant\u00e9n la Diabetes a Raya","og_description":"\u00danicamente por las pr\u00f3ximas 24 horas aprovecha el conjunto que se esta vendiendo solo, Mant\u00e9n la Diabetes a Raya. Adqui\u00e9relo ya es por tiempo muy limitado!!","og_url":"https:\/\/www.productospolisalud.com.mx\/productos-politecnicos\/producto\/manten-la-diabetes-a-raya\/","og_site_name":"Polisalud es la tienda de origen Polit\u00e9cnico","article_modified_time":"2025-11-27T06:54:42+00:00","og_image":[{"width":1080,"height":1080,"url":"https:\/\/www.productospolisalud.com.mx\/productos-politecnicos\/wp-content\/uploads\/2023\/05\/MANTEN-LA-DIABETES-A-RAYA.jpeg","type":"image\/jpeg"}],"twitter_card":"summary_large_image","twitter_misc":{"Tiempo de lectura":"1 minuto"},"schema":{"@context":"https:\/\/schema.org","@graph":[{"@type":"WebPage","@id":"https:\/\/www.productospolisalud.com.mx\/productos-politecnicos\/producto\/manten-la-diabetes-a-raya\/","url":"https:\/\/www.productospolisalud.com.mx\/productos-politecnicos\/producto\/manten-la-diabetes-a-raya\/","name":"Promociones especiales Polisalud Mant\u00e9n la Diabetes a Raya","isPartOf":{"@id":"https:\/\/www.productospolisalud.com.mx\/productos-politecnicos\/#website"},"datePublished":"2023-05-31T22:39:44+00:00","dateModified":"2025-11-27T06:54:42+00:00","description":"\u00danicamente por las pr\u00f3ximas 24 horas aprovecha el conjunto que se esta vendiendo solo, Mant\u00e9n la Diabetes a Raya. Adqui\u00e9relo ya es por tiempo muy limitado!!","breadcrumb":{"@id":"https:\/\/www.productospolisalud.com.mx\/productos-politecnicos\/producto\/manten-la-diabetes-a-raya\/#breadcrumb"},"inLanguage":"es-MX","potentialAction":[{"@type":"ReadAction","target":["https:\/\/www.productospolisalud.com.mx\/productos-politecnicos\/producto\/manten-la-diabetes-a-raya\/"]}]},{"@type":"BreadcrumbList","@id":"https:\/\/www.productospolisalud.com.mx\/productos-politecnicos\/producto\/manten-la-diabetes-a-raya\/#breadcrumb","itemListElement":[{"@type":"ListItem","position":1,"name":"Inicio","item":"https:\/\/www.productospolisalud.com.mx\/productos-politecnicos\/"},{"@type":"ListItem","position":2,"name":"Tienda","item":"https:\/\/www.productospolisalud.com.mx\/productos-politecnicos\/tienda\/"},{"@type":"ListItem","position":3,"name":"Mant\u00e9n la Diabetes a Raya"}]},{"@type":"WebSite","@id":"https:\/\/www.productospolisalud.com.mx\/productos-politecnicos\/#website","url":"https:\/\/www.productospolisalud.com.mx\/productos-politecnicos\/","name":"Polisalud es la tienda de origen Polit\u00e9cnico","description":"Polisalud son productos desarrollados por Polit\u00e9cnicos","potentialAction":[{"@type":"SearchAction","target":{"@type":"EntryPoint","urlTemplate":"https:\/\/www.productospolisalud.com.mx\/productos-politecnicos\/?s={search_term_string}"},"query-input":"required name=search_term_string"}],"inLanguage":"es-MX"}]}},"_links":{"self":[{"href":"https:\/\/www.productospolisalud.com.mx\/productos-politecnicos\/wp-json\/wp\/v2\/product\/1811"}],"collection":[{"href":"https:\/\/www.productospolisalud.com.mx\/productos-politecnicos\/wp-json\/wp\/v2\/product"}],"about":[{"href":"https:\/\/www.productospolisalud.com.mx\/productos-politecnicos\/wp-json\/wp\/v2\/types\/product"}],"replies":[{"embeddable":true,"href":"https:\/\/www.productospolisalud.com.mx\/productos-politecnicos\/wp-json\/wp\/v2\/comments?post=1811"}],"wp:featuredmedia":[{"embeddable":true,"href":"https:\/\/www.productospolisalud.com.mx\/productos-politecnicos\/wp-json\/wp\/v2\/media\/1812"}],"wp:attachment":[{"href":"https:\/\/www.productospolisalud.com.mx\/productos-politecnicos\/wp-json\/wp\/v2\/media?parent=1811"}],"wp:term":[{"taxonomy":"product_cat","embeddable":true,"href":"https:\/\/www.productospolisalud.com.mx\/productos-politecnicos\/wp-json\/wp\/v2\/product_cat?post=1811"},{"taxonomy":"product_tag","embeddable":true,"href":"https:\/\/www.productospolisalud.com.mx\/productos-politecnicos\/wp-json\/wp\/v2\/product_tag?post=1811"}],"curies":[{"name":"wp","href":"https:\/\/api.w.org\/{rel}","templated":true}]}}