
{"id":1881,"date":"2023-10-09T14:03:33","date_gmt":"2023-10-09T20:03:33","guid":{"rendered":"https:\/\/www.productospolisalud.com.mx\/tienda-del-poli\/?post_type=product&#038;p=1881"},"modified":"2025-11-27T00:54:42","modified_gmt":"2025-11-27T06:54:42","slug":"banda-gastrica-virtual-premium","status":"publish","type":"product","link":"https:\/\/www.productospolisalud.com.mx\/productos-politecnicos\/producto\/banda-gastrica-virtual-premium\/","title":{"rendered":"Banda G\u00e1strica Virtual Premium"},"content":{"rendered":"<p><b>Incluye:<\/b><\/p>\n<ul>\n<li><b>Instalaci\u00f3n de la BGV<\/b> $2500<\/li>\n<li><b>1 audio para despertar<\/b> $500<\/li>\n<li><b>1 audio para dormir<\/b> $500 (estos dos audios se quedan permanentemente contigo)<\/li>\n<li><b>Diario de comida en PDF<\/b> $300<\/li>\n<li><b>Taller por Zoom: \u00bfHambre? No, gracias<\/b> $998<\/li>\n<li><b>Sesi\u00f3n personal de 30 min por Zoom<\/b> $600<\/li>\n<li><b>T\u00e9cnica de Liberaci\u00f3n Emocional para temas de estr\u00e9s cr\u00f3nico, ansiedad, antojos, depresi\u00f3n y malestares corporales.<\/b> $2900.<\/li>\n<li><b>T\u00e9cnica de respiraci\u00f3n especializada en bienestar f\u00edsico y emocional<\/b> $500<\/li>\n<li><b>Herramienta terap\u00e9utica para liberarte de cargas transgeneracionales<\/b> $600<\/li>\n<\/ul>\n","protected":false},"excerpt":{"rendered":"<p>Incluye: Instalaci\u00f3n de la BGV $2500 1 audio para despertar $500 1 audio para dormir $500 (estos dos audios se quedan permanentemente<\/p>\n","protected":false},"featured_media":1882,"comment_status":"closed","ping_status":"closed","template":"","meta":[],"product_cat":[19],"product_tag":[],"yoast_head":"<!-- This site is optimized with the Yoast SEO plugin v21.1 - https:\/\/yoast.com\/wordpress\/plugins\/seo\/ -->\n<title>Banda G\u00e1strica Virtual Premium - Polisalud es la tienda de origen Polit\u00e9cnico<\/title>\n<meta name=\"robots\" content=\"index, follow, max-snippet:-1, max-image-preview:large, max-video-preview:-1\" \/>\n<link rel=\"canonical\" href=\"https:\/\/www.productospolisalud.com.mx\/productos-politecnicos\/producto\/banda-gastrica-virtual-premium\/\" \/>\n<meta property=\"og:locale\" content=\"es_MX\" \/>\n<meta property=\"og:type\" content=\"article\" \/>\n<meta property=\"og:title\" content=\"Banda G\u00e1strica Virtual Premium - Polisalud es la tienda de origen Polit\u00e9cnico\" \/>\n<meta property=\"og:description\" content=\"Incluye: Instalaci\u00f3n de la BGV $2500 1 audio para despertar $500 1 audio para dormir $500 (estos dos audios se quedan permanentemente\" \/>\n<meta property=\"og:url\" content=\"https:\/\/www.productospolisalud.com.mx\/productos-politecnicos\/producto\/banda-gastrica-virtual-premium\/\" \/>\n<meta property=\"og:site_name\" content=\"Polisalud es la tienda de origen Polit\u00e9cnico\" \/>\n<meta property=\"article:modified_time\" content=\"2025-11-27T06:54:42+00:00\" \/>\n<meta property=\"og:image\" content=\"https:\/\/www.productospolisalud.com.mx\/productos-politecnicos\/wp-content\/uploads\/2023\/10\/bgvpremium.jpg\" \/>\n\t<meta property=\"og:image:width\" content=\"1080\" \/>\n\t<meta property=\"og:image:height\" content=\"1080\" \/>\n\t<meta property=\"og:image:type\" content=\"image\/jpeg\" \/>\n<meta name=\"twitter:card\" content=\"summary_large_image\" \/>\n<meta name=\"twitter:label1\" content=\"Tiempo de lectura\" \/>\n\t<meta name=\"twitter:data1\" content=\"1 minuto\" \/>\n<script type=\"application\/ld+json\" class=\"yoast-schema-graph\">{\"@context\":\"https:\/\/schema.org\",\"@graph\":[{\"@type\":\"WebPage\",\"@id\":\"https:\/\/www.productospolisalud.com.mx\/productos-politecnicos\/producto\/banda-gastrica-virtual-premium\/\",\"url\":\"https:\/\/www.productospolisalud.com.mx\/productos-politecnicos\/producto\/banda-gastrica-virtual-premium\/\",\"name\":\"Banda G\u00e1strica Virtual Premium - Polisalud es la tienda de origen Polit\u00e9cnico\",\"isPartOf\":{\"@id\":\"https:\/\/www.productospolisalud.com.mx\/productos-politecnicos\/#website\"},\"datePublished\":\"2023-10-09T20:03:33+00:00\",\"dateModified\":\"2025-11-27T06:54:42+00:00\",\"breadcrumb\":{\"@id\":\"https:\/\/www.productospolisalud.com.mx\/productos-politecnicos\/producto\/banda-gastrica-virtual-premium\/#breadcrumb\"},\"inLanguage\":\"es-MX\",\"potentialAction\":[{\"@type\":\"ReadAction\",\"target\":[\"https:\/\/www.productospolisalud.com.mx\/productos-politecnicos\/producto\/banda-gastrica-virtual-premium\/\"]}]},{\"@type\":\"BreadcrumbList\",\"@id\":\"https:\/\/www.productospolisalud.com.mx\/productos-politecnicos\/producto\/banda-gastrica-virtual-premium\/#breadcrumb\",\"itemListElement\":[{\"@type\":\"ListItem\",\"position\":1,\"name\":\"Inicio\",\"item\":\"https:\/\/www.productospolisalud.com.mx\/productos-politecnicos\/\"},{\"@type\":\"ListItem\",\"position\":2,\"name\":\"Tienda\",\"item\":\"https:\/\/www.productospolisalud.com.mx\/productos-politecnicos\/tienda\/\"},{\"@type\":\"ListItem\",\"position\":3,\"name\":\"Banda G\u00e1strica Virtual Premium\"}]},{\"@type\":\"WebSite\",\"@id\":\"https:\/\/www.productospolisalud.com.mx\/productos-politecnicos\/#website\",\"url\":\"https:\/\/www.productospolisalud.com.mx\/productos-politecnicos\/\",\"name\":\"Polisalud es la tienda de origen Polit\u00e9cnico\",\"description\":\"Polisalud son productos desarrollados por Polit\u00e9cnicos\",\"potentialAction\":[{\"@type\":\"SearchAction\",\"target\":{\"@type\":\"EntryPoint\",\"urlTemplate\":\"https:\/\/www.productospolisalud.com.mx\/productos-politecnicos\/?s={search_term_string}\"},\"query-input\":\"required name=search_term_string\"}],\"inLanguage\":\"es-MX\"}]}<\/script>\n<!-- \/ Yoast SEO plugin. -->","yoast_head_json":{"title":"Banda G\u00e1strica Virtual Premium - Polisalud es la tienda de origen Polit\u00e9cnico","robots":{"index":"index","follow":"follow","max-snippet":"max-snippet:-1","max-image-preview":"max-image-preview:large","max-video-preview":"max-video-preview:-1"},"canonical":"https:\/\/www.productospolisalud.com.mx\/productos-politecnicos\/producto\/banda-gastrica-virtual-premium\/","og_locale":"es_MX","og_type":"article","og_title":"Banda G\u00e1strica Virtual Premium - Polisalud es la tienda de origen Polit\u00e9cnico","og_description":"Incluye: Instalaci\u00f3n de la BGV $2500 1 audio para despertar $500 1 audio para dormir $500 (estos dos audios se quedan permanentemente","og_url":"https:\/\/www.productospolisalud.com.mx\/productos-politecnicos\/producto\/banda-gastrica-virtual-premium\/","og_site_name":"Polisalud es la tienda de origen Polit\u00e9cnico","article_modified_time":"2025-11-27T06:54:42+00:00","og_image":[{"width":1080,"height":1080,"url":"https:\/\/www.productospolisalud.com.mx\/productos-politecnicos\/wp-content\/uploads\/2023\/10\/bgvpremium.jpg","type":"image\/jpeg"}],"twitter_card":"summary_large_image","twitter_misc":{"Tiempo de lectura":"1 minuto"},"schema":{"@context":"https:\/\/schema.org","@graph":[{"@type":"WebPage","@id":"https:\/\/www.productospolisalud.com.mx\/productos-politecnicos\/producto\/banda-gastrica-virtual-premium\/","url":"https:\/\/www.productospolisalud.com.mx\/productos-politecnicos\/producto\/banda-gastrica-virtual-premium\/","name":"Banda G\u00e1strica Virtual Premium - Polisalud es la tienda de origen Polit\u00e9cnico","isPartOf":{"@id":"https:\/\/www.productospolisalud.com.mx\/productos-politecnicos\/#website"},"datePublished":"2023-10-09T20:03:33+00:00","dateModified":"2025-11-27T06:54:42+00:00","breadcrumb":{"@id":"https:\/\/www.productospolisalud.com.mx\/productos-politecnicos\/producto\/banda-gastrica-virtual-premium\/#breadcrumb"},"inLanguage":"es-MX","potentialAction":[{"@type":"ReadAction","target":["https:\/\/www.productospolisalud.com.mx\/productos-politecnicos\/producto\/banda-gastrica-virtual-premium\/"]}]},{"@type":"BreadcrumbList","@id":"https:\/\/www.productospolisalud.com.mx\/productos-politecnicos\/producto\/banda-gastrica-virtual-premium\/#breadcrumb","itemListElement":[{"@type":"ListItem","position":1,"name":"Inicio","item":"https:\/\/www.productospolisalud.com.mx\/productos-politecnicos\/"},{"@type":"ListItem","position":2,"name":"Tienda","item":"https:\/\/www.productospolisalud.com.mx\/productos-politecnicos\/tienda\/"},{"@type":"ListItem","position":3,"name":"Banda G\u00e1strica Virtual Premium"}]},{"@type":"WebSite","@id":"https:\/\/www.productospolisalud.com.mx\/productos-politecnicos\/#website","url":"https:\/\/www.productospolisalud.com.mx\/productos-politecnicos\/","name":"Polisalud es la tienda de origen Polit\u00e9cnico","description":"Polisalud son productos desarrollados por Polit\u00e9cnicos","potentialAction":[{"@type":"SearchAction","target":{"@type":"EntryPoint","urlTemplate":"https:\/\/www.productospolisalud.com.mx\/productos-politecnicos\/?s={search_term_string}"},"query-input":"required name=search_term_string"}],"inLanguage":"es-MX"}]}},"_links":{"self":[{"href":"https:\/\/www.productospolisalud.com.mx\/productos-politecnicos\/wp-json\/wp\/v2\/product\/1881"}],"collection":[{"href":"https:\/\/www.productospolisalud.com.mx\/productos-politecnicos\/wp-json\/wp\/v2\/product"}],"about":[{"href":"https:\/\/www.productospolisalud.com.mx\/productos-politecnicos\/wp-json\/wp\/v2\/types\/product"}],"replies":[{"embeddable":true,"href":"https:\/\/www.productospolisalud.com.mx\/productos-politecnicos\/wp-json\/wp\/v2\/comments?post=1881"}],"wp:featuredmedia":[{"embeddable":true,"href":"https:\/\/www.productospolisalud.com.mx\/productos-politecnicos\/wp-json\/wp\/v2\/media\/1882"}],"wp:attachment":[{"href":"https:\/\/www.productospolisalud.com.mx\/productos-politecnicos\/wp-json\/wp\/v2\/media?parent=1881"}],"wp:term":[{"taxonomy":"product_cat","embeddable":true,"href":"https:\/\/www.productospolisalud.com.mx\/productos-politecnicos\/wp-json\/wp\/v2\/product_cat?post=1881"},{"taxonomy":"product_tag","embeddable":true,"href":"https:\/\/www.productospolisalud.com.mx\/productos-politecnicos\/wp-json\/wp\/v2\/product_tag?post=1881"}],"curies":[{"name":"wp","href":"https:\/\/api.w.org\/{rel}","templated":true}]}}