
{"id":2352,"date":"2025-08-03T22:37:14","date_gmt":"2025-08-04T04:37:14","guid":{"rendered":"https:\/\/www.productospolisalud.com.mx\/productos-politecnicos\/?post_type=product&#038;p=2352"},"modified":"2025-11-27T00:54:43","modified_gmt":"2025-11-27T06:54:43","slug":"omega-3-epa-mas-dha-capsulas","status":"publish","type":"product","link":"https:\/\/www.productospolisalud.com.mx\/productos-politecnicos\/producto\/omega-3-epa-mas-dha-capsulas\/","title":{"rendered":"Omega 3 EPA m\u00e1s DHA c\u00e1psulas"},"content":{"rendered":"<p>Nuestro Omega 3 EPA m\u00e1s DHA c\u00e1psulas es \u00fanico en el mercado, ya que combina, ambos elementos esenciales de los mejores omegas. <\/p>\n<p>El <strong>Omega 3 EPA m\u00e1s DHA de Polisalud<\/strong> es una investigaci\u00f3n de muchos de la cient\u00edfica mexicana Elo\u00edsa Matus, quien logr\u00f3 que su investigaci\u00f3n y desarrollo cient\u00edfico fuera reconocido por el CONACYT como una de las 20 mejores innovaciones cient\u00edficas en toda una d\u00e9cada.<\/p>\n<p>Para obtener este <strong>Omega<\/strong>\u00a0no se utilizan solventes para su extracci\u00f3n. Est\u00e1 altamente concentrado en DHA, un \u00e1cido graso vital para el cuerpo humano. 40% mientras que en f\u00f3rmulas comerciales la concentraci\u00f3n a lo mucho llega al 12%.<\/p>\n<p><strong>Ingredientes del Omega 3 Polisalud:<\/strong>\u00a0EPA 800mg, DHA 300mg.<\/p>\n<p>Encuentra en\u00a0<a href=\"https:\/\/www.productospolisalud.com.mx\/tienda-del-poli\/\">Polisalud<\/a> todos los productos de los Investigadores\u00a0 Polit\u00e9cnicos. Si no es Polisalud, no son los originales. \u00bfDeseas m\u00e1s informaci\u00f3n? Llama al 55 2622-9599. o escr\u00edbenos al WhatsApp <a href=\"https:\/\/api.whatsapp.com\/send?phone=5215574042207\">55 7404 2207<\/a><\/p>\n<p>EL CONSUMO DE ESTE PRODUCTO ES RESPONSABILIDAD DE QUIEN LO RECOMIENDA Y DE QUIEN LO USA. ESTE PRODUCTO NO ES\u00a0UN\u00a0MEDICAMENTO.<\/p>\n","protected":false},"excerpt":{"rendered":"<h4><span style=\"color: #35e40c;\"><strong>Presentaci\u00f3n:<\/strong><\/span>\u00a0<span style=\"color: #010101;\">Frasco de 60 C\u00e1psulas.<\/span><\/h4>\n","protected":false},"featured_media":2349,"comment_status":"open","ping_status":"closed","template":"","meta":[],"product_cat":[18],"product_tag":[287,284,286,407,406,285,283,405],"yoast_head":"<!-- This site is optimized with the Yoast SEO plugin v21.1 - https:\/\/yoast.com\/wordpress\/plugins\/seo\/ -->\n<title>Omega 3 EPA m\u00e1s DHA c\u00e1psulas | Polisalud la Tienda Polit\u00e9cnicos<\/title>\n<meta name=\"description\" content=\"Nuestro Omega 3 EPA m\u00e1s DHA c\u00e1psulas es \u00fanico en el mercado, ya que combina, ambos elementos esenciales de los mejores omegas.\" \/>\n<meta name=\"robots\" content=\"index, follow, max-snippet:-1, max-image-preview:large, max-video-preview:-1\" \/>\n<link rel=\"canonical\" href=\"https:\/\/www.productospolisalud.com.mx\/productos-politecnicos\/producto\/omega-3-epa-mas-dha-capsulas\/\" \/>\n<meta property=\"og:locale\" content=\"es_MX\" \/>\n<meta property=\"og:type\" content=\"article\" \/>\n<meta property=\"og:title\" content=\"Omega 3 EPA m\u00e1s DHA c\u00e1psulas | Polisalud la Tienda Polit\u00e9cnicos\" \/>\n<meta property=\"og:description\" content=\"Nuestro Omega 3 EPA m\u00e1s DHA c\u00e1psulas es \u00fanico en el mercado, ya que combina, ambos elementos esenciales de los mejores omegas.\" \/>\n<meta property=\"og:url\" content=\"https:\/\/www.productospolisalud.com.mx\/productos-politecnicos\/producto\/omega-3-epa-mas-dha-capsulas\/\" \/>\n<meta property=\"og:site_name\" content=\"Polisalud es la tienda de origen Polit\u00e9cnico\" \/>\n<meta property=\"article:modified_time\" content=\"2025-11-27T06:54:43+00:00\" \/>\n<meta property=\"og:image\" content=\"https:\/\/www.productospolisalud.com.mx\/productos-politecnicos\/wp-content\/uploads\/2025\/08\/Omega-3-Polisalud-EPA-mas-DHA.jpg\" \/>\n\t<meta property=\"og:image:width\" content=\"467\" \/>\n\t<meta property=\"og:image:height\" content=\"467\" \/>\n\t<meta property=\"og:image:type\" content=\"image\/jpeg\" \/>\n<meta name=\"twitter:card\" content=\"summary_large_image\" \/>\n<meta name=\"twitter:label1\" content=\"Tiempo de lectura\" \/>\n\t<meta name=\"twitter:data1\" content=\"1 minuto\" \/>\n<script type=\"application\/ld+json\" class=\"yoast-schema-graph\">{\"@context\":\"https:\/\/schema.org\",\"@graph\":[{\"@type\":\"WebPage\",\"@id\":\"https:\/\/www.productospolisalud.com.mx\/productos-politecnicos\/producto\/omega-3-epa-mas-dha-capsulas\/\",\"url\":\"https:\/\/www.productospolisalud.com.mx\/productos-politecnicos\/producto\/omega-3-epa-mas-dha-capsulas\/\",\"name\":\"Omega 3 EPA m\u00e1s DHA c\u00e1psulas | Polisalud la Tienda Polit\u00e9cnicos\",\"isPartOf\":{\"@id\":\"https:\/\/www.productospolisalud.com.mx\/productos-politecnicos\/#website\"},\"datePublished\":\"2025-08-04T04:37:14+00:00\",\"dateModified\":\"2025-11-27T06:54:43+00:00\",\"description\":\"Nuestro Omega 3 EPA m\u00e1s DHA c\u00e1psulas es \u00fanico en el mercado, ya que combina, ambos elementos esenciales de los mejores omegas.\",\"breadcrumb\":{\"@id\":\"https:\/\/www.productospolisalud.com.mx\/productos-politecnicos\/producto\/omega-3-epa-mas-dha-capsulas\/#breadcrumb\"},\"inLanguage\":\"es-MX\",\"potentialAction\":[{\"@type\":\"ReadAction\",\"target\":[\"https:\/\/www.productospolisalud.com.mx\/productos-politecnicos\/producto\/omega-3-epa-mas-dha-capsulas\/\"]}]},{\"@type\":\"BreadcrumbList\",\"@id\":\"https:\/\/www.productospolisalud.com.mx\/productos-politecnicos\/producto\/omega-3-epa-mas-dha-capsulas\/#breadcrumb\",\"itemListElement\":[{\"@type\":\"ListItem\",\"position\":1,\"name\":\"Inicio\",\"item\":\"https:\/\/www.productospolisalud.com.mx\/productos-politecnicos\/\"},{\"@type\":\"ListItem\",\"position\":2,\"name\":\"Tienda\",\"item\":\"https:\/\/www.productospolisalud.com.mx\/productos-politecnicos\/tienda\/\"},{\"@type\":\"ListItem\",\"position\":3,\"name\":\"Omega 3 EPA m\u00e1s DHA c\u00e1psulas\"}]},{\"@type\":\"WebSite\",\"@id\":\"https:\/\/www.productospolisalud.com.mx\/productos-politecnicos\/#website\",\"url\":\"https:\/\/www.productospolisalud.com.mx\/productos-politecnicos\/\",\"name\":\"Polisalud es la tienda de origen Polit\u00e9cnico\",\"description\":\"Polisalud son productos desarrollados por Polit\u00e9cnicos\",\"potentialAction\":[{\"@type\":\"SearchAction\",\"target\":{\"@type\":\"EntryPoint\",\"urlTemplate\":\"https:\/\/www.productospolisalud.com.mx\/productos-politecnicos\/?s={search_term_string}\"},\"query-input\":\"required name=search_term_string\"}],\"inLanguage\":\"es-MX\"}]}<\/script>\n<!-- \/ Yoast SEO plugin. -->","yoast_head_json":{"title":"Omega 3 EPA m\u00e1s DHA c\u00e1psulas | Polisalud la Tienda Polit\u00e9cnicos","description":"Nuestro Omega 3 EPA m\u00e1s DHA c\u00e1psulas es \u00fanico en el mercado, ya que combina, ambos elementos esenciales de los mejores omegas.","robots":{"index":"index","follow":"follow","max-snippet":"max-snippet:-1","max-image-preview":"max-image-preview:large","max-video-preview":"max-video-preview:-1"},"canonical":"https:\/\/www.productospolisalud.com.mx\/productos-politecnicos\/producto\/omega-3-epa-mas-dha-capsulas\/","og_locale":"es_MX","og_type":"article","og_title":"Omega 3 EPA m\u00e1s DHA c\u00e1psulas | Polisalud la Tienda Polit\u00e9cnicos","og_description":"Nuestro Omega 3 EPA m\u00e1s DHA c\u00e1psulas es \u00fanico en el mercado, ya que combina, ambos elementos esenciales de los mejores omegas.","og_url":"https:\/\/www.productospolisalud.com.mx\/productos-politecnicos\/producto\/omega-3-epa-mas-dha-capsulas\/","og_site_name":"Polisalud es la tienda de origen Polit\u00e9cnico","article_modified_time":"2025-11-27T06:54:43+00:00","og_image":[{"width":467,"height":467,"url":"https:\/\/www.productospolisalud.com.mx\/productos-politecnicos\/wp-content\/uploads\/2025\/08\/Omega-3-Polisalud-EPA-mas-DHA.jpg","type":"image\/jpeg"}],"twitter_card":"summary_large_image","twitter_misc":{"Tiempo de lectura":"1 minuto"},"schema":{"@context":"https:\/\/schema.org","@graph":[{"@type":"WebPage","@id":"https:\/\/www.productospolisalud.com.mx\/productos-politecnicos\/producto\/omega-3-epa-mas-dha-capsulas\/","url":"https:\/\/www.productospolisalud.com.mx\/productos-politecnicos\/producto\/omega-3-epa-mas-dha-capsulas\/","name":"Omega 3 EPA m\u00e1s DHA c\u00e1psulas | Polisalud la Tienda Polit\u00e9cnicos","isPartOf":{"@id":"https:\/\/www.productospolisalud.com.mx\/productos-politecnicos\/#website"},"datePublished":"2025-08-04T04:37:14+00:00","dateModified":"2025-11-27T06:54:43+00:00","description":"Nuestro Omega 3 EPA m\u00e1s DHA c\u00e1psulas es \u00fanico en el mercado, ya que combina, ambos elementos esenciales de los mejores omegas.","breadcrumb":{"@id":"https:\/\/www.productospolisalud.com.mx\/productos-politecnicos\/producto\/omega-3-epa-mas-dha-capsulas\/#breadcrumb"},"inLanguage":"es-MX","potentialAction":[{"@type":"ReadAction","target":["https:\/\/www.productospolisalud.com.mx\/productos-politecnicos\/producto\/omega-3-epa-mas-dha-capsulas\/"]}]},{"@type":"BreadcrumbList","@id":"https:\/\/www.productospolisalud.com.mx\/productos-politecnicos\/producto\/omega-3-epa-mas-dha-capsulas\/#breadcrumb","itemListElement":[{"@type":"ListItem","position":1,"name":"Inicio","item":"https:\/\/www.productospolisalud.com.mx\/productos-politecnicos\/"},{"@type":"ListItem","position":2,"name":"Tienda","item":"https:\/\/www.productospolisalud.com.mx\/productos-politecnicos\/tienda\/"},{"@type":"ListItem","position":3,"name":"Omega 3 EPA m\u00e1s DHA c\u00e1psulas"}]},{"@type":"WebSite","@id":"https:\/\/www.productospolisalud.com.mx\/productos-politecnicos\/#website","url":"https:\/\/www.productospolisalud.com.mx\/productos-politecnicos\/","name":"Polisalud es la tienda de origen Polit\u00e9cnico","description":"Polisalud son productos desarrollados por Polit\u00e9cnicos","potentialAction":[{"@type":"SearchAction","target":{"@type":"EntryPoint","urlTemplate":"https:\/\/www.productospolisalud.com.mx\/productos-politecnicos\/?s={search_term_string}"},"query-input":"required name=search_term_string"}],"inLanguage":"es-MX"}]}},"_links":{"self":[{"href":"https:\/\/www.productospolisalud.com.mx\/productos-politecnicos\/wp-json\/wp\/v2\/product\/2352"}],"collection":[{"href":"https:\/\/www.productospolisalud.com.mx\/productos-politecnicos\/wp-json\/wp\/v2\/product"}],"about":[{"href":"https:\/\/www.productospolisalud.com.mx\/productos-politecnicos\/wp-json\/wp\/v2\/types\/product"}],"replies":[{"embeddable":true,"href":"https:\/\/www.productospolisalud.com.mx\/productos-politecnicos\/wp-json\/wp\/v2\/comments?post=2352"}],"wp:featuredmedia":[{"embeddable":true,"href":"https:\/\/www.productospolisalud.com.mx\/productos-politecnicos\/wp-json\/wp\/v2\/media\/2349"}],"wp:attachment":[{"href":"https:\/\/www.productospolisalud.com.mx\/productos-politecnicos\/wp-json\/wp\/v2\/media?parent=2352"}],"wp:term":[{"taxonomy":"product_cat","embeddable":true,"href":"https:\/\/www.productospolisalud.com.mx\/productos-politecnicos\/wp-json\/wp\/v2\/product_cat?post=2352"},{"taxonomy":"product_tag","embeddable":true,"href":"https:\/\/www.productospolisalud.com.mx\/productos-politecnicos\/wp-json\/wp\/v2\/product_tag?post=2352"}],"curies":[{"name":"wp","href":"https:\/\/api.w.org\/{rel}","templated":true}]}}