
{"id":772,"date":"2019-08-01T23:42:57","date_gmt":"2019-08-02T05:42:57","guid":{"rendered":"http:\/\/www.productospolisalud.com.mx\/tienda-del-poli\/?post_type=product&#038;p=772"},"modified":"2025-11-27T00:54:31","modified_gmt":"2025-11-27T06:54:31","slug":"duerme-bien","status":"publish","type":"product","link":"https:\/\/www.productospolisalud.com.mx\/productos-politecnicos\/producto\/duerme-bien\/","title":{"rendered":"Duerme Bien"},"content":{"rendered":"<p>Ahora s\u00ed tendr\u00e1s unos dulces sue\u00f1os gracias a los beneficios que aportan elementos esenciales para el organismo como Tript\u00f3fano, Magnesio, Selenio, Zinc y Pre y Probi\u00f3ticos.<\/p>\n<p>Encuentra en <a href=\"https:\/\/www.productospolisalud.com.mx\/tienda-del-poli\/\">Polisalud<\/a> todos los productos de los Investigadores\u00a0 Polit\u00e9cnicos. Si no es Polisalud, no son los originales. \u00bfDeseas m\u00e1s informaci\u00f3n? Llama al 55 2622-9599.<\/p>\n<p>EL CONSUMO DE ESTE PRODUCTO ES RESPONSABILIDAD DE QUIEN LO RECOMIENDA Y DE QUIEN LO USA. ESTE PRODUCTO NO ES\u00a0UN\u00a0MEDICAMENTO.<\/p>\n","protected":false},"excerpt":{"rendered":"<h4><span style=\"color: #35e40c;\"><strong>Presentaci\u00f3n:<\/strong><\/span>\u00a0<span style=\"color: #010101;\">1 Frasco De Triptofano Dcp+ Tratamiento Con Antioxidantes (1 Frasco De Cada Uno: Zinc, Selenio Y Magnesio)+ Etherplen.<\/span><\/h4>\n<p>&nbsp;<\/p>\n","protected":false},"featured_media":1294,"comment_status":"open","ping_status":"closed","template":"","meta":[],"product_cat":[18,195],"product_tag":[280,193,218,220,216,194],"yoast_head":"<!-- This site is optimized with the Yoast SEO plugin v21.1 - https:\/\/yoast.com\/wordpress\/plugins\/seo\/ -->\n<title>Duerme bien con Tript\u00f3fano, Magnesio, Selenio, Zinc y Probi\u00f3ticos<\/title>\n<meta name=\"description\" content=\"Ahora s\u00ed duerme bien gracias a los beneficios que aportan elementos esenciales para el organismo como Tript\u00f3fano, Magnesio, Selenio, Zinc y Pre-Probi\u00f3ticos.\" \/>\n<meta name=\"robots\" content=\"index, follow, max-snippet:-1, max-image-preview:large, max-video-preview:-1\" \/>\n<link rel=\"canonical\" href=\"https:\/\/www.productospolisalud.com.mx\/productos-politecnicos\/producto\/duerme-bien\/\" \/>\n<meta property=\"og:locale\" content=\"es_MX\" \/>\n<meta property=\"og:type\" content=\"article\" \/>\n<meta property=\"og:title\" content=\"Duerme bien con Tript\u00f3fano, Magnesio, Selenio, Zinc y Probi\u00f3ticos\" \/>\n<meta property=\"og:description\" content=\"Ahora s\u00ed duerme bien gracias a los beneficios que aportan elementos esenciales para el organismo como Tript\u00f3fano, Magnesio, Selenio, Zinc y Pre-Probi\u00f3ticos.\" \/>\n<meta property=\"og:url\" content=\"https:\/\/www.productospolisalud.com.mx\/productos-politecnicos\/producto\/duerme-bien\/\" \/>\n<meta property=\"og:site_name\" content=\"Polisalud es la tienda de origen Polit\u00e9cnico\" \/>\n<meta property=\"article:modified_time\" content=\"2025-11-27T06:54:31+00:00\" \/>\n<meta property=\"og:image\" content=\"https:\/\/www.productospolisalud.com.mx\/productos-politecnicos\/wp-content\/uploads\/2020\/09\/Duerme-bien.jpg\" \/>\n\t<meta property=\"og:image:width\" content=\"600\" \/>\n\t<meta property=\"og:image:height\" content=\"400\" \/>\n\t<meta property=\"og:image:type\" content=\"image\/jpeg\" \/>\n<meta name=\"twitter:card\" content=\"summary_large_image\" \/>\n<meta name=\"twitter:label1\" content=\"Tiempo de lectura\" \/>\n\t<meta name=\"twitter:data1\" content=\"1 minuto\" \/>\n<script type=\"application\/ld+json\" class=\"yoast-schema-graph\">{\"@context\":\"https:\/\/schema.org\",\"@graph\":[{\"@type\":\"WebPage\",\"@id\":\"https:\/\/www.productospolisalud.com.mx\/productos-politecnicos\/producto\/duerme-bien\/\",\"url\":\"https:\/\/www.productospolisalud.com.mx\/productos-politecnicos\/producto\/duerme-bien\/\",\"name\":\"Duerme bien con Tript\u00f3fano, Magnesio, Selenio, Zinc y Probi\u00f3ticos\",\"isPartOf\":{\"@id\":\"https:\/\/www.productospolisalud.com.mx\/productos-politecnicos\/#website\"},\"datePublished\":\"2019-08-02T05:42:57+00:00\",\"dateModified\":\"2025-11-27T06:54:31+00:00\",\"description\":\"Ahora s\u00ed duerme bien gracias a los beneficios que aportan elementos esenciales para el organismo como Tript\u00f3fano, Magnesio, Selenio, Zinc y Pre-Probi\u00f3ticos.\",\"breadcrumb\":{\"@id\":\"https:\/\/www.productospolisalud.com.mx\/productos-politecnicos\/producto\/duerme-bien\/#breadcrumb\"},\"inLanguage\":\"es-MX\",\"potentialAction\":[{\"@type\":\"ReadAction\",\"target\":[\"https:\/\/www.productospolisalud.com.mx\/productos-politecnicos\/producto\/duerme-bien\/\"]}]},{\"@type\":\"BreadcrumbList\",\"@id\":\"https:\/\/www.productospolisalud.com.mx\/productos-politecnicos\/producto\/duerme-bien\/#breadcrumb\",\"itemListElement\":[{\"@type\":\"ListItem\",\"position\":1,\"name\":\"Inicio\",\"item\":\"https:\/\/www.productospolisalud.com.mx\/productos-politecnicos\/\"},{\"@type\":\"ListItem\",\"position\":2,\"name\":\"Tienda\",\"item\":\"https:\/\/www.productospolisalud.com.mx\/productos-politecnicos\/tienda\/\"},{\"@type\":\"ListItem\",\"position\":3,\"name\":\"Duerme Bien\"}]},{\"@type\":\"WebSite\",\"@id\":\"https:\/\/www.productospolisalud.com.mx\/productos-politecnicos\/#website\",\"url\":\"https:\/\/www.productospolisalud.com.mx\/productos-politecnicos\/\",\"name\":\"Polisalud es la tienda de origen Polit\u00e9cnico\",\"description\":\"Polisalud son productos desarrollados por Polit\u00e9cnicos\",\"potentialAction\":[{\"@type\":\"SearchAction\",\"target\":{\"@type\":\"EntryPoint\",\"urlTemplate\":\"https:\/\/www.productospolisalud.com.mx\/productos-politecnicos\/?s={search_term_string}\"},\"query-input\":\"required name=search_term_string\"}],\"inLanguage\":\"es-MX\"}]}<\/script>\n<!-- \/ Yoast SEO plugin. -->","yoast_head_json":{"title":"Duerme bien con Tript\u00f3fano, Magnesio, Selenio, Zinc y Probi\u00f3ticos","description":"Ahora s\u00ed duerme bien gracias a los beneficios que aportan elementos esenciales para el organismo como Tript\u00f3fano, Magnesio, Selenio, Zinc y Pre-Probi\u00f3ticos.","robots":{"index":"index","follow":"follow","max-snippet":"max-snippet:-1","max-image-preview":"max-image-preview:large","max-video-preview":"max-video-preview:-1"},"canonical":"https:\/\/www.productospolisalud.com.mx\/productos-politecnicos\/producto\/duerme-bien\/","og_locale":"es_MX","og_type":"article","og_title":"Duerme bien con Tript\u00f3fano, Magnesio, Selenio, Zinc y Probi\u00f3ticos","og_description":"Ahora s\u00ed duerme bien gracias a los beneficios que aportan elementos esenciales para el organismo como Tript\u00f3fano, Magnesio, Selenio, Zinc y Pre-Probi\u00f3ticos.","og_url":"https:\/\/www.productospolisalud.com.mx\/productos-politecnicos\/producto\/duerme-bien\/","og_site_name":"Polisalud es la tienda de origen Polit\u00e9cnico","article_modified_time":"2025-11-27T06:54:31+00:00","og_image":[{"width":600,"height":400,"url":"https:\/\/www.productospolisalud.com.mx\/productos-politecnicos\/wp-content\/uploads\/2020\/09\/Duerme-bien.jpg","type":"image\/jpeg"}],"twitter_card":"summary_large_image","twitter_misc":{"Tiempo de lectura":"1 minuto"},"schema":{"@context":"https:\/\/schema.org","@graph":[{"@type":"WebPage","@id":"https:\/\/www.productospolisalud.com.mx\/productos-politecnicos\/producto\/duerme-bien\/","url":"https:\/\/www.productospolisalud.com.mx\/productos-politecnicos\/producto\/duerme-bien\/","name":"Duerme bien con Tript\u00f3fano, Magnesio, Selenio, Zinc y Probi\u00f3ticos","isPartOf":{"@id":"https:\/\/www.productospolisalud.com.mx\/productos-politecnicos\/#website"},"datePublished":"2019-08-02T05:42:57+00:00","dateModified":"2025-11-27T06:54:31+00:00","description":"Ahora s\u00ed duerme bien gracias a los beneficios que aportan elementos esenciales para el organismo como Tript\u00f3fano, Magnesio, Selenio, Zinc y Pre-Probi\u00f3ticos.","breadcrumb":{"@id":"https:\/\/www.productospolisalud.com.mx\/productos-politecnicos\/producto\/duerme-bien\/#breadcrumb"},"inLanguage":"es-MX","potentialAction":[{"@type":"ReadAction","target":["https:\/\/www.productospolisalud.com.mx\/productos-politecnicos\/producto\/duerme-bien\/"]}]},{"@type":"BreadcrumbList","@id":"https:\/\/www.productospolisalud.com.mx\/productos-politecnicos\/producto\/duerme-bien\/#breadcrumb","itemListElement":[{"@type":"ListItem","position":1,"name":"Inicio","item":"https:\/\/www.productospolisalud.com.mx\/productos-politecnicos\/"},{"@type":"ListItem","position":2,"name":"Tienda","item":"https:\/\/www.productospolisalud.com.mx\/productos-politecnicos\/tienda\/"},{"@type":"ListItem","position":3,"name":"Duerme Bien"}]},{"@type":"WebSite","@id":"https:\/\/www.productospolisalud.com.mx\/productos-politecnicos\/#website","url":"https:\/\/www.productospolisalud.com.mx\/productos-politecnicos\/","name":"Polisalud es la tienda de origen Polit\u00e9cnico","description":"Polisalud son productos desarrollados por Polit\u00e9cnicos","potentialAction":[{"@type":"SearchAction","target":{"@type":"EntryPoint","urlTemplate":"https:\/\/www.productospolisalud.com.mx\/productos-politecnicos\/?s={search_term_string}"},"query-input":"required name=search_term_string"}],"inLanguage":"es-MX"}]}},"_links":{"self":[{"href":"https:\/\/www.productospolisalud.com.mx\/productos-politecnicos\/wp-json\/wp\/v2\/product\/772"}],"collection":[{"href":"https:\/\/www.productospolisalud.com.mx\/productos-politecnicos\/wp-json\/wp\/v2\/product"}],"about":[{"href":"https:\/\/www.productospolisalud.com.mx\/productos-politecnicos\/wp-json\/wp\/v2\/types\/product"}],"replies":[{"embeddable":true,"href":"https:\/\/www.productospolisalud.com.mx\/productos-politecnicos\/wp-json\/wp\/v2\/comments?post=772"}],"wp:featuredmedia":[{"embeddable":true,"href":"https:\/\/www.productospolisalud.com.mx\/productos-politecnicos\/wp-json\/wp\/v2\/media\/1294"}],"wp:attachment":[{"href":"https:\/\/www.productospolisalud.com.mx\/productos-politecnicos\/wp-json\/wp\/v2\/media?parent=772"}],"wp:term":[{"taxonomy":"product_cat","embeddable":true,"href":"https:\/\/www.productospolisalud.com.mx\/productos-politecnicos\/wp-json\/wp\/v2\/product_cat?post=772"},{"taxonomy":"product_tag","embeddable":true,"href":"https:\/\/www.productospolisalud.com.mx\/productos-politecnicos\/wp-json\/wp\/v2\/product_tag?post=772"}],"curies":[{"name":"wp","href":"https:\/\/api.w.org\/{rel}","templated":true}]}}