{"id":89,"date":"2017-07-25T01:48:15","date_gmt":"2017-07-25T07:48:15","guid":{"rendered":"http:\/\/www.prueba.mx\/polisalud_nuevo\/producto\/import-placeholder-for-88\/"},"modified":"2025-11-27T00:54:19","modified_gmt":"2025-11-27T06:54:19","slug":"promocion-factor-de-transferencia","status":"publish","type":"product","link":"https:\/\/www.productospolisalud.com.mx\/productos-politecnicos\/producto\/promocion-factor-de-transferencia\/","title":{"rendered":"Paquete 3 FAKTER"},"content":{"rendered":"<p>Suplemento alimenticio a base de carbohidratos, amino\u00e1cidos y p\u00e9ptidos.<\/p>\n<p>El Factor de Transferencia es unos de los desarrollos cient\u00edficos m\u00e1s destacados a nivel mundial y claro, es orgullosamente desarrollado por Polit\u00e9cnicos.<\/p>\n<p>Encuentra en <a href=\"https:\/\/www.productospolisalud.com.mx\/tienda-del-poli\/\">Polisalud<\/a> todos los productos de los Investigadores Polit\u00e9cnicos. Si no es Polisalud, no son los originales. \u00bfDeseas m\u00e1s informaci\u00f3n? Llama al 55 2622-9599.<\/p>\n<p>EL CONSUMO DE ESTE PRODUCTO ES RESPONSABILIDAD DE QUIEN LO RECOMIENDA Y DE QUIEN LO USA. ESTE PRODUCTO NO ES\u00a0UN\u00a0MEDICAMENTO.<\/p>\n","protected":false},"excerpt":{"rendered":"<h4><span style=\"color: #35e40c;\"><strong>Promoci\u00f3n:<\/strong><\/span>\u00a0<span style=\"color: #010101;\">3 ampolletas.<\/span><\/h4>\n<p>&nbsp;<\/p>\n","protected":false},"featured_media":1600,"comment_status":"open","ping_status":"closed","template":"","meta":[],"product_cat":[195,19],"product_tag":[270],"yoast_head":"<!-- This site is optimized with the Yoast SEO plugin v21.1 - https:\/\/yoast.com\/wordpress\/plugins\/seo\/ -->\n<title>Paquete 3 FAKTER - Polisalud es la tienda de origen Polit\u00e9cnico<\/title>\n<meta name=\"robots\" content=\"index, follow, max-snippet:-1, max-image-preview:large, max-video-preview:-1\" \/>\n<link rel=\"canonical\" href=\"https:\/\/www.productospolisalud.com.mx\/productos-politecnicos\/producto\/promocion-factor-de-transferencia\/\" \/>\n<meta property=\"og:locale\" content=\"es_MX\" \/>\n<meta property=\"og:type\" content=\"article\" \/>\n<meta property=\"og:title\" content=\"Paquete 3 FAKTER - Polisalud es la tienda de origen Polit\u00e9cnico\" \/>\n<meta property=\"og:description\" content=\"Promoci\u00f3n:\u00a03 ampolletas. &nbsp;\" \/>\n<meta property=\"og:url\" content=\"https:\/\/www.productospolisalud.com.mx\/productos-politecnicos\/producto\/promocion-factor-de-transferencia\/\" \/>\n<meta property=\"og:site_name\" content=\"Polisalud es la tienda de origen Polit\u00e9cnico\" \/>\n<meta property=\"article:modified_time\" content=\"2025-11-27T06:54:19+00:00\" \/>\n<meta property=\"og:image\" content=\"https:\/\/www.productospolisalud.com.mx\/productos-politecnicos\/wp-content\/uploads\/2017\/07\/Factor-de-Transferencia-3.jpg\" \/>\n\t<meta property=\"og:image:width\" content=\"450\" \/>\n\t<meta property=\"og:image:height\" content=\"450\" \/>\n\t<meta property=\"og:image:type\" content=\"image\/jpeg\" \/>\n<meta name=\"twitter:card\" content=\"summary_large_image\" \/>\n<meta name=\"twitter:label1\" content=\"Tiempo de lectura\" \/>\n\t<meta name=\"twitter:data1\" content=\"1 minuto\" \/>\n<script type=\"application\/ld+json\" class=\"yoast-schema-graph\">{\"@context\":\"https:\/\/schema.org\",\"@graph\":[{\"@type\":\"WebPage\",\"@id\":\"https:\/\/www.productospolisalud.com.mx\/productos-politecnicos\/producto\/promocion-factor-de-transferencia\/\",\"url\":\"https:\/\/www.productospolisalud.com.mx\/productos-politecnicos\/producto\/promocion-factor-de-transferencia\/\",\"name\":\"Paquete 3 FAKTER - Polisalud es la tienda de origen Polit\u00e9cnico\",\"isPartOf\":{\"@id\":\"https:\/\/www.productospolisalud.com.mx\/productos-politecnicos\/#website\"},\"datePublished\":\"2017-07-25T07:48:15+00:00\",\"dateModified\":\"2025-11-27T06:54:19+00:00\",\"breadcrumb\":{\"@id\":\"https:\/\/www.productospolisalud.com.mx\/productos-politecnicos\/producto\/promocion-factor-de-transferencia\/#breadcrumb\"},\"inLanguage\":\"es-MX\",\"potentialAction\":[{\"@type\":\"ReadAction\",\"target\":[\"https:\/\/www.productospolisalud.com.mx\/productos-politecnicos\/producto\/promocion-factor-de-transferencia\/\"]}]},{\"@type\":\"BreadcrumbList\",\"@id\":\"https:\/\/www.productospolisalud.com.mx\/productos-politecnicos\/producto\/promocion-factor-de-transferencia\/#breadcrumb\",\"itemListElement\":[{\"@type\":\"ListItem\",\"position\":1,\"name\":\"Inicio\",\"item\":\"https:\/\/www.productospolisalud.com.mx\/productos-politecnicos\/\"},{\"@type\":\"ListItem\",\"position\":2,\"name\":\"Tienda\",\"item\":\"https:\/\/www.productospolisalud.com.mx\/productos-politecnicos\/tienda\/\"},{\"@type\":\"ListItem\",\"position\":3,\"name\":\"Paquete 3 FAKTER\"}]},{\"@type\":\"WebSite\",\"@id\":\"https:\/\/www.productospolisalud.com.mx\/productos-politecnicos\/#website\",\"url\":\"https:\/\/www.productospolisalud.com.mx\/productos-politecnicos\/\",\"name\":\"Polisalud es la tienda de origen Polit\u00e9cnico\",\"description\":\"Polisalud son productos desarrollados por Polit\u00e9cnicos\",\"potentialAction\":[{\"@type\":\"SearchAction\",\"target\":{\"@type\":\"EntryPoint\",\"urlTemplate\":\"https:\/\/www.productospolisalud.com.mx\/productos-politecnicos\/?s={search_term_string}\"},\"query-input\":\"required name=search_term_string\"}],\"inLanguage\":\"es-MX\"}]}<\/script>\n<!-- \/ Yoast SEO plugin. -->","yoast_head_json":{"title":"Paquete 3 FAKTER - Polisalud es la tienda de origen Polit\u00e9cnico","robots":{"index":"index","follow":"follow","max-snippet":"max-snippet:-1","max-image-preview":"max-image-preview:large","max-video-preview":"max-video-preview:-1"},"canonical":"https:\/\/www.productospolisalud.com.mx\/productos-politecnicos\/producto\/promocion-factor-de-transferencia\/","og_locale":"es_MX","og_type":"article","og_title":"Paquete 3 FAKTER - Polisalud es la tienda de origen Polit\u00e9cnico","og_description":"Promoci\u00f3n:\u00a03 ampolletas. &nbsp;","og_url":"https:\/\/www.productospolisalud.com.mx\/productos-politecnicos\/producto\/promocion-factor-de-transferencia\/","og_site_name":"Polisalud es la tienda de origen Polit\u00e9cnico","article_modified_time":"2025-11-27T06:54:19+00:00","og_image":[{"width":450,"height":450,"url":"https:\/\/www.productospolisalud.com.mx\/productos-politecnicos\/wp-content\/uploads\/2017\/07\/Factor-de-Transferencia-3.jpg","type":"image\/jpeg"}],"twitter_card":"summary_large_image","twitter_misc":{"Tiempo de lectura":"1 minuto"},"schema":{"@context":"https:\/\/schema.org","@graph":[{"@type":"WebPage","@id":"https:\/\/www.productospolisalud.com.mx\/productos-politecnicos\/producto\/promocion-factor-de-transferencia\/","url":"https:\/\/www.productospolisalud.com.mx\/productos-politecnicos\/producto\/promocion-factor-de-transferencia\/","name":"Paquete 3 FAKTER - Polisalud es la tienda de origen Polit\u00e9cnico","isPartOf":{"@id":"https:\/\/www.productospolisalud.com.mx\/productos-politecnicos\/#website"},"datePublished":"2017-07-25T07:48:15+00:00","dateModified":"2025-11-27T06:54:19+00:00","breadcrumb":{"@id":"https:\/\/www.productospolisalud.com.mx\/productos-politecnicos\/producto\/promocion-factor-de-transferencia\/#breadcrumb"},"inLanguage":"es-MX","potentialAction":[{"@type":"ReadAction","target":["https:\/\/www.productospolisalud.com.mx\/productos-politecnicos\/producto\/promocion-factor-de-transferencia\/"]}]},{"@type":"BreadcrumbList","@id":"https:\/\/www.productospolisalud.com.mx\/productos-politecnicos\/producto\/promocion-factor-de-transferencia\/#breadcrumb","itemListElement":[{"@type":"ListItem","position":1,"name":"Inicio","item":"https:\/\/www.productospolisalud.com.mx\/productos-politecnicos\/"},{"@type":"ListItem","position":2,"name":"Tienda","item":"https:\/\/www.productospolisalud.com.mx\/productos-politecnicos\/tienda\/"},{"@type":"ListItem","position":3,"name":"Paquete 3 FAKTER"}]},{"@type":"WebSite","@id":"https:\/\/www.productospolisalud.com.mx\/productos-politecnicos\/#website","url":"https:\/\/www.productospolisalud.com.mx\/productos-politecnicos\/","name":"Polisalud es la tienda de origen Polit\u00e9cnico","description":"Polisalud son productos desarrollados por Polit\u00e9cnicos","potentialAction":[{"@type":"SearchAction","target":{"@type":"EntryPoint","urlTemplate":"https:\/\/www.productospolisalud.com.mx\/productos-politecnicos\/?s={search_term_string}"},"query-input":"required name=search_term_string"}],"inLanguage":"es-MX"}]}},"_links":{"self":[{"href":"https:\/\/www.productospolisalud.com.mx\/productos-politecnicos\/wp-json\/wp\/v2\/product\/89"}],"collection":[{"href":"https:\/\/www.productospolisalud.com.mx\/productos-politecnicos\/wp-json\/wp\/v2\/product"}],"about":[{"href":"https:\/\/www.productospolisalud.com.mx\/productos-politecnicos\/wp-json\/wp\/v2\/types\/product"}],"replies":[{"embeddable":true,"href":"https:\/\/www.productospolisalud.com.mx\/productos-politecnicos\/wp-json\/wp\/v2\/comments?post=89"}],"wp:featuredmedia":[{"embeddable":true,"href":"https:\/\/www.productospolisalud.com.mx\/productos-politecnicos\/wp-json\/wp\/v2\/media\/1600"}],"wp:attachment":[{"href":"https:\/\/www.productospolisalud.com.mx\/productos-politecnicos\/wp-json\/wp\/v2\/media?parent=89"}],"wp:term":[{"taxonomy":"product_cat","embeddable":true,"href":"https:\/\/www.productospolisalud.com.mx\/productos-politecnicos\/wp-json\/wp\/v2\/product_cat?post=89"},{"taxonomy":"product_tag","embeddable":true,"href":"https:\/\/www.productospolisalud.com.mx\/productos-politecnicos\/wp-json\/wp\/v2\/product_tag?post=89"}],"curies":[{"name":"wp","href":"https:\/\/api.w.org\/{rel}","templated":true}]}}