
{"id":901,"date":"2019-12-12T21:42:08","date_gmt":"2019-12-13T03:42:08","guid":{"rendered":"https:\/\/www.productospolisalud.com.mx\/tienda-del-poli\/?post_type=product&#038;p=901"},"modified":"2025-11-27T19:11:52","modified_gmt":"2025-11-28T01:11:52","slug":"paquete-zinc-dcp","status":"publish","type":"product","link":"https:\/\/www.productospolisalud.com.mx\/productos-politecnicos\/producto\/paquete-zinc-dcp\/","title":{"rendered":"Paquete ZINC DCP"},"content":{"rendered":"<p>El Zinc es un oligoelemento necesario para el ser humano. Algunos de sus beneficios son:<\/p>\n<p><strong>Es un mineral que participa en la regeneraci\u00f3n celular.\u00a0<\/strong>B\u00e1sico en postoperatorios, lesiones y en protocolos antienvejecimiento.<\/p>\n<p><strong>Contribuye en los tratamientos de osteoporosis,<\/strong>\u00a0ya que favorece la fijaci\u00f3n del calcio en los huesos.<\/p>\n<p><strong>Al garantizar un adecuado desarrollo y crecimiento de los huesos,<\/strong>\u00a0es importante garantizar el aporte en ni\u00f1os durante la etapa de crecimiento, junto con el calcio.<\/p>\n<p><strong>Mejora el sistema inmunol\u00f3gico.<\/strong>\u00a0Importante en \u00e9poca de gripe y resfriados junto con la vitamina C.<\/p>\n<p><strong>Interviene en la regulaci\u00f3n de la funci\u00f3n tiroidea,<\/strong>\u00a0manteniendo nuestro sistema metab\u00f3lico.<\/p>\n<p><strong>Regula la producci\u00f3n de hormona de crecimiento,<\/strong>\u00a0que en el adulto sirve para reparar tejidos y en el ni\u00f1o garantiza un adecuado crecimiento.<\/p>\n<p><strong>Ayuda a mantener la salud masculina,<\/strong>\u00a0aumentando la producci\u00f3n de espermatozoides y bajando la inflamaci\u00f3n de la pr\u00f3stata.<\/p>\n<p><strong>Mejora el descanso nocturno,<\/strong>\u00a0al mejorar la producci\u00f3n de melatonina (hormona del sue\u00f1o).<\/p>\n<p><strong>Regula la producci\u00f3n de neurotransmisores como la dopamina,\u00a0<\/strong>mejorando el estado de \u00e1nimo y las funciones cognitivas.<\/p>\n<p><strong>Mejora la sensibilidad de las c\u00e9lulas a la insulina,<\/strong>\u00a0favoreciendo la regulaci\u00f3n del az\u00facar en sangre.<\/p>\n<p>Encuentra en\u00a0<a href=\"https:\/\/www.productospolisalud.com.mx\/tienda-del-poli\/\">Polisalud<\/a>\u00a0todos los productos de los Investigadores\u00a0 Polit\u00e9cnicos. Si no es Polisalud, no son los originales. \u00bfDeseas m\u00e1s informaci\u00f3n? Llama al 55 2622-9599.<\/p>\n<p>EL CONSUMO DE ESTE PRODUCTO ES RESPONSABILIDAD DE QUIEN LO RECOMIENDA Y DE QUIEN LO USA. ESTE PRODUCTO NO ES\u00a0UN\u00a0MEDICAMENTO.<\/p>\n","protected":false},"excerpt":{"rendered":"<h4><span style=\"color: #35e40c\"><strong>Presentaci\u00f3n:<\/strong><\/span>\u00a0<span style=\"color: #010101\">3 Frascos de 60 pastillas c\/u.<\/span><\/h4>\n<p>&nbsp;<\/p>\n","protected":false},"featured_media":1597,"comment_status":"open","ping_status":"closed","template":"","meta":[],"product_cat":[18,195],"product_tag":[194],"yoast_head":"<!-- This site is optimized with the Yoast SEO plugin v21.1 - https:\/\/yoast.com\/wordpress\/plugins\/seo\/ -->\n<title>Paquete ZINC DCP - Polisalud es la tienda de origen Polit\u00e9cnico<\/title>\n<meta name=\"robots\" content=\"index, follow, max-snippet:-1, max-image-preview:large, max-video-preview:-1\" \/>\n<link rel=\"canonical\" href=\"https:\/\/www.productospolisalud.com.mx\/productos-politecnicos\/producto\/paquete-zinc-dcp\/\" \/>\n<meta property=\"og:locale\" content=\"es_MX\" \/>\n<meta property=\"og:type\" content=\"article\" \/>\n<meta property=\"og:title\" content=\"Paquete ZINC DCP - Polisalud es la tienda de origen Polit\u00e9cnico\" \/>\n<meta property=\"og:description\" content=\"Presentaci\u00f3n:\u00a03 Frascos de 60 pastillas c\/u. &nbsp;\" \/>\n<meta property=\"og:url\" content=\"https:\/\/www.productospolisalud.com.mx\/productos-politecnicos\/producto\/paquete-zinc-dcp\/\" \/>\n<meta property=\"og:site_name\" content=\"Polisalud es la tienda de origen Polit\u00e9cnico\" \/>\n<meta property=\"article:modified_time\" content=\"2025-11-28T01:11:52+00:00\" \/>\n<meta property=\"og:image\" content=\"https:\/\/www.productospolisalud.com.mx\/productos-politecnicos\/wp-content\/uploads\/2019\/12\/Zinc-de-3.jpg\" \/>\n\t<meta property=\"og:image:width\" content=\"450\" \/>\n\t<meta property=\"og:image:height\" content=\"450\" \/>\n\t<meta property=\"og:image:type\" content=\"image\/jpeg\" \/>\n<meta name=\"twitter:card\" content=\"summary_large_image\" \/>\n<meta name=\"twitter:label1\" content=\"Tiempo de lectura\" \/>\n\t<meta name=\"twitter:data1\" content=\"2 minutos\" \/>\n<script type=\"application\/ld+json\" class=\"yoast-schema-graph\">{\"@context\":\"https:\/\/schema.org\",\"@graph\":[{\"@type\":\"WebPage\",\"@id\":\"https:\/\/www.productospolisalud.com.mx\/productos-politecnicos\/producto\/paquete-zinc-dcp\/\",\"url\":\"https:\/\/www.productospolisalud.com.mx\/productos-politecnicos\/producto\/paquete-zinc-dcp\/\",\"name\":\"Paquete ZINC DCP - Polisalud es la tienda de origen Polit\u00e9cnico\",\"isPartOf\":{\"@id\":\"https:\/\/www.productospolisalud.com.mx\/productos-politecnicos\/#website\"},\"datePublished\":\"2019-12-13T03:42:08+00:00\",\"dateModified\":\"2025-11-28T01:11:52+00:00\",\"breadcrumb\":{\"@id\":\"https:\/\/www.productospolisalud.com.mx\/productos-politecnicos\/producto\/paquete-zinc-dcp\/#breadcrumb\"},\"inLanguage\":\"es-MX\",\"potentialAction\":[{\"@type\":\"ReadAction\",\"target\":[\"https:\/\/www.productospolisalud.com.mx\/productos-politecnicos\/producto\/paquete-zinc-dcp\/\"]}]},{\"@type\":\"BreadcrumbList\",\"@id\":\"https:\/\/www.productospolisalud.com.mx\/productos-politecnicos\/producto\/paquete-zinc-dcp\/#breadcrumb\",\"itemListElement\":[{\"@type\":\"ListItem\",\"position\":1,\"name\":\"Inicio\",\"item\":\"https:\/\/www.productospolisalud.com.mx\/productos-politecnicos\/\"},{\"@type\":\"ListItem\",\"position\":2,\"name\":\"Tienda\",\"item\":\"https:\/\/www.productospolisalud.com.mx\/productos-politecnicos\/tienda\/\"},{\"@type\":\"ListItem\",\"position\":3,\"name\":\"Paquete ZINC DCP\"}]},{\"@type\":\"WebSite\",\"@id\":\"https:\/\/www.productospolisalud.com.mx\/productos-politecnicos\/#website\",\"url\":\"https:\/\/www.productospolisalud.com.mx\/productos-politecnicos\/\",\"name\":\"Polisalud es la tienda de origen Polit\u00e9cnico\",\"description\":\"Polisalud son productos desarrollados por Polit\u00e9cnicos\",\"potentialAction\":[{\"@type\":\"SearchAction\",\"target\":{\"@type\":\"EntryPoint\",\"urlTemplate\":\"https:\/\/www.productospolisalud.com.mx\/productos-politecnicos\/?s={search_term_string}\"},\"query-input\":\"required name=search_term_string\"}],\"inLanguage\":\"es-MX\"}]}<\/script>\n<!-- \/ Yoast SEO plugin. -->","yoast_head_json":{"title":"Paquete ZINC DCP - Polisalud es la tienda de origen Polit\u00e9cnico","robots":{"index":"index","follow":"follow","max-snippet":"max-snippet:-1","max-image-preview":"max-image-preview:large","max-video-preview":"max-video-preview:-1"},"canonical":"https:\/\/www.productospolisalud.com.mx\/productos-politecnicos\/producto\/paquete-zinc-dcp\/","og_locale":"es_MX","og_type":"article","og_title":"Paquete ZINC DCP - Polisalud es la tienda de origen Polit\u00e9cnico","og_description":"Presentaci\u00f3n:\u00a03 Frascos de 60 pastillas c\/u. &nbsp;","og_url":"https:\/\/www.productospolisalud.com.mx\/productos-politecnicos\/producto\/paquete-zinc-dcp\/","og_site_name":"Polisalud es la tienda de origen Polit\u00e9cnico","article_modified_time":"2025-11-28T01:11:52+00:00","og_image":[{"width":450,"height":450,"url":"https:\/\/www.productospolisalud.com.mx\/productos-politecnicos\/wp-content\/uploads\/2019\/12\/Zinc-de-3.jpg","type":"image\/jpeg"}],"twitter_card":"summary_large_image","twitter_misc":{"Tiempo de lectura":"2 minutos"},"schema":{"@context":"https:\/\/schema.org","@graph":[{"@type":"WebPage","@id":"https:\/\/www.productospolisalud.com.mx\/productos-politecnicos\/producto\/paquete-zinc-dcp\/","url":"https:\/\/www.productospolisalud.com.mx\/productos-politecnicos\/producto\/paquete-zinc-dcp\/","name":"Paquete ZINC DCP - Polisalud es la tienda de origen Polit\u00e9cnico","isPartOf":{"@id":"https:\/\/www.productospolisalud.com.mx\/productos-politecnicos\/#website"},"datePublished":"2019-12-13T03:42:08+00:00","dateModified":"2025-11-28T01:11:52+00:00","breadcrumb":{"@id":"https:\/\/www.productospolisalud.com.mx\/productos-politecnicos\/producto\/paquete-zinc-dcp\/#breadcrumb"},"inLanguage":"es-MX","potentialAction":[{"@type":"ReadAction","target":["https:\/\/www.productospolisalud.com.mx\/productos-politecnicos\/producto\/paquete-zinc-dcp\/"]}]},{"@type":"BreadcrumbList","@id":"https:\/\/www.productospolisalud.com.mx\/productos-politecnicos\/producto\/paquete-zinc-dcp\/#breadcrumb","itemListElement":[{"@type":"ListItem","position":1,"name":"Inicio","item":"https:\/\/www.productospolisalud.com.mx\/productos-politecnicos\/"},{"@type":"ListItem","position":2,"name":"Tienda","item":"https:\/\/www.productospolisalud.com.mx\/productos-politecnicos\/tienda\/"},{"@type":"ListItem","position":3,"name":"Paquete ZINC DCP"}]},{"@type":"WebSite","@id":"https:\/\/www.productospolisalud.com.mx\/productos-politecnicos\/#website","url":"https:\/\/www.productospolisalud.com.mx\/productos-politecnicos\/","name":"Polisalud es la tienda de origen Polit\u00e9cnico","description":"Polisalud son productos desarrollados por Polit\u00e9cnicos","potentialAction":[{"@type":"SearchAction","target":{"@type":"EntryPoint","urlTemplate":"https:\/\/www.productospolisalud.com.mx\/productos-politecnicos\/?s={search_term_string}"},"query-input":"required name=search_term_string"}],"inLanguage":"es-MX"}]}},"_links":{"self":[{"href":"https:\/\/www.productospolisalud.com.mx\/productos-politecnicos\/wp-json\/wp\/v2\/product\/901"}],"collection":[{"href":"https:\/\/www.productospolisalud.com.mx\/productos-politecnicos\/wp-json\/wp\/v2\/product"}],"about":[{"href":"https:\/\/www.productospolisalud.com.mx\/productos-politecnicos\/wp-json\/wp\/v2\/types\/product"}],"replies":[{"embeddable":true,"href":"https:\/\/www.productospolisalud.com.mx\/productos-politecnicos\/wp-json\/wp\/v2\/comments?post=901"}],"wp:featuredmedia":[{"embeddable":true,"href":"https:\/\/www.productospolisalud.com.mx\/productos-politecnicos\/wp-json\/wp\/v2\/media\/1597"}],"wp:attachment":[{"href":"https:\/\/www.productospolisalud.com.mx\/productos-politecnicos\/wp-json\/wp\/v2\/media?parent=901"}],"wp:term":[{"taxonomy":"product_cat","embeddable":true,"href":"https:\/\/www.productospolisalud.com.mx\/productos-politecnicos\/wp-json\/wp\/v2\/product_cat?post=901"},{"taxonomy":"product_tag","embeddable":true,"href":"https:\/\/www.productospolisalud.com.mx\/productos-politecnicos\/wp-json\/wp\/v2\/product_tag?post=901"}],"curies":[{"name":"wp","href":"https:\/\/api.w.org\/{rel}","templated":true}]}}