
{"id":973,"date":"2020-02-19T23:05:50","date_gmt":"2020-02-20T05:05:50","guid":{"rendered":"https:\/\/www.productospolisalud.com.mx\/tienda-del-poli\/?post_type=product&#038;p=973"},"modified":"2026-02-17T00:30:17","modified_gmt":"2026-02-17T06:30:17","slug":"promocion-germisol","status":"publish","type":"product","link":"https:\/\/www.productospolisalud.com.mx\/productos-politecnicos\/producto\/promocion-germisol\/","title":{"rendered":"Promoci\u00f3n Germisol"},"content":{"rendered":"<p>Promoci\u00f3n Germisol: 6 Frascos Gotero de 15 mililitros.<\/p>\n<p>Soluci\u00f3n antis\u00e9ptica, germicida y antimicrobiana de acci\u00f3n multifuncional.<\/p>\n<p>\u00bfDeseas mayor informaci\u00f3n? Llama al 552622-9599. Compra Aqu\u00ed todos los productos desarrollados por Investigadores Polit\u00e9cnicos y rec\u00edbelos hasta la puerta de tu domicilio \u00a1As\u00ed de f\u00e1cil!<\/p>\n","protected":false},"excerpt":{"rendered":"<h4><span style=\"color: #35e40c;\"><strong>Presentaci\u00f3n:<\/strong><\/span>\u00a0<span style=\"color: #010101;\">Frasco Gotero de 15 mililitros.<\/span><\/h4>\n<p><span style=\"color: #010101;\"><\/p>\n<ul>\n<li>Somos distribuidores oficiales de Idea Bioqu\u00edmica<\/li>\n<\/ul>\n","protected":false},"featured_media":1264,"comment_status":"open","ping_status":"closed","template":"","meta":[],"product_cat":[195,19],"product_tag":[264,265,214,215],"yoast_head":"<!-- This site is optimized with the Yoast SEO plugin v21.1 - https:\/\/yoast.com\/wordpress\/plugins\/seo\/ -->\n<title>Promoci\u00f3n Germisol | Tienda del IPN<\/title>\n<meta name=\"description\" content=\"Promoci\u00f3n Germisol. Soluci\u00f3n antis\u00e9ptica, germicida y antimicrobiana de acci\u00f3n multifuncional y amplio espectro \u00fatil para piel, boca y garganta.\" \/>\n<meta name=\"robots\" content=\"index, follow, max-snippet:-1, max-image-preview:large, max-video-preview:-1\" \/>\n<link rel=\"canonical\" href=\"https:\/\/www.productospolisalud.com.mx\/productos-politecnicos\/producto\/promocion-germisol\/\" \/>\n<meta property=\"og:locale\" content=\"es_MX\" \/>\n<meta property=\"og:type\" content=\"article\" \/>\n<meta property=\"og:title\" content=\"Promoci\u00f3n Germisol | Tienda del IPN\" \/>\n<meta property=\"og:description\" content=\"Promoci\u00f3n Germisol. Soluci\u00f3n antis\u00e9ptica, germicida y antimicrobiana de acci\u00f3n multifuncional y amplio espectro \u00fatil para piel, boca y garganta.\" \/>\n<meta property=\"og:url\" content=\"https:\/\/www.productospolisalud.com.mx\/productos-politecnicos\/producto\/promocion-germisol\/\" \/>\n<meta property=\"og:site_name\" content=\"Polisalud es la tienda de origen Polit\u00e9cnico\" \/>\n<meta property=\"article:modified_time\" content=\"2026-02-17T06:30:17+00:00\" \/>\n<meta property=\"og:image\" content=\"https:\/\/www.productospolisalud.com.mx\/productos-politecnicos\/wp-content\/uploads\/2020\/08\/Germisol-paquete.jpg\" \/>\n\t<meta property=\"og:image:width\" content=\"600\" \/>\n\t<meta property=\"og:image:height\" content=\"400\" \/>\n\t<meta property=\"og:image:type\" content=\"image\/jpeg\" \/>\n<meta name=\"twitter:card\" content=\"summary_large_image\" \/>\n<meta name=\"twitter:label1\" content=\"Tiempo de lectura\" \/>\n\t<meta name=\"twitter:data1\" content=\"1 minuto\" \/>\n<script type=\"application\/ld+json\" class=\"yoast-schema-graph\">{\"@context\":\"https:\/\/schema.org\",\"@graph\":[{\"@type\":\"WebPage\",\"@id\":\"https:\/\/www.productospolisalud.com.mx\/productos-politecnicos\/producto\/promocion-germisol\/\",\"url\":\"https:\/\/www.productospolisalud.com.mx\/productos-politecnicos\/producto\/promocion-germisol\/\",\"name\":\"Promoci\u00f3n Germisol | Tienda del IPN\",\"isPartOf\":{\"@id\":\"https:\/\/www.productospolisalud.com.mx\/productos-politecnicos\/#website\"},\"datePublished\":\"2020-02-20T05:05:50+00:00\",\"dateModified\":\"2026-02-17T06:30:17+00:00\",\"description\":\"Promoci\u00f3n Germisol. Soluci\u00f3n antis\u00e9ptica, germicida y antimicrobiana de acci\u00f3n multifuncional y amplio espectro \u00fatil para piel, boca y garganta.\",\"breadcrumb\":{\"@id\":\"https:\/\/www.productospolisalud.com.mx\/productos-politecnicos\/producto\/promocion-germisol\/#breadcrumb\"},\"inLanguage\":\"es-MX\",\"potentialAction\":[{\"@type\":\"ReadAction\",\"target\":[\"https:\/\/www.productospolisalud.com.mx\/productos-politecnicos\/producto\/promocion-germisol\/\"]}]},{\"@type\":\"BreadcrumbList\",\"@id\":\"https:\/\/www.productospolisalud.com.mx\/productos-politecnicos\/producto\/promocion-germisol\/#breadcrumb\",\"itemListElement\":[{\"@type\":\"ListItem\",\"position\":1,\"name\":\"Inicio\",\"item\":\"https:\/\/www.productospolisalud.com.mx\/productos-politecnicos\/\"},{\"@type\":\"ListItem\",\"position\":2,\"name\":\"Tienda\",\"item\":\"https:\/\/www.productospolisalud.com.mx\/productos-politecnicos\/tienda\/\"},{\"@type\":\"ListItem\",\"position\":3,\"name\":\"Promoci\u00f3n Germisol\"}]},{\"@type\":\"WebSite\",\"@id\":\"https:\/\/www.productospolisalud.com.mx\/productos-politecnicos\/#website\",\"url\":\"https:\/\/www.productospolisalud.com.mx\/productos-politecnicos\/\",\"name\":\"Polisalud es la tienda de origen Polit\u00e9cnico\",\"description\":\"Polisalud son productos desarrollados por Polit\u00e9cnicos\",\"potentialAction\":[{\"@type\":\"SearchAction\",\"target\":{\"@type\":\"EntryPoint\",\"urlTemplate\":\"https:\/\/www.productospolisalud.com.mx\/productos-politecnicos\/?s={search_term_string}\"},\"query-input\":\"required name=search_term_string\"}],\"inLanguage\":\"es-MX\"}]}<\/script>\n<!-- \/ Yoast SEO plugin. -->","yoast_head_json":{"title":"Promoci\u00f3n Germisol | Tienda del IPN","description":"Promoci\u00f3n Germisol. Soluci\u00f3n antis\u00e9ptica, germicida y antimicrobiana de acci\u00f3n multifuncional y amplio espectro \u00fatil para piel, boca y garganta.","robots":{"index":"index","follow":"follow","max-snippet":"max-snippet:-1","max-image-preview":"max-image-preview:large","max-video-preview":"max-video-preview:-1"},"canonical":"https:\/\/www.productospolisalud.com.mx\/productos-politecnicos\/producto\/promocion-germisol\/","og_locale":"es_MX","og_type":"article","og_title":"Promoci\u00f3n Germisol | Tienda del IPN","og_description":"Promoci\u00f3n Germisol. Soluci\u00f3n antis\u00e9ptica, germicida y antimicrobiana de acci\u00f3n multifuncional y amplio espectro \u00fatil para piel, boca y garganta.","og_url":"https:\/\/www.productospolisalud.com.mx\/productos-politecnicos\/producto\/promocion-germisol\/","og_site_name":"Polisalud es la tienda de origen Polit\u00e9cnico","article_modified_time":"2026-02-17T06:30:17+00:00","og_image":[{"width":600,"height":400,"url":"https:\/\/www.productospolisalud.com.mx\/productos-politecnicos\/wp-content\/uploads\/2020\/08\/Germisol-paquete.jpg","type":"image\/jpeg"}],"twitter_card":"summary_large_image","twitter_misc":{"Tiempo de lectura":"1 minuto"},"schema":{"@context":"https:\/\/schema.org","@graph":[{"@type":"WebPage","@id":"https:\/\/www.productospolisalud.com.mx\/productos-politecnicos\/producto\/promocion-germisol\/","url":"https:\/\/www.productospolisalud.com.mx\/productos-politecnicos\/producto\/promocion-germisol\/","name":"Promoci\u00f3n Germisol | Tienda del IPN","isPartOf":{"@id":"https:\/\/www.productospolisalud.com.mx\/productos-politecnicos\/#website"},"datePublished":"2020-02-20T05:05:50+00:00","dateModified":"2026-02-17T06:30:17+00:00","description":"Promoci\u00f3n Germisol. Soluci\u00f3n antis\u00e9ptica, germicida y antimicrobiana de acci\u00f3n multifuncional y amplio espectro \u00fatil para piel, boca y garganta.","breadcrumb":{"@id":"https:\/\/www.productospolisalud.com.mx\/productos-politecnicos\/producto\/promocion-germisol\/#breadcrumb"},"inLanguage":"es-MX","potentialAction":[{"@type":"ReadAction","target":["https:\/\/www.productospolisalud.com.mx\/productos-politecnicos\/producto\/promocion-germisol\/"]}]},{"@type":"BreadcrumbList","@id":"https:\/\/www.productospolisalud.com.mx\/productos-politecnicos\/producto\/promocion-germisol\/#breadcrumb","itemListElement":[{"@type":"ListItem","position":1,"name":"Inicio","item":"https:\/\/www.productospolisalud.com.mx\/productos-politecnicos\/"},{"@type":"ListItem","position":2,"name":"Tienda","item":"https:\/\/www.productospolisalud.com.mx\/productos-politecnicos\/tienda\/"},{"@type":"ListItem","position":3,"name":"Promoci\u00f3n Germisol"}]},{"@type":"WebSite","@id":"https:\/\/www.productospolisalud.com.mx\/productos-politecnicos\/#website","url":"https:\/\/www.productospolisalud.com.mx\/productos-politecnicos\/","name":"Polisalud es la tienda de origen Polit\u00e9cnico","description":"Polisalud son productos desarrollados por Polit\u00e9cnicos","potentialAction":[{"@type":"SearchAction","target":{"@type":"EntryPoint","urlTemplate":"https:\/\/www.productospolisalud.com.mx\/productos-politecnicos\/?s={search_term_string}"},"query-input":"required name=search_term_string"}],"inLanguage":"es-MX"}]}},"_links":{"self":[{"href":"https:\/\/www.productospolisalud.com.mx\/productos-politecnicos\/wp-json\/wp\/v2\/product\/973"}],"collection":[{"href":"https:\/\/www.productospolisalud.com.mx\/productos-politecnicos\/wp-json\/wp\/v2\/product"}],"about":[{"href":"https:\/\/www.productospolisalud.com.mx\/productos-politecnicos\/wp-json\/wp\/v2\/types\/product"}],"replies":[{"embeddable":true,"href":"https:\/\/www.productospolisalud.com.mx\/productos-politecnicos\/wp-json\/wp\/v2\/comments?post=973"}],"wp:featuredmedia":[{"embeddable":true,"href":"https:\/\/www.productospolisalud.com.mx\/productos-politecnicos\/wp-json\/wp\/v2\/media\/1264"}],"wp:attachment":[{"href":"https:\/\/www.productospolisalud.com.mx\/productos-politecnicos\/wp-json\/wp\/v2\/media?parent=973"}],"wp:term":[{"taxonomy":"product_cat","embeddable":true,"href":"https:\/\/www.productospolisalud.com.mx\/productos-politecnicos\/wp-json\/wp\/v2\/product_cat?post=973"},{"taxonomy":"product_tag","embeddable":true,"href":"https:\/\/www.productospolisalud.com.mx\/productos-politecnicos\/wp-json\/wp\/v2\/product_tag?post=973"}],"curies":[{"name":"wp","href":"https:\/\/api.w.org\/{rel}","templated":true}]}}