
{"id":99,"date":"2017-07-25T01:48:17","date_gmt":"2017-07-25T07:48:17","guid":{"rendered":"http:\/\/www.prueba.mx\/polisalud_nuevo\/producto\/import-placeholder-for-54\/"},"modified":"2025-11-27T00:54:21","modified_gmt":"2025-11-27T06:54:21","slug":"aceite-de-sabila-21-ml","status":"publish","type":"product","link":"https:\/\/www.productospolisalud.com.mx\/productos-politecnicos\/producto\/aceite-de-sabila-21-ml\/","title":{"rendered":"Aceite de S\u00e1bila 21 ml."},"content":{"rendered":"<p>Por sus cualidades hidratantes, el Aloe Vera es una sustancia estrella en productos cosm\u00e9ticos.<\/p>\n<p>Lo puedes utilizar para hidratar zonas con resequedad o irritaci\u00f3n por exposici\u00f3n al sol, entre otras afecciones de la piel.<\/p>\n<p>Disfruta de nuestra atenci\u00f3n personalizada marcando al <strong>552622-9599<\/strong>. Descubre qu\u00e9 f\u00e1cil es comprar en l\u00ednea. \u00a0Env\u00edos a todo el pa\u00eds.<\/p>\n<p><strong>\u00a0<\/strong><strong>Salud es belleza<\/strong><\/p>\n","protected":false},"excerpt":{"rendered":"<h4><span style=\"color: #35e40c\"><strong>Presentaci\u00f3n:<\/strong><\/span>\u00a0<span style=\"color: #010101\">Frasco gotero con 21mililitros.<\/span><\/h4>\n","protected":false},"featured_media":1197,"comment_status":"open","ping_status":"closed","template":"","meta":[],"product_cat":[17],"product_tag":[],"yoast_head":"<!-- This site is optimized with the Yoast SEO plugin v21.1 - https:\/\/yoast.com\/wordpress\/plugins\/seo\/ -->\n<title>El aceite de s\u00e1bila, ideal para hidratar y mejorar la piel | Tienda IPN<\/title>\n<meta name=\"description\" content=\"Por sus cualidades el aceite de sabila es una sustancia estrella en productos cosm\u00e9ticos. Puedes utilizarlo para hidratar zonas con resequedad y mucho m\u00e1s.\" \/>\n<meta name=\"robots\" content=\"index, follow, max-snippet:-1, max-image-preview:large, max-video-preview:-1\" \/>\n<link rel=\"canonical\" href=\"https:\/\/www.productospolisalud.com.mx\/productos-politecnicos\/producto\/aceite-de-sabila-21-ml\/\" \/>\n<meta property=\"og:locale\" content=\"es_MX\" \/>\n<meta property=\"og:type\" content=\"article\" \/>\n<meta property=\"og:title\" content=\"El aceite de s\u00e1bila, ideal para hidratar y mejorar la piel | Tienda IPN\" \/>\n<meta property=\"og:description\" content=\"Por sus cualidades el aceite de sabila es una sustancia estrella en productos cosm\u00e9ticos. Puedes utilizarlo para hidratar zonas con resequedad y mucho m\u00e1s.\" \/>\n<meta property=\"og:url\" content=\"https:\/\/www.productospolisalud.com.mx\/productos-politecnicos\/producto\/aceite-de-sabila-21-ml\/\" \/>\n<meta property=\"og:site_name\" content=\"Polisalud es la tienda de origen Polit\u00e9cnico\" \/>\n<meta property=\"article:modified_time\" content=\"2025-11-27T06:54:21+00:00\" \/>\n<meta property=\"og:image\" content=\"https:\/\/www.productospolisalud.com.mx\/productos-politecnicos\/wp-content\/uploads\/2017\/07\/Aceite-de-sabila-N-21ml.png\" \/>\n\t<meta property=\"og:image:width\" content=\"600\" \/>\n\t<meta property=\"og:image:height\" content=\"400\" \/>\n\t<meta property=\"og:image:type\" content=\"image\/png\" \/>\n<meta name=\"twitter:card\" content=\"summary_large_image\" \/>\n<meta name=\"twitter:label1\" content=\"Tiempo de lectura\" \/>\n\t<meta name=\"twitter:data1\" content=\"1 minuto\" \/>\n<script type=\"application\/ld+json\" class=\"yoast-schema-graph\">{\"@context\":\"https:\/\/schema.org\",\"@graph\":[{\"@type\":\"WebPage\",\"@id\":\"https:\/\/www.productospolisalud.com.mx\/productos-politecnicos\/producto\/aceite-de-sabila-21-ml\/\",\"url\":\"https:\/\/www.productospolisalud.com.mx\/productos-politecnicos\/producto\/aceite-de-sabila-21-ml\/\",\"name\":\"El aceite de s\u00e1bila, ideal para hidratar y mejorar la piel | Tienda IPN\",\"isPartOf\":{\"@id\":\"https:\/\/www.productospolisalud.com.mx\/productos-politecnicos\/#website\"},\"datePublished\":\"2017-07-25T07:48:17+00:00\",\"dateModified\":\"2025-11-27T06:54:21+00:00\",\"description\":\"Por sus cualidades el aceite de sabila es una sustancia estrella en productos cosm\u00e9ticos. Puedes utilizarlo para hidratar zonas con resequedad y mucho m\u00e1s.\",\"breadcrumb\":{\"@id\":\"https:\/\/www.productospolisalud.com.mx\/productos-politecnicos\/producto\/aceite-de-sabila-21-ml\/#breadcrumb\"},\"inLanguage\":\"es-MX\",\"potentialAction\":[{\"@type\":\"ReadAction\",\"target\":[\"https:\/\/www.productospolisalud.com.mx\/productos-politecnicos\/producto\/aceite-de-sabila-21-ml\/\"]}]},{\"@type\":\"BreadcrumbList\",\"@id\":\"https:\/\/www.productospolisalud.com.mx\/productos-politecnicos\/producto\/aceite-de-sabila-21-ml\/#breadcrumb\",\"itemListElement\":[{\"@type\":\"ListItem\",\"position\":1,\"name\":\"Inicio\",\"item\":\"https:\/\/www.productospolisalud.com.mx\/productos-politecnicos\/\"},{\"@type\":\"ListItem\",\"position\":2,\"name\":\"Tienda\",\"item\":\"https:\/\/www.productospolisalud.com.mx\/productos-politecnicos\/tienda\/\"},{\"@type\":\"ListItem\",\"position\":3,\"name\":\"Aceite de S\u00e1bila 21 ml.\"}]},{\"@type\":\"WebSite\",\"@id\":\"https:\/\/www.productospolisalud.com.mx\/productos-politecnicos\/#website\",\"url\":\"https:\/\/www.productospolisalud.com.mx\/productos-politecnicos\/\",\"name\":\"Polisalud es la tienda de origen Polit\u00e9cnico\",\"description\":\"Polisalud son productos desarrollados por Polit\u00e9cnicos\",\"potentialAction\":[{\"@type\":\"SearchAction\",\"target\":{\"@type\":\"EntryPoint\",\"urlTemplate\":\"https:\/\/www.productospolisalud.com.mx\/productos-politecnicos\/?s={search_term_string}\"},\"query-input\":\"required name=search_term_string\"}],\"inLanguage\":\"es-MX\"}]}<\/script>\n<!-- \/ Yoast SEO plugin. -->","yoast_head_json":{"title":"El aceite de s\u00e1bila, ideal para hidratar y mejorar la piel | Tienda IPN","description":"Por sus cualidades el aceite de sabila es una sustancia estrella en productos cosm\u00e9ticos. Puedes utilizarlo para hidratar zonas con resequedad y mucho m\u00e1s.","robots":{"index":"index","follow":"follow","max-snippet":"max-snippet:-1","max-image-preview":"max-image-preview:large","max-video-preview":"max-video-preview:-1"},"canonical":"https:\/\/www.productospolisalud.com.mx\/productos-politecnicos\/producto\/aceite-de-sabila-21-ml\/","og_locale":"es_MX","og_type":"article","og_title":"El aceite de s\u00e1bila, ideal para hidratar y mejorar la piel | Tienda IPN","og_description":"Por sus cualidades el aceite de sabila es una sustancia estrella en productos cosm\u00e9ticos. Puedes utilizarlo para hidratar zonas con resequedad y mucho m\u00e1s.","og_url":"https:\/\/www.productospolisalud.com.mx\/productos-politecnicos\/producto\/aceite-de-sabila-21-ml\/","og_site_name":"Polisalud es la tienda de origen Polit\u00e9cnico","article_modified_time":"2025-11-27T06:54:21+00:00","og_image":[{"width":600,"height":400,"url":"https:\/\/www.productospolisalud.com.mx\/productos-politecnicos\/wp-content\/uploads\/2017\/07\/Aceite-de-sabila-N-21ml.png","type":"image\/png"}],"twitter_card":"summary_large_image","twitter_misc":{"Tiempo de lectura":"1 minuto"},"schema":{"@context":"https:\/\/schema.org","@graph":[{"@type":"WebPage","@id":"https:\/\/www.productospolisalud.com.mx\/productos-politecnicos\/producto\/aceite-de-sabila-21-ml\/","url":"https:\/\/www.productospolisalud.com.mx\/productos-politecnicos\/producto\/aceite-de-sabila-21-ml\/","name":"El aceite de s\u00e1bila, ideal para hidratar y mejorar la piel | Tienda IPN","isPartOf":{"@id":"https:\/\/www.productospolisalud.com.mx\/productos-politecnicos\/#website"},"datePublished":"2017-07-25T07:48:17+00:00","dateModified":"2025-11-27T06:54:21+00:00","description":"Por sus cualidades el aceite de sabila es una sustancia estrella en productos cosm\u00e9ticos. Puedes utilizarlo para hidratar zonas con resequedad y mucho m\u00e1s.","breadcrumb":{"@id":"https:\/\/www.productospolisalud.com.mx\/productos-politecnicos\/producto\/aceite-de-sabila-21-ml\/#breadcrumb"},"inLanguage":"es-MX","potentialAction":[{"@type":"ReadAction","target":["https:\/\/www.productospolisalud.com.mx\/productos-politecnicos\/producto\/aceite-de-sabila-21-ml\/"]}]},{"@type":"BreadcrumbList","@id":"https:\/\/www.productospolisalud.com.mx\/productos-politecnicos\/producto\/aceite-de-sabila-21-ml\/#breadcrumb","itemListElement":[{"@type":"ListItem","position":1,"name":"Inicio","item":"https:\/\/www.productospolisalud.com.mx\/productos-politecnicos\/"},{"@type":"ListItem","position":2,"name":"Tienda","item":"https:\/\/www.productospolisalud.com.mx\/productos-politecnicos\/tienda\/"},{"@type":"ListItem","position":3,"name":"Aceite de S\u00e1bila 21 ml."}]},{"@type":"WebSite","@id":"https:\/\/www.productospolisalud.com.mx\/productos-politecnicos\/#website","url":"https:\/\/www.productospolisalud.com.mx\/productos-politecnicos\/","name":"Polisalud es la tienda de origen Polit\u00e9cnico","description":"Polisalud son productos desarrollados por Polit\u00e9cnicos","potentialAction":[{"@type":"SearchAction","target":{"@type":"EntryPoint","urlTemplate":"https:\/\/www.productospolisalud.com.mx\/productos-politecnicos\/?s={search_term_string}"},"query-input":"required name=search_term_string"}],"inLanguage":"es-MX"}]}},"_links":{"self":[{"href":"https:\/\/www.productospolisalud.com.mx\/productos-politecnicos\/wp-json\/wp\/v2\/product\/99"}],"collection":[{"href":"https:\/\/www.productospolisalud.com.mx\/productos-politecnicos\/wp-json\/wp\/v2\/product"}],"about":[{"href":"https:\/\/www.productospolisalud.com.mx\/productos-politecnicos\/wp-json\/wp\/v2\/types\/product"}],"replies":[{"embeddable":true,"href":"https:\/\/www.productospolisalud.com.mx\/productos-politecnicos\/wp-json\/wp\/v2\/comments?post=99"}],"wp:featuredmedia":[{"embeddable":true,"href":"https:\/\/www.productospolisalud.com.mx\/productos-politecnicos\/wp-json\/wp\/v2\/media\/1197"}],"wp:attachment":[{"href":"https:\/\/www.productospolisalud.com.mx\/productos-politecnicos\/wp-json\/wp\/v2\/media?parent=99"}],"wp:term":[{"taxonomy":"product_cat","embeddable":true,"href":"https:\/\/www.productospolisalud.com.mx\/productos-politecnicos\/wp-json\/wp\/v2\/product_cat?post=99"},{"taxonomy":"product_tag","embeddable":true,"href":"https:\/\/www.productospolisalud.com.mx\/productos-politecnicos\/wp-json\/wp\/v2\/product_tag?post=99"}],"curies":[{"name":"wp","href":"https:\/\/api.w.org\/{rel}","templated":true}]}}